{"id":493,"date":"2022-04-07T08:19:41","date_gmt":"2022-04-07T08:19:41","guid":{"rendered":"https:\/\/pustyzleb.cz\/?page_id=493"},"modified":"2026-02-04T09:55:53","modified_gmt":"2026-02-04T09:55:53","slug":"vyrocni-zpravy","status":"publish","type":"page","link":"https:\/\/pustyzleb.cz\/?page_id=493","title":{"rendered":"V\u00fdro\u010dn\u00ed zpr\u00e1vy"},"content":{"rendered":"\n<div class=\"wp-block-columns is-layout-flex wp-container-core-columns-is-layout-9d6595d7 wp-block-columns-is-layout-flex\">\n<div class=\"wp-block-column is-layout-flow wp-block-column-is-layout-flow\"><\/div>\n\n\n\n<div class=\"wp-block-column is-layout-flow wp-block-column-is-layout-flow\"><\/div>\n\n\n\n<div class=\"wp-block-column is-layout-flow wp-block-column-is-layout-flow\">\n<figure class=\"wp-block-image size-full\"><a href=\"https:\/\/pustyzleb.cz\/wp-content\/uploads\/2026\/02\/VZ_625_2025.pdf\"><img loading=\"lazy\" decoding=\"async\" width=\"607\" height=\"856\" src=\"https:\/\/pustyzleb.cz\/wp-content\/uploads\/2026\/02\/Snimek-obrazovky-2026-02-04-v-10.52.20.png\" alt=\"\" class=\"wp-image-2274\" srcset=\"https:\/\/pustyzleb.cz\/wp-content\/uploads\/2026\/02\/Snimek-obrazovky-2026-02-04-v-10.52.20.png 607w, https:\/\/pustyzleb.cz\/wp-content\/uploads\/2026\/02\/Snimek-obrazovky-2026-02-04-v-10.52.20-213x300.png 213w\" sizes=\"auto, (max-width: 607px) 100vw, 607px\" \/><\/a><figcaption class=\"wp-element-caption\"><a href=\"https:\/\/pustyzleb.cz\/wp-content\/uploads\/2026\/02\/VZ_625_2025.pdf\">2025<\/a><\/figcaption><\/figure>\n<\/div>\n<\/div>\n\n\n\n<hr class=\"wp-block-separator has-alpha-channel-opacity is-style-wide\"\/>\n\n\n\n<div class=\"wp-block-columns is-layout-flex wp-container-core-columns-is-layout-9d6595d7 wp-block-columns-is-layout-flex\">\n<div class=\"wp-block-column is-layout-flow wp-block-column-is-layout-flow\">\n<figure class=\"wp-block-image size-large\"><a href=\"https:\/\/pustyzleb.cz\/wp-content\/uploads\/2025\/11\/625_Vyrocni_zprava_2024_small.pdf\"><img loading=\"lazy\" decoding=\"async\" width=\"720\" height=\"1024\" src=\"https:\/\/pustyzleb.cz\/wp-content\/uploads\/2025\/11\/VZ_PZS2024-720x1024.jpg\" alt=\"\" class=\"wp-image-2266\" srcset=\"https:\/\/pustyzleb.cz\/wp-content\/uploads\/2025\/11\/VZ_PZS2024-720x1024.jpg 720w, https:\/\/pustyzleb.cz\/wp-content\/uploads\/2025\/11\/VZ_PZS2024-211x300.jpg 211w, https:\/\/pustyzleb.cz\/wp-content\/uploads\/2025\/11\/VZ_PZS2024-768x1093.jpg 768w, https:\/\/pustyzleb.cz\/wp-content\/uploads\/2025\/11\/VZ_PZS2024.jpg 904w\" sizes=\"auto, (max-width: 720px) 100vw, 720px\" \/><\/a><figcaption class=\"wp-element-caption\"><a href=\"https:\/\/pustyzleb.cz\/wp-content\/uploads\/2025\/11\/625_Vyrocni_zprava_2024_small.pdf\">2024<\/a><\/figcaption><\/figure>\n<\/div>\n\n\n\n<div class=\"wp-block-column is-layout-flow wp-block-column-is-layout-flow\">\n<figure class=\"wp-block-image size-full\"><a href=\"https:\/\/pustyzleb.cz\/wp-content\/uploads\/2024\/01\/VZ_625_2023.pdf\"><img loading=\"lazy\" decoding=\"async\" width=\"517\" height=\"732\" src=\"https:\/\/pustyzleb.cz\/wp-content\/uploads\/2024\/01\/VZ_2023.png\" alt=\"\" class=\"wp-image-2012\" srcset=\"https:\/\/pustyzleb.cz\/wp-content\/uploads\/2024\/01\/VZ_2023.png 517w, https:\/\/pustyzleb.cz\/wp-content\/uploads\/2024\/01\/VZ_2023-212x300.png 212w\" sizes=\"auto, (max-width: 517px) 100vw, 517px\" \/><\/a><figcaption class=\"wp-element-caption\"><a href=\"https:\/\/pustyzleb.cz\/wp-content\/uploads\/2024\/01\/VZ_625_2023.pdf\">2023<\/a><\/figcaption><\/figure>\n<\/div>\n\n\n\n<div class=\"wp-block-column is-layout-flow wp-block-column-is-layout-flow\">\n<figure class=\"wp-block-image size-full\"><a href=\"https:\/\/pustyzleb.cz\/wp-content\/uploads\/2023\/02\/VZ_625_2022.pdf\" target=\"_blank\" rel=\"noreferrer noopener\"><img loading=\"lazy\" decoding=\"async\" width=\"606\" height=\"857\" src=\"https:\/\/pustyzleb.cz\/wp-content\/uploads\/2023\/02\/VZ2022.png\" alt=\"\" class=\"wp-image-1726\" srcset=\"https:\/\/pustyzleb.cz\/wp-content\/uploads\/2023\/02\/VZ2022.png 606w, https:\/\/pustyzleb.cz\/wp-content\/uploads\/2023\/02\/VZ2022-212x300.png 212w\" sizes=\"auto, (max-width: 606px) 100vw, 606px\" \/><\/a><figcaption class=\"wp-element-caption\"><a href=\"https:\/\/pustyzleb.cz\/wp-content\/uploads\/2023\/02\/VZ_625_2022.pdf\" target=\"_blank\" rel=\"noreferrer noopener\">2022<\/a><\/figcaption><\/figure>\n<\/div>\n<\/div>\n\n\n\n<hr class=\"wp-block-separator has-alpha-channel-opacity is-style-wide\"\/>\n\n\n\n<div class=\"wp-block-columns is-layout-flex wp-container-core-columns-is-layout-9d6595d7 wp-block-columns-is-layout-flex\">\n<div class=\"wp-block-column is-layout-flow wp-block-column-is-layout-flow\">\n<figure class=\"wp-block-image size-full\"><a href=\"https:\/\/pustyzleb.cz\/wp-content\/uploads\/2022\/04\/625_Vyrocni_zprava_2021.pdf\" target=\"_blank\" rel=\"noopener\"><img loading=\"lazy\" decoding=\"async\" width=\"212\" height=\"300\" src=\"https:\/\/pustyzleb.cz\/wp-content\/uploads\/2022\/04\/VZ_2021-1.png\" alt=\"\" class=\"wp-image-497\"\/><\/a><figcaption class=\"wp-element-caption\"><a href=\"https:\/\/pustyzleb.cz\/wp-content\/uploads\/2022\/04\/625_Vyrocni_zprava_2021.pdf\" target=\"_blank\" rel=\"noreferrer noopener\">2021<\/a><\/figcaption><\/figure>\n<\/div>\n\n\n\n<div class=\"wp-block-column is-layout-flow wp-block-column-is-layout-flow\">\n<figure class=\"wp-block-image size-full\"><a href=\"https:\/\/pustyzleb.cz\/wp-content\/uploads\/2022\/04\/625_Vyrocni_zprava_2020.pdf\" target=\"_blank\" rel=\"noopener\"><img loading=\"lazy\" decoding=\"async\" width=\"212\" height=\"300\" src=\"https:\/\/pustyzleb.cz\/wp-content\/uploads\/2022\/04\/VZ_2020.png\" alt=\"\" class=\"wp-image-498\"\/><\/a><figcaption class=\"wp-element-caption\"><a href=\"https:\/\/pustyzleb.cz\/wp-content\/uploads\/2022\/04\/625_Vyrocni_zprava_2020.pdf\" target=\"_blank\" rel=\"noreferrer noopener\">2020<\/a><\/figcaption><\/figure>\n<\/div>\n\n\n\n<div class=\"wp-block-column is-layout-flow wp-block-column-is-layout-flow\">\n<figure class=\"wp-block-image size-full\"><a href=\"https:\/\/pustyzleb.cz\/wp-content\/uploads\/2022\/04\/625_Vyrocni_zprava_2019.pdf\" target=\"_blank\" rel=\"noopener\"><img loading=\"lazy\" decoding=\"async\" width=\"212\" height=\"300\" src=\"https:\/\/pustyzleb.cz\/wp-content\/uploads\/2022\/04\/VZ_2019.png\" alt=\"\" class=\"wp-image-499\"\/><\/a><figcaption class=\"wp-element-caption\"><a href=\"https:\/\/pustyzleb.cz\/wp-content\/uploads\/2022\/04\/625_Vyrocni_zprava_2019.pdf\" target=\"_blank\" rel=\"noreferrer noopener\">2019<\/a><\/figcaption><\/figure>\n<\/div>\n<\/div>\n\n\n\n<hr class=\"wp-block-separator has-css-opacity is-style-wide\"\/>\n\n\n\n<div class=\"wp-block-columns is-layout-flex wp-container-core-columns-is-layout-9d6595d7 wp-block-columns-is-layout-flex\">\n<div class=\"wp-block-column is-layout-flow wp-block-column-is-layout-flow\">\n<figure class=\"wp-block-image size-full\"><a href=\"https:\/\/pustyzleb.cz\/wp-content\/uploads\/2022\/04\/625_Vyrocni_zprava_2018.pdf\" target=\"_blank\" rel=\"noopener\"><img loading=\"lazy\" decoding=\"async\" width=\"212\" height=\"300\" src=\"https:\/\/pustyzleb.cz\/wp-content\/uploads\/2022\/04\/VZ_2018.png\" alt=\"\" class=\"wp-image-502\"\/><\/a><figcaption class=\"wp-element-caption\"><a href=\"https:\/\/pustyzleb.cz\/wp-content\/uploads\/2022\/04\/625_Vyrocni_zprava_2018.pdf\">2018<\/a><\/figcaption><\/figure>\n<\/div>\n\n\n\n<div class=\"wp-block-column is-layout-flow wp-block-column-is-layout-flow\">\n<figure class=\"wp-block-image size-full\"><a href=\"https:\/\/pustyzleb.cz\/wp-content\/uploads\/2022\/04\/625_Vyrocni_zprava_2017.pdf\" target=\"_blank\" rel=\"noopener\"><img loading=\"lazy\" decoding=\"async\" width=\"212\" height=\"300\" src=\"https:\/\/pustyzleb.cz\/wp-content\/uploads\/2022\/04\/VZ_2017.png\" alt=\"\" class=\"wp-image-503\"\/><\/a><figcaption class=\"wp-element-caption\"><a href=\"https:\/\/pustyzleb.cz\/wp-content\/uploads\/2022\/04\/625_Vyrocni_zprava_2017.pdf\" target=\"_blank\" rel=\"noreferrer noopener\">2017<\/a><\/figcaption><\/figure>\n<\/div>\n\n\n\n<div class=\"wp-block-column is-layout-flow wp-block-column-is-layout-flow\">\n<figure class=\"wp-block-image size-full\"><a href=\"https:\/\/pustyzleb.cz\/wp-content\/uploads\/2022\/04\/625_Vyrocni_zprava_2016.pdf\" target=\"_blank\" rel=\"noopener\"><img loading=\"lazy\" decoding=\"async\" width=\"212\" height=\"300\" src=\"https:\/\/pustyzleb.cz\/wp-content\/uploads\/2022\/04\/VZ_2016.png\" alt=\"\" class=\"wp-image-504\"\/><\/a><figcaption class=\"wp-element-caption\"><a href=\"https:\/\/pustyzleb.cz\/wp-content\/uploads\/2022\/04\/625_Vyrocni_zprava_2016.pdf\" target=\"_blank\" rel=\"noreferrer noopener\">2016<\/a><\/figcaption><\/figure>\n<\/div>\n<\/div>\n\n\n\n<hr class=\"wp-block-separator has-css-opacity is-style-wide\"\/>\n\n\n\n<p><a href=\"https:\/\/pustyzleb.cz\/wp-admin\/edit.php?post_type=page\"><\/a><\/p>\n\n\n\n<div class=\"wp-block-columns is-layout-flex wp-container-core-columns-is-layout-9d6595d7 wp-block-columns-is-layout-flex\">\n<div class=\"wp-block-column is-layout-flow wp-block-column-is-layout-flow\">\n<figure class=\"wp-block-image size-full\"><img loading=\"lazy\" decoding=\"async\" width=\"210\" height=\"300\" src=\"https:\/\/pustyzleb.cz\/wp-content\/uploads\/2022\/04\/VZ_2015.png\" alt=\"\" class=\"wp-image-507\"\/><figcaption class=\"wp-element-caption\"><a href=\"https:\/\/pustyzleb.cz\/wp-content\/uploads\/2022\/05\/vy\u0301roc\u030cni\u0301-zpra\u0301va-2015.pdf\" target=\"_blank\" rel=\"noreferrer noopener\">2015<\/a><\/figcaption><\/figure>\n<\/div>\n\n\n\n<div class=\"wp-block-column is-layout-flow wp-block-column-is-layout-flow\">\n<figure class=\"wp-block-image size-full is-resized\"><a href=\"https:\/\/pustyzleb.cz\/wp-content\/uploads\/2022\/05\/VZ_625_Pusty_Zleb_2014.pdf\" target=\"_blank\" rel=\"noopener\"><img loading=\"lazy\" decoding=\"async\" width=\"212\" height=\"300\" src=\"https:\/\/pustyzleb.cz\/wp-content\/uploads\/2022\/04\/VZ_2014.png\" alt=\"\" class=\"wp-image-508\"\/><\/a><figcaption class=\"wp-element-caption\"><a href=\"https:\/\/pustyzleb.cz\/wp-content\/uploads\/2022\/05\/VZ_625_Pusty_Zleb_2014.pdf\" target=\"_blank\" rel=\"noreferrer noopener\">2014<\/a><\/figcaption><\/figure>\n<\/div>\n\n\n\n<div class=\"wp-block-column is-layout-flow wp-block-column-is-layout-flow\">\n<figure class=\"wp-block-image size-full\"><a href=\"https:\/\/pustyzleb.cz\/wp-content\/uploads\/2022\/05\/VZ_625_Pusty_Zleb_2013.pdf\" target=\"_blank\" rel=\"noopener\"><img loading=\"lazy\" decoding=\"async\" width=\"211\" height=\"300\" src=\"https:\/\/pustyzleb.cz\/wp-content\/uploads\/2022\/04\/VZ_2013.png\" alt=\"\" class=\"wp-image-509\"\/><\/a><figcaption class=\"wp-element-caption\"><a href=\"https:\/\/pustyzleb.cz\/wp-content\/uploads\/2022\/05\/VZ_625_Pusty_Zleb_2013.pdf\" target=\"_blank\" rel=\"noreferrer noopener\">2013<\/a><\/figcaption><\/figure>\n<\/div>\n<\/div>\n\n\n\n<hr class=\"wp-block-separator has-css-opacity is-style-wide\"\/>\n\n\n\n<div class=\"wp-block-columns is-layout-flex wp-container-core-columns-is-layout-9d6595d7 wp-block-columns-is-layout-flex\">\n<div class=\"wp-block-column is-layout-flow wp-block-column-is-layout-flow\">\n<figure class=\"wp-block-image size-full\"><a href=\"https:\/\/pustyzleb.cz\/wp-content\/uploads\/2022\/05\/VZ_625_Pusty_Zleb_2012.pdf\" target=\"_blank\" rel=\"noopener\"><img loading=\"lazy\" decoding=\"async\" width=\"211\" height=\"300\" src=\"https:\/\/pustyzleb.cz\/wp-content\/uploads\/2022\/04\/VZ_2012.png\" alt=\"\" class=\"wp-image-522\"\/><\/a><figcaption class=\"wp-element-caption\"><a href=\"https:\/\/pustyzleb.cz\/wp-content\/uploads\/2022\/05\/VZ_625_Pusty_Zleb_2012.pdf\" target=\"_blank\" rel=\"noreferrer noopener\">2012<\/a><\/figcaption><\/figure>\n<\/div>\n\n\n\n<div class=\"wp-block-column is-layout-flow wp-block-column-is-layout-flow\">\n<figure class=\"wp-block-image size-full\"><a href=\"https:\/\/pustyzleb.cz\/wp-content\/uploads\/2022\/05\/VZ_625_Pusty_Zleb_2011.pdf\" target=\"_blank\" rel=\"noopener\"><img loading=\"lazy\" decoding=\"async\" width=\"212\" height=\"300\" src=\"https:\/\/pustyzleb.cz\/wp-content\/uploads\/2022\/04\/VZ_2011.png\" alt=\"\" class=\"wp-image-523\"\/><\/a><figcaption class=\"wp-element-caption\"><a href=\"https:\/\/pustyzleb.cz\/wp-content\/uploads\/2022\/05\/VZ_625_Pusty_Zleb_2011.pdf\" target=\"_blank\" rel=\"noreferrer noopener\">2011<\/a><\/figcaption><\/figure>\n<\/div>\n\n\n\n<div class=\"wp-block-column is-layout-flow wp-block-column-is-layout-flow\">\n<figure class=\"wp-block-image size-full\"><a href=\"https:\/\/pustyzleb.cz\/wp-content\/uploads\/2022\/05\/VZ_625_Pusty_Zleb_2010.pdf\" target=\"_blank\" rel=\"noopener\"><img loading=\"lazy\" decoding=\"async\" width=\"452\" height=\"642\" src=\"https:\/\/pustyzleb.cz\/wp-content\/uploads\/2022\/05\/VZ_2010.png\" alt=\"\" class=\"wp-image-1349\" srcset=\"https:\/\/pustyzleb.cz\/wp-content\/uploads\/2022\/05\/VZ_2010.png 452w, https:\/\/pustyzleb.cz\/wp-content\/uploads\/2022\/05\/VZ_2010-211x300.png 211w\" sizes=\"auto, (max-width: 452px) 100vw, 452px\" \/><\/a><figcaption class=\"wp-element-caption\"><a href=\"https:\/\/pustyzleb.cz\/wp-content\/uploads\/2022\/05\/VZ_625_Pusty_Zleb_2010.pdf\" target=\"_blank\" rel=\"noreferrer noopener\">2010<\/a><\/figcaption><\/figure>\n<\/div>\n<\/div>\n\n\n\n<hr class=\"wp-block-separator has-css-opacity is-style-wide\"\/>\n\n\n\n<div class=\"wp-block-columns is-layout-flex wp-container-core-columns-is-layout-9d6595d7 wp-block-columns-is-layout-flex\">\n<div class=\"wp-block-column is-layout-flow wp-block-column-is-layout-flow\">\n<figure class=\"wp-block-image size-full\"><a href=\"https:\/\/pustyzleb.cz\/wp-content\/uploads\/2022\/05\/VZ_625_Pusty_Zleb_2009.pdf\" target=\"_blank\" rel=\"noopener\"><img loading=\"lazy\" decoding=\"async\" width=\"452\" height=\"642\" src=\"https:\/\/pustyzleb.cz\/wp-content\/uploads\/2022\/05\/VZ2009.png\" alt=\"\" class=\"wp-image-1369\" srcset=\"https:\/\/pustyzleb.cz\/wp-content\/uploads\/2022\/05\/VZ2009.png 452w, https:\/\/pustyzleb.cz\/wp-content\/uploads\/2022\/05\/VZ2009-211x300.png 211w\" sizes=\"auto, (max-width: 452px) 100vw, 452px\" \/><\/a><figcaption class=\"wp-element-caption\"><a href=\"https:\/\/pustyzleb.cz\/wp-content\/uploads\/2022\/05\/VZ_625_Pusty_Zleb_2009.pdf\" target=\"_blank\" rel=\"noreferrer noopener\">2009<\/a><\/figcaption><\/figure>\n<\/div>\n\n\n\n<div class=\"wp-block-column is-layout-flow wp-block-column-is-layout-flow\">\n<figure class=\"wp-block-image size-full\"><a href=\"https:\/\/pustyzleb.cz\/wp-content\/uploads\/2022\/05\/Vyrocni_zprava_2008.pdf\" target=\"_blank\" rel=\"noopener\"><img loading=\"lazy\" decoding=\"async\" width=\"453\" height=\"643\" src=\"https:\/\/pustyzleb.cz\/wp-content\/uploads\/2022\/05\/VZ2008.png\" alt=\"\" class=\"wp-image-1371\" srcset=\"https:\/\/pustyzleb.cz\/wp-content\/uploads\/2022\/05\/VZ2008.png 453w, https:\/\/pustyzleb.cz\/wp-content\/uploads\/2022\/05\/VZ2008-211x300.png 211w\" sizes=\"auto, (max-width: 453px) 100vw, 453px\" \/><\/a><figcaption class=\"wp-element-caption\"><a href=\"https:\/\/pustyzleb.cz\/wp-content\/uploads\/2022\/05\/Vyrocni_zprava_2008.pdf\" target=\"_blank\" rel=\"noreferrer noopener\">2008<\/a><\/figcaption><\/figure>\n<\/div>\n\n\n\n<div class=\"wp-block-column is-layout-flow wp-block-column-is-layout-flow\">\n<figure class=\"wp-block-image size-full\"><a href=\"https:\/\/pustyzleb.cz\/wp-content\/uploads\/2022\/05\/Vyrocni_zprava_2007.pdf\" target=\"_blank\" rel=\"noopener\"><img loading=\"lazy\" decoding=\"async\" width=\"452\" height=\"642\" src=\"https:\/\/pustyzleb.cz\/wp-content\/uploads\/2022\/05\/VZ2007.png\" alt=\"\" class=\"wp-image-1372\" srcset=\"https:\/\/pustyzleb.cz\/wp-content\/uploads\/2022\/05\/VZ2007.png 452w, https:\/\/pustyzleb.cz\/wp-content\/uploads\/2022\/05\/VZ2007-211x300.png 211w\" sizes=\"auto, (max-width: 452px) 100vw, 452px\" \/><\/a><figcaption class=\"wp-element-caption\"><a href=\"https:\/\/pustyzleb.cz\/wp-content\/uploads\/2022\/05\/Vyrocni_zprava_2007.pdf\" target=\"_blank\" rel=\"noreferrer noopener\">2007<\/a><\/figcaption><\/figure>\n<\/div>\n<\/div>\n\n\n\n<hr class=\"wp-block-separator has-css-opacity is-style-wide\"\/>\n\n\n\n<div class=\"wp-block-columns is-layout-flex wp-container-core-columns-is-layout-9d6595d7 wp-block-columns-is-layout-flex\">\n<div class=\"wp-block-column is-layout-flow wp-block-column-is-layout-flow\">\n<figure class=\"wp-block-image size-full\"><a href=\"https:\/\/pustyzleb.cz\/wp-content\/uploads\/2022\/05\/Vyrocni_zprava_2006.pdf\" target=\"_blank\" rel=\"noreferrer noopener\"><img loading=\"lazy\" decoding=\"async\" width=\"452\" height=\"643\" src=\"https:\/\/pustyzleb.cz\/wp-content\/uploads\/2022\/05\/VZ2006.png\" alt=\"\" class=\"wp-image-1374\" srcset=\"https:\/\/pustyzleb.cz\/wp-content\/uploads\/2022\/05\/VZ2006.png 452w, https:\/\/pustyzleb.cz\/wp-content\/uploads\/2022\/05\/VZ2006-211x300.png 211w\" sizes=\"auto, (max-width: 452px) 100vw, 452px\" \/><\/a><figcaption class=\"wp-element-caption\"><a href=\"https:\/\/pustyzleb.cz\/wp-content\/uploads\/2022\/05\/Vyrocni_zprava_2006.pdf\" target=\"_blank\" rel=\"noreferrer noopener\">2006<\/a><\/figcaption><\/figure>\n<\/div>\n\n\n\n<div class=\"wp-block-column is-layout-flow wp-block-column-is-layout-flow\">\n<figure class=\"wp-block-image size-full\"><a href=\"https:\/\/pustyzleb.cz\/wp-content\/uploads\/2022\/05\/Vyrocni_zprava_2005.pdf\" target=\"_blank\" rel=\"noreferrer noopener\"><img loading=\"lazy\" decoding=\"async\" width=\"453\" height=\"642\" src=\"https:\/\/pustyzleb.cz\/wp-content\/uploads\/2022\/05\/VZ2005.png\" alt=\"\" class=\"wp-image-1375\" srcset=\"https:\/\/pustyzleb.cz\/wp-content\/uploads\/2022\/05\/VZ2005.png 453w, https:\/\/pustyzleb.cz\/wp-content\/uploads\/2022\/05\/VZ2005-212x300.png 212w\" sizes=\"auto, (max-width: 453px) 100vw, 453px\" \/><\/a><figcaption class=\"wp-element-caption\"><a href=\"https:\/\/pustyzleb.cz\/wp-content\/uploads\/2022\/05\/Vyrocni_zprava_2005.pdf\" data-type=\"attachment\" data-id=\"1384\" target=\"_blank\" rel=\"noreferrer noopener\">2005<\/a><\/figcaption><\/figure>\n<\/div>\n\n\n\n<div class=\"wp-block-column is-layout-flow wp-block-column-is-layout-flow\"><\/div>\n<\/div>\n\n\n\n<p><\/p>\n","protected":false},"excerpt":{"rendered":"","protected":false},"author":1,"featured_media":0,"parent":54,"menu_order":0,"comment_status":"closed","ping_status":"closed","template":"","meta":{"footnotes":""},"class_list":["post-493","page","type-page","status-publish","hentry"],"yoast_head":"<!-- This site is optimized with the Yoast SEO plugin v19.10 - https:\/\/yoast.com\/wordpress\/plugins\/seo\/ -->\n<title>V\u00fdro\u010dn\u00ed zpr\u00e1vy - ZO \u010cSS 6-25 PUST\u00dd \u017dLEB<\/title>\n<meta name=\"robots\" content=\"index, follow, max-snippet:-1, max-image-preview:large, max-video-preview:-1\" \/>\n<link rel=\"canonical\" href=\"https:\/\/pustyzleb.cz\/?page_id=493\" \/>\n<meta property=\"og:locale\" content=\"cs_CZ\" \/>\n<meta property=\"og:type\" content=\"article\" \/>\n<meta property=\"og:title\" content=\"V\u00fdro\u010dn\u00ed zpr\u00e1vy - ZO \u010cSS 6-25 PUST\u00dd \u017dLEB\" \/>\n<meta property=\"og:url\" content=\"https:\/\/pustyzleb.cz\/?page_id=493\" \/>\n<meta property=\"og:site_name\" content=\"ZO \u010cSS 6-25 PUST\u00dd \u017dLEB\" \/>\n<meta property=\"article:publisher\" content=\"https:\/\/www.facebook.com\/pustyzleb\" \/>\n<meta property=\"article:modified_time\" content=\"2026-02-04T09:55:53+00:00\" \/>\n<meta property=\"og:image\" content=\"https:\/\/pustyzleb.cz\/wp-content\/uploads\/2026\/02\/Snimek-obrazovky-2026-02-04-v-10.52.20.png\" \/>\n<meta name=\"twitter:card\" content=\"summary_large_image\" \/>\n<meta name=\"twitter:label1\" content=\"Odhadovan\u00e1 doba \u010dten\u00ed\" \/>\n\t<meta name=\"twitter:data1\" content=\"5 minut\" \/>\n<script type=\"application\/ld+json\" class=\"yoast-schema-graph\">{\"@context\":\"https:\/\/schema.org\",\"@graph\":[{\"@type\":\"WebPage\",\"@id\":\"https:\/\/pustyzleb.cz\/?page_id=493\",\"url\":\"https:\/\/pustyzleb.cz\/?page_id=493\",\"name\":\"V\u00fdro\u010dn\u00ed zpr\u00e1vy - ZO \u010cSS 6-25 PUST\u00dd \u017dLEB\",\"isPartOf\":{\"@id\":\"https:\/\/pustyzleb.cz\/#website\"},\"datePublished\":\"2022-04-07T08:19:41+00:00\",\"dateModified\":\"2026-02-04T09:55:53+00:00\",\"breadcrumb\":{\"@id\":\"https:\/\/pustyzleb.cz\/?page_id=493#breadcrumb\"},\"inLanguage\":\"cs\",\"potentialAction\":[{\"@type\":\"ReadAction\",\"target\":[\"https:\/\/pustyzleb.cz\/?page_id=493\"]}]},{\"@type\":\"BreadcrumbList\",\"@id\":\"https:\/\/pustyzleb.cz\/?page_id=493#breadcrumb\",\"itemListElement\":[{\"@type\":\"ListItem\",\"position\":1,\"name\":\"Dom\u016f\",\"item\":\"https:\/\/pustyzleb.cz\/\"},{\"@type\":\"ListItem\",\"position\":2,\"name\":\"O n\u00e1s\",\"item\":\"https:\/\/pustyzleb.cz\/?page_id=54\"},{\"@type\":\"ListItem\",\"position\":3,\"name\":\"V\u00fdro\u010dn\u00ed zpr\u00e1vy\"}]},{\"@type\":\"WebSite\",\"@id\":\"https:\/\/pustyzleb.cz\/#website\",\"url\":\"https:\/\/pustyzleb.cz\/\",\"name\":\"ZO \u010cSS 6-25 PUST\u00dd \u017dLEB\",\"description\":\"Pr\u016fzkum jeskyn\u00ed v Moravsk\u00e9m krasu i ve sv\u011bt\u011b\",\"publisher\":{\"@id\":\"https:\/\/pustyzleb.cz\/#organization\"},\"potentialAction\":[{\"@type\":\"SearchAction\",\"target\":{\"@type\":\"EntryPoint\",\"urlTemplate\":\"https:\/\/pustyzleb.cz\/?s={search_term_string}\"},\"query-input\":\"required name=search_term_string\"}],\"inLanguage\":\"cs\"},{\"@type\":\"Organization\",\"@id\":\"https:\/\/pustyzleb.cz\/#organization\",\"name\":\"ZO \u010cSS 6-25 PUST\u00dd \u017dLEB\",\"url\":\"https:\/\/pustyzleb.cz\/\",\"logo\":{\"@type\":\"ImageObject\",\"inLanguage\":\"cs\",\"@id\":\"https:\/\/pustyzleb.cz\/#\/schema\/logo\/image\/\",\"url\":\"https:\/\/pustyzleb.cz\/wp-content\/uploads\/2024\/05\/PZS_LOGO-1.png\",\"contentUrl\":\"https:\/\/pustyzleb.cz\/wp-content\/uploads\/2024\/05\/PZS_LOGO-1.png\",\"width\":250,\"height\":250,\"caption\":\"ZO \u010cSS 6-25 PUST\u00dd \u017dLEB\"},\"image\":{\"@id\":\"https:\/\/pustyzleb.cz\/#\/schema\/logo\/image\/\"},\"sameAs\":[\"https:\/\/www.facebook.com\/pustyzleb\"]}]}<\/script>\n<!-- \/ Yoast SEO plugin. -->","yoast_head_json":{"title":"V\u00fdro\u010dn\u00ed zpr\u00e1vy - ZO \u010cSS 6-25 PUST\u00dd \u017dLEB","robots":{"index":"index","follow":"follow","max-snippet":"max-snippet:-1","max-image-preview":"max-image-preview:large","max-video-preview":"max-video-preview:-1"},"canonical":"https:\/\/pustyzleb.cz\/?page_id=493","og_locale":"cs_CZ","og_type":"article","og_title":"V\u00fdro\u010dn\u00ed zpr\u00e1vy - ZO \u010cSS 6-25 PUST\u00dd \u017dLEB","og_url":"https:\/\/pustyzleb.cz\/?page_id=493","og_site_name":"ZO \u010cSS 6-25 PUST\u00dd \u017dLEB","article_publisher":"https:\/\/www.facebook.com\/pustyzleb","article_modified_time":"2026-02-04T09:55:53+00:00","og_image":[{"url":"https:\/\/pustyzleb.cz\/wp-content\/uploads\/2026\/02\/Snimek-obrazovky-2026-02-04-v-10.52.20.png"}],"twitter_card":"summary_large_image","twitter_misc":{"Odhadovan\u00e1 doba \u010dten\u00ed":"5 minut"},"schema":{"@context":"https:\/\/schema.org","@graph":[{"@type":"WebPage","@id":"https:\/\/pustyzleb.cz\/?page_id=493","url":"https:\/\/pustyzleb.cz\/?page_id=493","name":"V\u00fdro\u010dn\u00ed zpr\u00e1vy - ZO \u010cSS 6-25 PUST\u00dd \u017dLEB","isPartOf":{"@id":"https:\/\/pustyzleb.cz\/#website"},"datePublished":"2022-04-07T08:19:41+00:00","dateModified":"2026-02-04T09:55:53+00:00","breadcrumb":{"@id":"https:\/\/pustyzleb.cz\/?page_id=493#breadcrumb"},"inLanguage":"cs","potentialAction":[{"@type":"ReadAction","target":["https:\/\/pustyzleb.cz\/?page_id=493"]}]},{"@type":"BreadcrumbList","@id":"https:\/\/pustyzleb.cz\/?page_id=493#breadcrumb","itemListElement":[{"@type":"ListItem","position":1,"name":"Dom\u016f","item":"https:\/\/pustyzleb.cz\/"},{"@type":"ListItem","position":2,"name":"O n\u00e1s","item":"https:\/\/pustyzleb.cz\/?page_id=54"},{"@type":"ListItem","position":3,"name":"V\u00fdro\u010dn\u00ed zpr\u00e1vy"}]},{"@type":"WebSite","@id":"https:\/\/pustyzleb.cz\/#website","url":"https:\/\/pustyzleb.cz\/","name":"ZO \u010cSS 6-25 PUST\u00dd \u017dLEB","description":"Pr\u016fzkum jeskyn\u00ed v Moravsk\u00e9m krasu i ve sv\u011bt\u011b","publisher":{"@id":"https:\/\/pustyzleb.cz\/#organization"},"potentialAction":[{"@type":"SearchAction","target":{"@type":"EntryPoint","urlTemplate":"https:\/\/pustyzleb.cz\/?s={search_term_string}"},"query-input":"required name=search_term_string"}],"inLanguage":"cs"},{"@type":"Organization","@id":"https:\/\/pustyzleb.cz\/#organization","name":"ZO \u010cSS 6-25 PUST\u00dd \u017dLEB","url":"https:\/\/pustyzleb.cz\/","logo":{"@type":"ImageObject","inLanguage":"cs","@id":"https:\/\/pustyzleb.cz\/#\/schema\/logo\/image\/","url":"https:\/\/pustyzleb.cz\/wp-content\/uploads\/2024\/05\/PZS_LOGO-1.png","contentUrl":"https:\/\/pustyzleb.cz\/wp-content\/uploads\/2024\/05\/PZS_LOGO-1.png","width":250,"height":250,"caption":"ZO \u010cSS 6-25 PUST\u00dd \u017dLEB"},"image":{"@id":"https:\/\/pustyzleb.cz\/#\/schema\/logo\/image\/"},"sameAs":["https:\/\/www.facebook.com\/pustyzleb"]}]}},"_links":{"self":[{"href":"https:\/\/pustyzleb.cz\/index.php?rest_route=\/wp\/v2\/pages\/493","targetHints":{"allow":["GET"]}}],"collection":[{"href":"https:\/\/pustyzleb.cz\/index.php?rest_route=\/wp\/v2\/pages"}],"about":[{"href":"https:\/\/pustyzleb.cz\/index.php?rest_route=\/wp\/v2\/types\/page"}],"author":[{"embeddable":true,"href":"https:\/\/pustyzleb.cz\/index.php?rest_route=\/wp\/v2\/users\/1"}],"replies":[{"embeddable":true,"href":"https:\/\/pustyzleb.cz\/index.php?rest_route=%2Fwp%2Fv2%2Fcomments&post=493"}],"version-history":[{"count":36,"href":"https:\/\/pustyzleb.cz\/index.php?rest_route=\/wp\/v2\/pages\/493\/revisions"}],"predecessor-version":[{"id":2278,"href":"https:\/\/pustyzleb.cz\/index.php?rest_route=\/wp\/v2\/pages\/493\/revisions\/2278"}],"up":[{"embeddable":true,"href":"https:\/\/pustyzleb.cz\/index.php?rest_route=\/wp\/v2\/pages\/54"}],"wp:attachment":[{"href":"https:\/\/pustyzleb.cz\/index.php?rest_route=%2Fwp%2Fv2%2Fmedia&parent=493"}],"curies":[{"name":"wp","href":"https:\/\/api.w.org\/{rel}","templated":true}]}}