{"id":526,"date":"2022-04-07T09:36:28","date_gmt":"2022-04-07T09:36:28","guid":{"rendered":"https:\/\/pustyzleb.cz\/?page_id=526"},"modified":"2022-04-07T14:15:49","modified_gmt":"2022-04-07T14:15:49","slug":"sloupsko-sosuvske-jeskyne","status":"publish","type":"page","link":"https:\/\/pustyzleb.cz\/?page_id=526","title":{"rendered":"Sloupsko-\u0161o\u0161\u016fvsk\u00e9 jeskyn\u011b"},"content":{"rendered":"\n<p>Sloupsk\u00e9 (a&nbsp;n\u00e1sledn\u011b i&nbsp;\u0160o\u0161\u016fvsk\u00e9) jeskyn\u011b pat\u0159\u00ed k&nbsp;nejd\u00e9le zkouman\u00fdm podzemn\u00edm fenom\u00e9n\u016fm v&nbsp;Moravsk\u00e9m krasu a&nbsp;do speleologick\u00e9 historie se zde obtiskla jm\u00e9na v\u0161ech na\u0161ich slavn\u00fdch krasov\u00fdch badatel\u016f. N\u00e1\u0161 hlub\u0161\u00ed z\u00e1jem o&nbsp;tuto lokalitu zapo\u010dal v&nbsp;roce 2000, kdy jsme po op\u011btovn\u00e9m p\u0159ekon\u00e1n\u00ed sifon\u016f na konci Sloupsk\u00e9 v\u011btve <a href=\"https:\/\/pustyzleb.cz\/?page_id=218\" data-type=\"page\" data-id=\"218\">Amat\u00e9rsk\u00e9 jeskyn\u011b <\/a>v\u010detn\u011b proplav\u00e1n\u00ed 5. sifonu za\u010dali v\u00e1\u017en\u011b \u0159e\u0161it ot\u00e1zku mo\u017en\u00e9ho propojen\u00ed obou jeskynn\u00edch syst\u00e9m\u016f. N\u00e1\u0161 z\u00e1jem se logick\u00fd soust\u0159edil na odtokov\u00fd sifon v&nbsp;Palmov\u00e9 propasti, o&nbsp;jeho\u017e p\u0159ekon\u00e1n\u00ed se historicky sna\u017eil ji\u017e F. Pl\u0161ek. S\u00e9rie ponor\u016f v\u0161ak z\u016fstala bez \u00fasp\u011bchu a&nbsp;pouze jsme ov\u011b\u0159ili d\u0159\u00edv\u011bj\u0161\u00ed poznatky o&nbsp;nep\u0159ekonatelnosti podvodn\u00ed cesty. V&nbsp;okol\u00ed Palmov\u00e9 propasti jsme zrealizovali n\u011bkolik d\u00edl\u010d\u00edch objev\u016f. K\u00fd\u017een\u00e9 uzav\u0159en\u00ed magick\u00e9ho troj\u00faheln\u00edku se poda\u0159ilo a\u017e v&nbsp;roce 2005 p\u0159i pot\u00e1p\u011b\u010dsk\u00e9m pr\u016fniku ze 7.&nbsp;sifonu <a href=\"https:\/\/pustyzleb.cz\/?page_id=95\" data-type=\"page\" data-id=\"95\">Nov\u00e9ho Sloupsk\u00e9ho koridoru<\/a>, kdy se pot\u00e1p\u011b\u010di poda\u0159ilo vyno\u0159it na nen\u00e1padn\u00e9 vodn\u00ed hladin\u011b v&nbsp;prop\u00e1stce ve spojovac\u00ed chodb\u011b mezi Palmovou a&nbsp;\u010cernou propast\u00ed.&nbsp;<\/p>\n\n\n\n<figure class=\"wp-block-image size-large\"><img loading=\"lazy\" decoding=\"async\" width=\"1024\" height=\"700\" src=\"https:\/\/pustyzleb.cz\/wp-content\/uploads\/2022\/04\/Sloup_dron-1024x700.jpg\" alt=\"\" class=\"wp-image-593\" srcset=\"https:\/\/pustyzleb.cz\/wp-content\/uploads\/2022\/04\/Sloup_dron-1024x700.jpg 1024w, https:\/\/pustyzleb.cz\/wp-content\/uploads\/2022\/04\/Sloup_dron-300x205.jpg 300w, https:\/\/pustyzleb.cz\/wp-content\/uploads\/2022\/04\/Sloup_dron-768x525.jpg 768w, https:\/\/pustyzleb.cz\/wp-content\/uploads\/2022\/04\/Sloup_dron.jpg 1243w\" sizes=\"auto, (max-width: 767px) 89vw, (max-width: 1000px) 54vw, (max-width: 1071px) 543px, 580px\" \/><figcaption>Letecky\u0301 pohled na okol\u00ed Sloupsko-\u0161o\u0161\u016fvsky\u0301ch jeskyn\u00ed (Foto J. Sirotek)<\/figcaption><\/figure>\n\n\n\n<p>Od tohoto momentu se na\u0161e aktivity ve Sloupsko-\u0161o\u0161\u016fvsk\u00fdch jeskyn\u00edch na del\u0161\u00ed \u010das zastavily a&nbsp;vr\u00e1tili jsme se sem a\u017e v&nbsp;r\u00e1mci prac\u00ed na map\u011b cel\u00e9ho syst\u00e9mu Amat\u00e9rsk\u00e9 jeskyn\u011b. Existovala sice detailn\u00ed mapa Ji\u0159\u00edho Vodi\u010dky z&nbsp;obdob\u00ed let 1948\u20131950, ale k&nbsp;t\u00e9 bohu\u017eel chyb\u011bla data o&nbsp;m\u011b\u0159en\u00fdch polygonech. Nezb\u00fdvalo tak, ne\u017e v\u011bt\u0161\u00ed \u010d\u00e1st syst\u00e9mu, zejm\u00e9na jeho ve\u0159ejnosti nep\u0159\u00edstupn\u00fdch \u010d\u00e1st\u00ed, znovu p\u0159em\u011b\u0159it.<\/p>\n\n\n\n<figure class=\"wp-block-image size-full\"><img loading=\"lazy\" decoding=\"async\" width=\"500\" height=\"593\" src=\"https:\/\/pustyzleb.cz\/wp-content\/uploads\/2022\/04\/Propastka_3.jpg\" alt=\"\" class=\"wp-image-594\" srcset=\"https:\/\/pustyzleb.cz\/wp-content\/uploads\/2022\/04\/Propastka_3.jpg 500w, https:\/\/pustyzleb.cz\/wp-content\/uploads\/2022\/04\/Propastka_3-253x300.jpg 253w\" sizes=\"auto, (max-width: 500px) 100vw, 500px\" \/><figcaption>Po exploraci v Prop\u00e1stce u III. vchodu, 2021, zleva: L. Ondrouchov\u00e1,<br>T. Ondrouch, J. Sirotek, L. Trt\u00edlek, V. Kaman (Foto J. Sirotek)<\/figcaption><\/figure>\n\n\n\n<p>Tato aktivita n\u00e1s postupn\u011b zavedla do mnoha d\u00e1vno zapomenut\u00fdch \u010d\u00e1st\u00ed, jako jsou Wankelovy jeskyn\u011b, chodby Za Oknem u&nbsp;\u010cern\u00e9 propasti nebo Vodop\u00e1dov\u00e1 chodba, ze kter\u00e9 \u010das od \u010dasu vyt\u00e9k\u00e1 b\u00e1jn\u00fd Nagel\u016fv vodop\u00e1d. Po mnoha letech jsme tak\u00e9 v&nbsp;roce 2020 zopakovali pr\u016fstup Kolmou propast\u00ed. Vyvrcholen\u00edm pak bylo op\u011btovn\u00e9 zdol\u00e1n\u00ed tzv. Ondrou\u0161kova okna v&nbsp;\u010cern\u00e9 propasti, kde p\u0159es 60 let nestanula lidsk\u00e1 noha. P\u0159i jeho lezen\u00ed jsme v&nbsp;duchu vzpom\u00ednali na odvahu a&nbsp;state\u010dnost p\u016fvodn\u00edch lezc\u016f, jejich\u017e odv\u00e1\u017en\u00fd v\u00fdstup je barvit\u011b pops\u00e1n v&nbsp;legend\u00e1rn\u00ed knize Karla \u0160ebely Po stop\u00e1ch ztracen\u00e9 \u0159eky. V&nbsp;r\u00e1mci letn\u00edho soust\u0159ed\u011bn\u00ed v&nbsp;srpnu 2020 jsme tak\u00e9 zopakovali pot\u00e1p\u011b\u010dsk\u00fd pokus ve Wankelov\u011b jez\u00edrku, kde J.&nbsp;Sirotek dos\u00e1hl hloubky 40 m s&nbsp;mo\u017enost\u00ed dal\u0161\u00edho pokra\u010dov\u00e1n\u00ed.&nbsp;<\/p>\n\n\n\n<figure class=\"wp-block-image size-full\"><img loading=\"lazy\" decoding=\"async\" width=\"754\" height=\"1005\" src=\"https:\/\/pustyzleb.cz\/wp-content\/uploads\/2022\/04\/Cerna_prop.jpg\" alt=\"\" class=\"wp-image-595\" srcset=\"https:\/\/pustyzleb.cz\/wp-content\/uploads\/2022\/04\/Cerna_prop.jpg 754w, https:\/\/pustyzleb.cz\/wp-content\/uploads\/2022\/04\/Cerna_prop-225x300.jpg 225w\" sizes=\"auto, (max-width: 706px) 89vw, (max-width: 767px) 82vw, 740px\" \/><figcaption>P. Cely\u0301 p\u0159i p\u0159ekon\u00e1v\u00e1n\u00ed traverzu do Ondrou\u0161kova okna v \u010cern\u00e9 propasti, srpen 2020 (Foto J. Sirotek)<\/figcaption><\/figure>\n\n\n\n<p>St\u00e1le n\u00e1m chyb\u00ed dokon\u010dit mapov\u00e1n\u00ed n\u011bkter\u00fdch \u010d\u00e1st\u00ed, ale ji\u017e nyn\u00ed v\u00edme, \u017ee se pokus\u00edme obnovit pr\u016fzkumy na n\u011bkolika nad\u011bjn\u00fdch m\u00edstech.<\/p>\n\n\n\n<figure class=\"wp-block-image size-large\"><img loading=\"lazy\" decoding=\"async\" width=\"724\" height=\"1024\" src=\"https:\/\/pustyzleb.cz\/wp-content\/uploads\/2022\/04\/Ondrouckovo_okno-724x1024.jpg\" alt=\"\" class=\"wp-image-596\" srcset=\"https:\/\/pustyzleb.cz\/wp-content\/uploads\/2022\/04\/Ondrouckovo_okno-724x1024.jpg 724w, https:\/\/pustyzleb.cz\/wp-content\/uploads\/2022\/04\/Ondrouckovo_okno-212x300.jpg 212w, https:\/\/pustyzleb.cz\/wp-content\/uploads\/2022\/04\/Ondrouckovo_okno-768x1087.jpg 768w, https:\/\/pustyzleb.cz\/wp-content\/uploads\/2022\/04\/Ondrouckovo_okno-1085x1536.jpg 1085w, https:\/\/pustyzleb.cz\/wp-content\/uploads\/2022\/04\/Ondrouckovo_okno.jpg 1243w\" sizes=\"auto, (max-width: 724px) 100vw, 724px\" \/><figcaption>P. Cely\u0301 v chodb\u011b za Ondrou\u0161kovy\u0301m oknem v \u010cern\u00e9 propasti. Do tohoto okna jsme vylezli p\u0159i mapov\u00e1n\u00ed t\u00e9m\u011b\u0159 60 let po jeho objevitel\u00edch, srpen 2020 (Foto J. Sirotek)<\/figcaption><\/figure>\n\n\n\n<hr class=\"wp-block-separator is-style-wide\"\/>\n\n\n\n<h3 class=\"wp-block-heading\">P\u0159\u00edsp\u011bvky o Sloupsko-\u0161o\u0161\u016fvsk\u00fdch jeskyn\u00edch<\/h3>\n\n\n\n<div class=\"wp-block-query is-layout-flow wp-block-query-is-layout-flow\"><ul class=\"wp-block-post-template is-layout-flow wp-block-post-template-is-layout-flow\"><li class=\"wp-block-post post-2137 post type-post status-publish format-standard has-post-thumbnail hentry category-sloupsko-sosuvske-jeskyne category-ostatni category-uncategorized\">\n<h2 class=\"wp-block-post-title has-small-font-size\"><a href=\"https:\/\/pustyzleb.cz\/?p=2137\" target=\"_self\" >Jarn\u00ed \u00faklid krasu<\/a><\/h2>\n<\/li><li class=\"wp-block-post post-1926 post type-post status-publish format-standard has-post-thumbnail hentry category-novy-sloupsky-koridor category-amaterska-jeskyne category-sloupsko-sosuvske-jeskyne category-ostatni-mk tag-amaterska-jeskyne tag-potapeni tag-novy-sloupsky-koridor tag-sloupsko-sosuvske-jeskyne tag-macocha tag-punkevni-jeskyne tag-cervikovy-jeskyne\">\n<h2 class=\"wp-block-post-title has-small-font-size\"><a href=\"https:\/\/pustyzleb.cz\/?p=1926\" target=\"_self\" >Traverz Sloupsko-\u0161os\u016fvsk\u00e9 jeskyn\u011b &#8211; V\u00fdtok Punkvy<\/a><\/h2>\n<\/li><li class=\"wp-block-post post-1510 post type-post status-publish format-standard has-post-thumbnail hentry category-sloupsko-sosuvske-jeskyne tag-potapeni tag-sloupsko-sosuvske-jeskyne tag-cerna-propast\">\n<h2 class=\"wp-block-post-title has-small-font-size\"><a href=\"https:\/\/pustyzleb.cz\/?p=1510\" target=\"_self\" >Pot\u00e1p\u011bn\u00ed v p\u0159\u00edtokov\u00e9m sifonu \u010cern\u00e9 propasti<\/a><\/h2>\n<\/li><li class=\"wp-block-post post-1497 post type-post status-publish format-standard has-post-thumbnail hentry category-novy-sloupsky-koridor category-sloupsko-sosuvske-jeskyne tag-potapeni tag-novy-sloupsky-koridor tag-sloupsko-sosuvske-jeskyne\">\n<h2 class=\"wp-block-post-title has-small-font-size\"><a href=\"https:\/\/pustyzleb.cz\/?p=1497\" target=\"_self\" >Sifon mezi Amat\u00e9rskou jeskyn\u00ed a Sloupsko-\u0161o\u0161\u016fvsk\u00fdmi jeskyn\u011bmi znovu p\u0159ekon\u00e1n<\/a><\/h2>\n<\/li><\/ul>\n\n<\/div>\n","protected":false},"excerpt":{"rendered":"<p>Sloupsk\u00e9 (a&nbsp;n\u00e1sledn\u011b i&nbsp;\u0160o\u0161\u016fvsk\u00e9) jeskyn\u011b pat\u0159\u00ed k&nbsp;nejd\u00e9le zkouman\u00fdm podzemn\u00edm fenom\u00e9n\u016fm v&nbsp;Moravsk\u00e9m krasu a&nbsp;do speleologick\u00e9 historie se zde obtiskla jm\u00e9na v\u0161ech na\u0161ich slavn\u00fdch krasov\u00fdch badatel\u016f. N\u00e1\u0161 hlub\u0161\u00ed z\u00e1jem o&nbsp;tuto lokalitu zapo\u010dal v&nbsp;roce 2000, kdy jsme po op\u011btovn\u00e9m p\u0159ekon\u00e1n\u00ed sifon\u016f na konci Sloupsk\u00e9 v\u011btve Amat\u00e9rsk\u00e9 jeskyn\u011b v\u010detn\u011b proplav\u00e1n\u00ed 5. sifonu za\u010dali v\u00e1\u017en\u011b \u0159e\u0161it ot\u00e1zku mo\u017en\u00e9ho propojen\u00ed obou jeskynn\u00edch &hellip; <\/p>\n<p class=\"link-more\"><a href=\"https:\/\/pustyzleb.cz\/?page_id=526\" class=\"more-link\">Pokra\u010dovat ve \u010dten\u00ed<span class=\"screen-reader-text\"> &#8220;Sloupsko-\u0161o\u0161\u016fvsk\u00e9 jeskyn\u011b&#8221;<\/span><\/a><\/p>\n","protected":false},"author":1,"featured_media":0,"parent":81,"menu_order":0,"comment_status":"closed","ping_status":"closed","template":"","meta":{"footnotes":""},"class_list":["post-526","page","type-page","status-publish","hentry"],"yoast_head":"<!-- This site is optimized with the Yoast SEO plugin v19.10 - https:\/\/yoast.com\/wordpress\/plugins\/seo\/ -->\n<title>Sloupsko-\u0161o\u0161\u016fvsk\u00e9 jeskyn\u011b - ZO \u010cSS 6-25 PUST\u00dd \u017dLEB<\/title>\n<meta name=\"robots\" content=\"index, follow, max-snippet:-1, max-image-preview:large, max-video-preview:-1\" \/>\n<link rel=\"canonical\" href=\"https:\/\/pustyzleb.cz\/?page_id=526\" \/>\n<meta property=\"og:locale\" content=\"cs_CZ\" \/>\n<meta property=\"og:type\" content=\"article\" \/>\n<meta property=\"og:title\" content=\"Sloupsko-\u0161o\u0161\u016fvsk\u00e9 jeskyn\u011b - ZO \u010cSS 6-25 PUST\u00dd \u017dLEB\" \/>\n<meta property=\"og:description\" content=\"Sloupsk\u00e9 (a&nbsp;n\u00e1sledn\u011b i&nbsp;\u0160o\u0161\u016fvsk\u00e9) jeskyn\u011b pat\u0159\u00ed k&nbsp;nejd\u00e9le zkouman\u00fdm podzemn\u00edm fenom\u00e9n\u016fm v&nbsp;Moravsk\u00e9m krasu a&nbsp;do speleologick\u00e9 historie se zde obtiskla jm\u00e9na v\u0161ech na\u0161ich slavn\u00fdch krasov\u00fdch badatel\u016f. N\u00e1\u0161 hlub\u0161\u00ed z\u00e1jem o&nbsp;tuto lokalitu zapo\u010dal v&nbsp;roce 2000, kdy jsme po op\u011btovn\u00e9m p\u0159ekon\u00e1n\u00ed sifon\u016f na konci Sloupsk\u00e9 v\u011btve Amat\u00e9rsk\u00e9 jeskyn\u011b v\u010detn\u011b proplav\u00e1n\u00ed 5. sifonu za\u010dali v\u00e1\u017en\u011b \u0159e\u0161it ot\u00e1zku mo\u017en\u00e9ho propojen\u00ed obou jeskynn\u00edch &hellip; Pokra\u010dovat ve \u010dten\u00ed &quot;Sloupsko-\u0161o\u0161\u016fvsk\u00e9 jeskyn\u011b&quot;\" \/>\n<meta property=\"og:url\" content=\"https:\/\/pustyzleb.cz\/?page_id=526\" \/>\n<meta property=\"og:site_name\" content=\"ZO \u010cSS 6-25 PUST\u00dd \u017dLEB\" \/>\n<meta property=\"article:publisher\" content=\"https:\/\/www.facebook.com\/pustyzleb\" \/>\n<meta property=\"article:modified_time\" content=\"2022-04-07T14:15:49+00:00\" \/>\n<meta property=\"og:image\" content=\"https:\/\/pustyzleb.cz\/wp-content\/uploads\/2022\/04\/Sloup_dron-1024x700.jpg\" \/>\n<meta name=\"twitter:card\" content=\"summary_large_image\" \/>\n<meta name=\"twitter:label1\" content=\"Odhadovan\u00e1 doba \u010dten\u00ed\" \/>\n\t<meta name=\"twitter:data1\" content=\"3 minuty\" \/>\n<script type=\"application\/ld+json\" class=\"yoast-schema-graph\">{\"@context\":\"https:\/\/schema.org\",\"@graph\":[{\"@type\":\"WebPage\",\"@id\":\"https:\/\/pustyzleb.cz\/?page_id=526\",\"url\":\"https:\/\/pustyzleb.cz\/?page_id=526\",\"name\":\"Sloupsko-\u0161o\u0161\u016fvsk\u00e9 jeskyn\u011b - ZO \u010cSS 6-25 PUST\u00dd \u017dLEB\",\"isPartOf\":{\"@id\":\"https:\/\/pustyzleb.cz\/#website\"},\"datePublished\":\"2022-04-07T09:36:28+00:00\",\"dateModified\":\"2022-04-07T14:15:49+00:00\",\"breadcrumb\":{\"@id\":\"https:\/\/pustyzleb.cz\/?page_id=526#breadcrumb\"},\"inLanguage\":\"cs\",\"potentialAction\":[{\"@type\":\"ReadAction\",\"target\":[\"https:\/\/pustyzleb.cz\/?page_id=526\"]}]},{\"@type\":\"BreadcrumbList\",\"@id\":\"https:\/\/pustyzleb.cz\/?page_id=526#breadcrumb\",\"itemListElement\":[{\"@type\":\"ListItem\",\"position\":1,\"name\":\"Dom\u016f\",\"item\":\"https:\/\/pustyzleb.cz\/\"},{\"@type\":\"ListItem\",\"position\":2,\"name\":\"Moravsk\u00fd kras\",\"item\":\"https:\/\/pustyzleb.cz\/?page_id=81\"},{\"@type\":\"ListItem\",\"position\":3,\"name\":\"Sloupsko-\u0161o\u0161\u016fvsk\u00e9 jeskyn\u011b\"}]},{\"@type\":\"WebSite\",\"@id\":\"https:\/\/pustyzleb.cz\/#website\",\"url\":\"https:\/\/pustyzleb.cz\/\",\"name\":\"ZO \u010cSS 6-25 PUST\u00dd \u017dLEB\",\"description\":\"Pr\u016fzkum jeskyn\u00ed v Moravsk\u00e9m krasu i ve sv\u011bt\u011b\",\"publisher\":{\"@id\":\"https:\/\/pustyzleb.cz\/#organization\"},\"potentialAction\":[{\"@type\":\"SearchAction\",\"target\":{\"@type\":\"EntryPoint\",\"urlTemplate\":\"https:\/\/pustyzleb.cz\/?s={search_term_string}\"},\"query-input\":\"required name=search_term_string\"}],\"inLanguage\":\"cs\"},{\"@type\":\"Organization\",\"@id\":\"https:\/\/pustyzleb.cz\/#organization\",\"name\":\"ZO \u010cSS 6-25 PUST\u00dd \u017dLEB\",\"url\":\"https:\/\/pustyzleb.cz\/\",\"logo\":{\"@type\":\"ImageObject\",\"inLanguage\":\"cs\",\"@id\":\"https:\/\/pustyzleb.cz\/#\/schema\/logo\/image\/\",\"url\":\"https:\/\/pustyzleb.cz\/wp-content\/uploads\/2024\/05\/PZS_LOGO-1.png\",\"contentUrl\":\"https:\/\/pustyzleb.cz\/wp-content\/uploads\/2024\/05\/PZS_LOGO-1.png\",\"width\":250,\"height\":250,\"caption\":\"ZO \u010cSS 6-25 PUST\u00dd \u017dLEB\"},\"image\":{\"@id\":\"https:\/\/pustyzleb.cz\/#\/schema\/logo\/image\/\"},\"sameAs\":[\"https:\/\/www.facebook.com\/pustyzleb\"]}]}<\/script>\n<!-- \/ Yoast SEO plugin. -->","yoast_head_json":{"title":"Sloupsko-\u0161o\u0161\u016fvsk\u00e9 jeskyn\u011b - ZO \u010cSS 6-25 PUST\u00dd \u017dLEB","robots":{"index":"index","follow":"follow","max-snippet":"max-snippet:-1","max-image-preview":"max-image-preview:large","max-video-preview":"max-video-preview:-1"},"canonical":"https:\/\/pustyzleb.cz\/?page_id=526","og_locale":"cs_CZ","og_type":"article","og_title":"Sloupsko-\u0161o\u0161\u016fvsk\u00e9 jeskyn\u011b - ZO \u010cSS 6-25 PUST\u00dd \u017dLEB","og_description":"Sloupsk\u00e9 (a&nbsp;n\u00e1sledn\u011b i&nbsp;\u0160o\u0161\u016fvsk\u00e9) jeskyn\u011b pat\u0159\u00ed k&nbsp;nejd\u00e9le zkouman\u00fdm podzemn\u00edm fenom\u00e9n\u016fm v&nbsp;Moravsk\u00e9m krasu a&nbsp;do speleologick\u00e9 historie se zde obtiskla jm\u00e9na v\u0161ech na\u0161ich slavn\u00fdch krasov\u00fdch badatel\u016f. N\u00e1\u0161 hlub\u0161\u00ed z\u00e1jem o&nbsp;tuto lokalitu zapo\u010dal v&nbsp;roce 2000, kdy jsme po op\u011btovn\u00e9m p\u0159ekon\u00e1n\u00ed sifon\u016f na konci Sloupsk\u00e9 v\u011btve Amat\u00e9rsk\u00e9 jeskyn\u011b v\u010detn\u011b proplav\u00e1n\u00ed 5. sifonu za\u010dali v\u00e1\u017en\u011b \u0159e\u0161it ot\u00e1zku mo\u017en\u00e9ho propojen\u00ed obou jeskynn\u00edch &hellip; Pokra\u010dovat ve \u010dten\u00ed \"Sloupsko-\u0161o\u0161\u016fvsk\u00e9 jeskyn\u011b\"","og_url":"https:\/\/pustyzleb.cz\/?page_id=526","og_site_name":"ZO \u010cSS 6-25 PUST\u00dd \u017dLEB","article_publisher":"https:\/\/www.facebook.com\/pustyzleb","article_modified_time":"2022-04-07T14:15:49+00:00","og_image":[{"url":"https:\/\/pustyzleb.cz\/wp-content\/uploads\/2022\/04\/Sloup_dron-1024x700.jpg"}],"twitter_card":"summary_large_image","twitter_misc":{"Odhadovan\u00e1 doba \u010dten\u00ed":"3 minuty"},"schema":{"@context":"https:\/\/schema.org","@graph":[{"@type":"WebPage","@id":"https:\/\/pustyzleb.cz\/?page_id=526","url":"https:\/\/pustyzleb.cz\/?page_id=526","name":"Sloupsko-\u0161o\u0161\u016fvsk\u00e9 jeskyn\u011b - ZO \u010cSS 6-25 PUST\u00dd \u017dLEB","isPartOf":{"@id":"https:\/\/pustyzleb.cz\/#website"},"datePublished":"2022-04-07T09:36:28+00:00","dateModified":"2022-04-07T14:15:49+00:00","breadcrumb":{"@id":"https:\/\/pustyzleb.cz\/?page_id=526#breadcrumb"},"inLanguage":"cs","potentialAction":[{"@type":"ReadAction","target":["https:\/\/pustyzleb.cz\/?page_id=526"]}]},{"@type":"BreadcrumbList","@id":"https:\/\/pustyzleb.cz\/?page_id=526#breadcrumb","itemListElement":[{"@type":"ListItem","position":1,"name":"Dom\u016f","item":"https:\/\/pustyzleb.cz\/"},{"@type":"ListItem","position":2,"name":"Moravsk\u00fd kras","item":"https:\/\/pustyzleb.cz\/?page_id=81"},{"@type":"ListItem","position":3,"name":"Sloupsko-\u0161o\u0161\u016fvsk\u00e9 jeskyn\u011b"}]},{"@type":"WebSite","@id":"https:\/\/pustyzleb.cz\/#website","url":"https:\/\/pustyzleb.cz\/","name":"ZO \u010cSS 6-25 PUST\u00dd \u017dLEB","description":"Pr\u016fzkum jeskyn\u00ed v Moravsk\u00e9m krasu i ve sv\u011bt\u011b","publisher":{"@id":"https:\/\/pustyzleb.cz\/#organization"},"potentialAction":[{"@type":"SearchAction","target":{"@type":"EntryPoint","urlTemplate":"https:\/\/pustyzleb.cz\/?s={search_term_string}"},"query-input":"required name=search_term_string"}],"inLanguage":"cs"},{"@type":"Organization","@id":"https:\/\/pustyzleb.cz\/#organization","name":"ZO \u010cSS 6-25 PUST\u00dd \u017dLEB","url":"https:\/\/pustyzleb.cz\/","logo":{"@type":"ImageObject","inLanguage":"cs","@id":"https:\/\/pustyzleb.cz\/#\/schema\/logo\/image\/","url":"https:\/\/pustyzleb.cz\/wp-content\/uploads\/2024\/05\/PZS_LOGO-1.png","contentUrl":"https:\/\/pustyzleb.cz\/wp-content\/uploads\/2024\/05\/PZS_LOGO-1.png","width":250,"height":250,"caption":"ZO \u010cSS 6-25 PUST\u00dd \u017dLEB"},"image":{"@id":"https:\/\/pustyzleb.cz\/#\/schema\/logo\/image\/"},"sameAs":["https:\/\/www.facebook.com\/pustyzleb"]}]}},"_links":{"self":[{"href":"https:\/\/pustyzleb.cz\/index.php?rest_route=\/wp\/v2\/pages\/526","targetHints":{"allow":["GET"]}}],"collection":[{"href":"https:\/\/pustyzleb.cz\/index.php?rest_route=\/wp\/v2\/pages"}],"about":[{"href":"https:\/\/pustyzleb.cz\/index.php?rest_route=\/wp\/v2\/types\/page"}],"author":[{"embeddable":true,"href":"https:\/\/pustyzleb.cz\/index.php?rest_route=\/wp\/v2\/users\/1"}],"replies":[{"embeddable":true,"href":"https:\/\/pustyzleb.cz\/index.php?rest_route=%2Fwp%2Fv2%2Fcomments&post=526"}],"version-history":[{"count":6,"href":"https:\/\/pustyzleb.cz\/index.php?rest_route=\/wp\/v2\/pages\/526\/revisions"}],"predecessor-version":[{"id":651,"href":"https:\/\/pustyzleb.cz\/index.php?rest_route=\/wp\/v2\/pages\/526\/revisions\/651"}],"up":[{"embeddable":true,"href":"https:\/\/pustyzleb.cz\/index.php?rest_route=\/wp\/v2\/pages\/81"}],"wp:attachment":[{"href":"https:\/\/pustyzleb.cz\/index.php?rest_route=%2Fwp%2Fv2%2Fmedia&parent=526"}],"curies":[{"name":"wp","href":"https:\/\/api.w.org\/{rel}","templated":true}]}}