{"id":578,"date":"2022-04-07T11:00:12","date_gmt":"2022-04-07T11:00:12","guid":{"rendered":"https:\/\/pustyzleb.cz\/?page_id=578"},"modified":"2022-04-07T14:14:37","modified_gmt":"2022-04-07T14:14:37","slug":"ostatni-lokality","status":"publish","type":"page","link":"https:\/\/pustyzleb.cz\/?page_id=578","title":{"rendered":"Ostatn\u00ed lokality"},"content":{"rendered":"\n<p>P\u0159ev\u00e1\u017en\u00e1 \u010d\u00e1st novodob\u00e9 historie Pusto\u017elebsk\u00e9 skupiny je spojen\u00e1 s&nbsp;pr\u016fzkumem lokalit p\u0159\u00edmo v\u00e1zan\u00fdch na podzemn\u00ed tok Sloupsk\u00e9ho potoka, kter\u00fd vze\u0161el z&nbsp;obnoven\u00e9ho pr\u016fzkumu <a href=\"https:\/\/pustyzleb.cz\/?page_id=218\" data-type=\"page\" data-id=\"218\">Amat\u00e9rsk\u00e9 jeskyn\u011b<\/a> v&nbsp;roce 1993. Postupn\u011b jsme objevovali prostory v&nbsp;nejzaz\u0161\u00edch parti\u00edch Sloupsk\u00e9ho koridoru, do kter\u00fdch se i&nbsp;p\u0159es usilovn\u00e9 sna\u017een\u00ed nepoda\u0159ilo proniknout \u201esuchou\u201c nohou z&nbsp;na\u0161\u00ed dlouholet\u00e9 b\u00e1dac\u00ed lokality <a href=\"https:\/\/pustyzleb.cz\/?page_id=530\" data-type=\"page\" data-id=\"530\">Sloupsk\u00e9 Vintoky<\/a>. Museli jsme si tedy vyrazit um\u011bl\u00fd vchod. Zp\u0159\u00edstupn\u011bn\u00ed prostor <a href=\"https:\/\/pustyzleb.cz\/?page_id=95\" data-type=\"page\" data-id=\"95\">Nov\u00e9ho Sloupsk\u00e9ho koridoru<\/a> n\u00e1m umo\u017enilo jeho pe\u010dliv\u00fd pr\u016fzkum, kter\u00fd vyvrcholil v&nbsp;roce 2005 nalezen\u00edm zatopen\u00e9ho propojen\u00ed se <a href=\"https:\/\/pustyzleb.cz\/?page_id=526\" data-type=\"page\" data-id=\"526\">Sloupsko-\u0161o\u0161\u016fvsk\u00fdmi jeskyn\u011bmi<\/a>. T\u00edm v\u0161ak objevov\u00e1n\u00ed neskon\u010dilo. Dal\u0161\u00edm v\u00fdznamn\u00fdm miln\u00edkem bylo objeven\u00ed 1,5 km dlouh\u00e9ho pokra\u010dov\u00e1n\u00ed \u0160o\u0161\u016fveck\u00e9ho koridoru sm\u011b\u0159uj\u00edc\u00edho pod \u0160o\u0161\u016fveckou propast v&nbsp;lomu Na Bradin\u00e1ch a z\u00e1vrt Proklest a\u017e k&nbsp;zapomenut\u00e9 <a href=\"https:\/\/pustyzleb.cz\/?page_id=237\" data-type=\"page\" data-id=\"237\">\u0161acht\u011b Za Evropou a&nbsp;Indi\u00ed<\/a>, kterou jsme d\u00edky tomu znovu otev\u0159eli po v\u00edce ne\u017e pades\u00e1tilet\u00e9 p\u0159est\u00e1vce.<\/p>\n\n\n\n<figure class=\"wp-block-image size-large\"><img loading=\"lazy\" decoding=\"async\" width=\"723\" height=\"1024\" src=\"https:\/\/pustyzleb.cz\/wp-content\/uploads\/2022\/04\/Reciste-723x1024.jpg\" alt=\"\" class=\"wp-image-581\" srcset=\"https:\/\/pustyzleb.cz\/wp-content\/uploads\/2022\/04\/Reciste-723x1024.jpg 723w, https:\/\/pustyzleb.cz\/wp-content\/uploads\/2022\/04\/Reciste-212x300.jpg 212w, https:\/\/pustyzleb.cz\/wp-content\/uploads\/2022\/04\/Reciste-768x1088.jpg 768w, https:\/\/pustyzleb.cz\/wp-content\/uploads\/2022\/04\/Reciste-1085x1536.jpg 1085w, https:\/\/pustyzleb.cz\/wp-content\/uploads\/2022\/04\/Reciste.jpg 1242w\" sizes=\"auto, (max-width: 723px) 100vw, 723px\" \/><figcaption>Jedn\u00edm z nejvy\u0301znamn\u011bj\u0161\u00edch objev\u016f Pusto\u017elebsk\u00e9 skupiny<br>byl v 50. letech 20. stolet\u00ed objev jeskyn\u011b \u0158e\u010di\u0161t\u011b s mohutny\u0301m<br>stalagn\u00e1tem, na sn\u00edmku S. Audyov\u00e1 (Foto M. Audy)<\/figcaption><\/figure>\n\n\n\n<p>Krom\u011b v\u00fd\u0161e zm\u00edn\u011bn\u00fdch aktivit, jsme se na po\u010d\u00e1tku 90. let 20. stolet\u00ed v\u011bnovali i&nbsp;pr\u016fzkumu dal\u0161\u00edch lokalit. Ve spolupr\u00e1ci s&nbsp;Moravsk\u00fdm muzeem jsme se pod\u00edleli na archeologick\u00fdch a&nbsp;paleon\u00adtologick\u00fdch v\u00fdzkumech v&nbsp;jeskyni K\u016flna a&nbsp;ve Sloupsk\u00fdch jeskyn\u00edch. Pod veden\u00edm Franti\u0161ka Musila jun. prob\u011bhlo revizn\u00ed mapov\u00e1n\u00ed K\u0159\u00ed\u017eov\u00fdch jeskyn\u00ed. Nesm\u00edme tak\u00e9 zapomenout na drobn\u00e9 v\u00fdkopov\u00e9 pr\u00e1ce prov\u00e1d\u011bn\u00e9 v&nbsp;tradi\u010dn\u00edch pusto\u017elebsk\u00fdch lokalit\u00e1ch v propasti U&nbsp;Obr\u00e1zku a&nbsp;v propasti Mraveni\u0161t\u011b. Na rozd\u00edl od ostatn\u00edch na t\u011bchto lokalit\u00e1ch nebylo dosa\u017eeno v\u00fdznamn\u011bj\u0161\u00edch \u00fasp\u011bch\u016f.<\/p>\n\n\n\n<figure class=\"wp-block-image size-full\"><img loading=\"lazy\" decoding=\"async\" width=\"505\" height=\"368\" src=\"https:\/\/pustyzleb.cz\/wp-content\/uploads\/2022\/04\/Paleo_Sloupske.jpg\" alt=\"\" class=\"wp-image-582\" srcset=\"https:\/\/pustyzleb.cz\/wp-content\/uploads\/2022\/04\/Paleo_Sloupske.jpg 505w, https:\/\/pustyzleb.cz\/wp-content\/uploads\/2022\/04\/Paleo_Sloupske-300x219.jpg 300w\" sizes=\"auto, (max-width: 505px) 100vw, 505px\" \/><figcaption>Revizn\u00ed paleontologicky\u0301 vy\u0301zkum ve Sloupsky\u0301ch jeskyn\u00edch,<br>zleva: H. Talafov\u00e1, M. V\u0159e\u0161\u0165\u00e1lov\u00e1, J. Sirotek, I. R\u016f\u017ei\u010dkov\u00e1<br>(Foto T. Ondrouch)<\/figcaption><\/figure>\n\n\n\n<p>Pozoruhodnou epizodou byl v&nbsp;roce 1993 speleoalpinistick\u00fd pr\u016fzkum kom\u00ednu na dn\u011b D\u00e1msk\u00e9ho z\u00e1vrtu, kter\u00e9ho se \u00fa\u010dastnila na\u0161e \u010dlenka L. V\u0159e\u0161\u0165\u00e1lov\u00e1 (Ondrouchov\u00e1) spole\u010dn\u011b s&nbsp;Markem Audym ze ZO \u010cSS 6-17 Topas.<span class=\"Apple-converted-space\">&nbsp;<\/span><\/p>\n\n\n\n<figure class=\"wp-block-image size-full\"><img loading=\"lazy\" decoding=\"async\" width=\"503\" height=\"589\" src=\"https:\/\/pustyzleb.cz\/wp-content\/uploads\/2022\/04\/Obrazek.jpg\" alt=\"\" class=\"wp-image-583\" srcset=\"https:\/\/pustyzleb.cz\/wp-content\/uploads\/2022\/04\/Obrazek.jpg 503w, https:\/\/pustyzleb.cz\/wp-content\/uploads\/2022\/04\/Obrazek-256x300.jpg 256w\" sizes=\"auto, (max-width: 503px) 100vw, 503px\" \/><figcaption>Z. Moty\u010dka u propasti Mraveni\u0161t\u011b (Foto archiv Z. Moty\u010dky)<\/figcaption><\/figure>\n\n\n\n<p><span class=\"s1\">V&nbsp;roce 2000 jsme se tak\u00e9 vrhli do obnoven\u00ed pr\u016fzkumu ve <a href=\"https:\/\/pustyzleb.cz\/?page_id=526\" data-type=\"page\" data-id=\"526\">Sloupsko-\u0161o\u0161\u016fvsk\u00fdch jeskyn\u00edch<\/a>, jmenovit\u011b v&nbsp;okol\u00ed \u010cern\u00e9 a&nbsp;Palmov\u00e9 propasti, s&nbsp;c\u00edlem nal\u00e9zt spojen\u00ed s&nbsp;koncov\u00fdmi partiemi Sloupsk\u00e9ho koridoru <a href=\"https:\/\/pustyzleb.cz\/?page_id=218\" data-type=\"page\" data-id=\"218\">Amat\u00e9rsk\u00e9 jeskyn\u011b<\/a>. P\u0159i t\u011bchto prac\u00edch do\u0161lo k&nbsp;n\u011bkolika d\u00edl\u010d\u00edm objev\u016fm. Na tyto aktivity jsme nav\u00e1zali i&nbsp;v&nbsp;posledn\u00edch letech p\u0159i p\u0159emapov\u00e1v\u00e1n\u00ed Sloupsko-\u0161o\u0161\u016fvsk\u00fdch jeskyn\u00ed v&nbsp;r\u00e1mci p\u0159ipravovan\u00e9 digit\u00e1ln\u00ed mapy cel\u00e9ho syst\u00e9mu Amat\u00e9rsk\u00e9 jeskyn\u011b. B\u011bhem \u010detn\u00fdch exkurz\u00ed jsme nav\u0161t\u00edvili d\u00e1vno zapomenut\u00e1 m\u00edsta jako jsou Wankelovy jeskyn\u011b, Vodop\u00e1dov\u00e1 chodba v&nbsp;Nagelov\u011b propasti \u010di Ondrou\u0161kovo okno v&nbsp;odvr\u00e1cen\u00e9 st\u011bn\u011b \u010cern\u00e9 propasti. V&nbsp;roce 2020 jsme tak\u00e9 zrealizovali pot\u00e1p\u011b\u010dsk\u00fd pr\u016fzkum Wankelova jez\u00edrka, kter\u00fd nazna\u010dil mo\u017enosti dal\u0161\u00edho pokra\u010dov\u00e1n\u00ed.<\/span><\/p>\n\n\n\n<p>V sou\u010dasnosti tak\u00e9 st\u00e1le \u010dast\u011bji diskutujeme o nav\u00e1z\u00e1n\u00ed na na\u0161e d\u00e1vno zapomenut\u00e9 aktivity na Suchdolsku a mo\u017enosti \u0159e\u0161en\u00ed problematiky tzv. z\u00e1padn\u00edch p\u0159\u00edtok\u016f Punkvy.<\/p>\n\n\n\n<hr class=\"wp-block-separator\"\/>\n\n\n\n<h3 class=\"wp-block-heading\">P\u0159\u00edsp\u011bvky k ostatn\u00edm lokalit\u00e1m v Moravsk\u00e9m krasu<\/h3>\n\n\n\n<div class=\"wp-block-query is-layout-flow wp-block-query-is-layout-flow\"><ul class=\"wp-block-post-template is-layout-flow wp-block-post-template-is-layout-flow\"><li class=\"wp-block-post post-1926 post type-post status-publish format-standard has-post-thumbnail hentry category-novy-sloupsky-koridor category-amaterska-jeskyne category-sloupsko-sosuvske-jeskyne category-ostatni-mk tag-cervikovy-jeskyne tag-amaterska-jeskyne tag-potapeni tag-novy-sloupsky-koridor tag-sloupsko-sosuvske-jeskyne tag-macocha tag-punkevni-jeskyne\">\n<h2 class=\"wp-block-post-title has-small-font-size\"><a href=\"https:\/\/pustyzleb.cz\/?p=1926\" target=\"_self\" >Traverz Sloupsko-\u0161os\u016fvsk\u00e9 jeskyn\u011b &#8211; V\u00fdtok Punkvy<\/a><\/h2>\n<\/li><li class=\"wp-block-post post-1790 post type-post status-publish format-standard has-post-thumbnail hentry category-ostatni-mk tag-okrouhlik tag-mlade-jadro tag-srt tag-trenink tag-foceni\">\n<h2 class=\"wp-block-post-title has-small-font-size\"><a href=\"https:\/\/pustyzleb.cz\/?p=1790\" target=\"_self\" >SRT tr\u00e9nink + Okrouhl\u00edk<\/a><\/h2>\n<\/li><li class=\"wp-block-post post-1526 post type-post status-publish format-standard has-post-thumbnail hentry category-sachta-za-evropou-a-indii category-ostatni-mk tag-sachta-za-evropou-a-indii tag-73 tag-mlade-jadro\">\n<h2 class=\"wp-block-post-title has-small-font-size\"><a href=\"https:\/\/pustyzleb.cz\/?p=1526\" target=\"_self\" >Tr\u00e9nink mlad\u00e9ho j\u00e1dra v \u0161acht\u011b Za Evropou a Indi\u00ed a v Sedmn\u00e1ctce<\/a><\/h2>\n<\/li><li class=\"wp-block-post post-223 post type-post status-publish format-standard has-post-thumbnail hentry category-ostatni-mk tag-okrouhlik tag-kamenny-ponor tag-zavrt-u-hrusky tag-suchdolsky-ponor\">\n<h2 class=\"wp-block-post-title has-small-font-size\"><a href=\"https:\/\/pustyzleb.cz\/?p=223\" target=\"_self\" >Suchdolsko<\/a><\/h2>\n<\/li><li class=\"wp-block-post post-388 post type-post status-publish format-standard has-post-thumbnail hentry category-ostatni-mk tag-uklid-krasu\">\n<h2 class=\"wp-block-post-title has-small-font-size\"><a href=\"https:\/\/pustyzleb.cz\/?p=388\" target=\"_self\" >\u00daklid v Krasu 24. 4. 2021<\/a><\/h2>\n<\/li><\/ul>\n\n<\/div>\n","protected":false},"excerpt":{"rendered":"<p>P\u0159ev\u00e1\u017en\u00e1 \u010d\u00e1st novodob\u00e9 historie Pusto\u017elebsk\u00e9 skupiny je spojen\u00e1 s&nbsp;pr\u016fzkumem lokalit p\u0159\u00edmo v\u00e1zan\u00fdch na podzemn\u00ed tok Sloupsk\u00e9ho potoka, kter\u00fd vze\u0161el z&nbsp;obnoven\u00e9ho pr\u016fzkumu Amat\u00e9rsk\u00e9 jeskyn\u011b v&nbsp;roce 1993. Postupn\u011b jsme objevovali prostory v&nbsp;nejzaz\u0161\u00edch parti\u00edch Sloupsk\u00e9ho koridoru, do kter\u00fdch se i&nbsp;p\u0159es usilovn\u00e9 sna\u017een\u00ed nepoda\u0159ilo proniknout \u201esuchou\u201c nohou z&nbsp;na\u0161\u00ed dlouholet\u00e9 b\u00e1dac\u00ed lokality Sloupsk\u00e9 Vintoky. Museli jsme si tedy vyrazit um\u011bl\u00fd &hellip; <\/p>\n<p class=\"link-more\"><a href=\"https:\/\/pustyzleb.cz\/?page_id=578\" class=\"more-link\">Pokra\u010dovat ve \u010dten\u00ed<span class=\"screen-reader-text\"> &#8220;Ostatn\u00ed lokality&#8221;<\/span><\/a><\/p>\n","protected":false},"author":1,"featured_media":0,"parent":81,"menu_order":0,"comment_status":"closed","ping_status":"closed","template":"","meta":{"footnotes":""},"class_list":["post-578","page","type-page","status-publish","hentry"],"yoast_head":"<!-- This site is optimized with the Yoast SEO plugin v19.10 - https:\/\/yoast.com\/wordpress\/plugins\/seo\/ -->\n<title>Ostatn\u00ed lokality - ZO \u010cSS 6-25 PUST\u00dd \u017dLEB<\/title>\n<meta name=\"robots\" content=\"index, follow, max-snippet:-1, max-image-preview:large, max-video-preview:-1\" \/>\n<link rel=\"canonical\" href=\"https:\/\/pustyzleb.cz\/?page_id=578\" \/>\n<meta property=\"og:locale\" content=\"cs_CZ\" \/>\n<meta property=\"og:type\" content=\"article\" \/>\n<meta property=\"og:title\" content=\"Ostatn\u00ed lokality - ZO \u010cSS 6-25 PUST\u00dd \u017dLEB\" \/>\n<meta property=\"og:description\" content=\"P\u0159ev\u00e1\u017en\u00e1 \u010d\u00e1st novodob\u00e9 historie Pusto\u017elebsk\u00e9 skupiny je spojen\u00e1 s&nbsp;pr\u016fzkumem lokalit p\u0159\u00edmo v\u00e1zan\u00fdch na podzemn\u00ed tok Sloupsk\u00e9ho potoka, kter\u00fd vze\u0161el z&nbsp;obnoven\u00e9ho pr\u016fzkumu Amat\u00e9rsk\u00e9 jeskyn\u011b v&nbsp;roce 1993. Postupn\u011b jsme objevovali prostory v&nbsp;nejzaz\u0161\u00edch parti\u00edch Sloupsk\u00e9ho koridoru, do kter\u00fdch se i&nbsp;p\u0159es usilovn\u00e9 sna\u017een\u00ed nepoda\u0159ilo proniknout \u201esuchou\u201c nohou z&nbsp;na\u0161\u00ed dlouholet\u00e9 b\u00e1dac\u00ed lokality Sloupsk\u00e9 Vintoky. Museli jsme si tedy vyrazit um\u011bl\u00fd &hellip; Pokra\u010dovat ve \u010dten\u00ed &quot;Ostatn\u00ed lokality&quot;\" \/>\n<meta property=\"og:url\" content=\"https:\/\/pustyzleb.cz\/?page_id=578\" \/>\n<meta property=\"og:site_name\" content=\"ZO \u010cSS 6-25 PUST\u00dd \u017dLEB\" \/>\n<meta property=\"article:publisher\" content=\"https:\/\/www.facebook.com\/pustyzleb\" \/>\n<meta property=\"article:modified_time\" content=\"2022-04-07T14:14:37+00:00\" \/>\n<meta property=\"og:image\" content=\"https:\/\/pustyzleb.cz\/wp-content\/uploads\/2022\/04\/Reciste-723x1024.jpg\" \/>\n<meta name=\"twitter:card\" content=\"summary_large_image\" \/>\n<meta name=\"twitter:label1\" content=\"Odhadovan\u00e1 doba \u010dten\u00ed\" \/>\n\t<meta name=\"twitter:data1\" content=\"3 minuty\" \/>\n<script type=\"application\/ld+json\" class=\"yoast-schema-graph\">{\"@context\":\"https:\/\/schema.org\",\"@graph\":[{\"@type\":\"WebPage\",\"@id\":\"https:\/\/pustyzleb.cz\/?page_id=578\",\"url\":\"https:\/\/pustyzleb.cz\/?page_id=578\",\"name\":\"Ostatn\u00ed lokality - ZO \u010cSS 6-25 PUST\u00dd \u017dLEB\",\"isPartOf\":{\"@id\":\"https:\/\/pustyzleb.cz\/#website\"},\"datePublished\":\"2022-04-07T11:00:12+00:00\",\"dateModified\":\"2022-04-07T14:14:37+00:00\",\"breadcrumb\":{\"@id\":\"https:\/\/pustyzleb.cz\/?page_id=578#breadcrumb\"},\"inLanguage\":\"cs\",\"potentialAction\":[{\"@type\":\"ReadAction\",\"target\":[\"https:\/\/pustyzleb.cz\/?page_id=578\"]}]},{\"@type\":\"BreadcrumbList\",\"@id\":\"https:\/\/pustyzleb.cz\/?page_id=578#breadcrumb\",\"itemListElement\":[{\"@type\":\"ListItem\",\"position\":1,\"name\":\"Dom\u016f\",\"item\":\"https:\/\/pustyzleb.cz\/\"},{\"@type\":\"ListItem\",\"position\":2,\"name\":\"Moravsk\u00fd kras\",\"item\":\"https:\/\/pustyzleb.cz\/?page_id=81\"},{\"@type\":\"ListItem\",\"position\":3,\"name\":\"Ostatn\u00ed lokality\"}]},{\"@type\":\"WebSite\",\"@id\":\"https:\/\/pustyzleb.cz\/#website\",\"url\":\"https:\/\/pustyzleb.cz\/\",\"name\":\"ZO \u010cSS 6-25 PUST\u00dd \u017dLEB\",\"description\":\"Pr\u016fzkum jeskyn\u00ed v Moravsk\u00e9m krasu i ve sv\u011bt\u011b\",\"publisher\":{\"@id\":\"https:\/\/pustyzleb.cz\/#organization\"},\"potentialAction\":[{\"@type\":\"SearchAction\",\"target\":{\"@type\":\"EntryPoint\",\"urlTemplate\":\"https:\/\/pustyzleb.cz\/?s={search_term_string}\"},\"query-input\":\"required name=search_term_string\"}],\"inLanguage\":\"cs\"},{\"@type\":\"Organization\",\"@id\":\"https:\/\/pustyzleb.cz\/#organization\",\"name\":\"ZO \u010cSS 6-25 PUST\u00dd \u017dLEB\",\"url\":\"https:\/\/pustyzleb.cz\/\",\"logo\":{\"@type\":\"ImageObject\",\"inLanguage\":\"cs\",\"@id\":\"https:\/\/pustyzleb.cz\/#\/schema\/logo\/image\/\",\"url\":\"https:\/\/pustyzleb.cz\/wp-content\/uploads\/2024\/05\/PZS_LOGO-1.png\",\"contentUrl\":\"https:\/\/pustyzleb.cz\/wp-content\/uploads\/2024\/05\/PZS_LOGO-1.png\",\"width\":250,\"height\":250,\"caption\":\"ZO \u010cSS 6-25 PUST\u00dd \u017dLEB\"},\"image\":{\"@id\":\"https:\/\/pustyzleb.cz\/#\/schema\/logo\/image\/\"},\"sameAs\":[\"https:\/\/www.facebook.com\/pustyzleb\"]}]}<\/script>\n<!-- \/ Yoast SEO plugin. -->","yoast_head_json":{"title":"Ostatn\u00ed lokality - ZO \u010cSS 6-25 PUST\u00dd \u017dLEB","robots":{"index":"index","follow":"follow","max-snippet":"max-snippet:-1","max-image-preview":"max-image-preview:large","max-video-preview":"max-video-preview:-1"},"canonical":"https:\/\/pustyzleb.cz\/?page_id=578","og_locale":"cs_CZ","og_type":"article","og_title":"Ostatn\u00ed lokality - ZO \u010cSS 6-25 PUST\u00dd \u017dLEB","og_description":"P\u0159ev\u00e1\u017en\u00e1 \u010d\u00e1st novodob\u00e9 historie Pusto\u017elebsk\u00e9 skupiny je spojen\u00e1 s&nbsp;pr\u016fzkumem lokalit p\u0159\u00edmo v\u00e1zan\u00fdch na podzemn\u00ed tok Sloupsk\u00e9ho potoka, kter\u00fd vze\u0161el z&nbsp;obnoven\u00e9ho pr\u016fzkumu Amat\u00e9rsk\u00e9 jeskyn\u011b v&nbsp;roce 1993. Postupn\u011b jsme objevovali prostory v&nbsp;nejzaz\u0161\u00edch parti\u00edch Sloupsk\u00e9ho koridoru, do kter\u00fdch se i&nbsp;p\u0159es usilovn\u00e9 sna\u017een\u00ed nepoda\u0159ilo proniknout \u201esuchou\u201c nohou z&nbsp;na\u0161\u00ed dlouholet\u00e9 b\u00e1dac\u00ed lokality Sloupsk\u00e9 Vintoky. Museli jsme si tedy vyrazit um\u011bl\u00fd &hellip; Pokra\u010dovat ve \u010dten\u00ed \"Ostatn\u00ed lokality\"","og_url":"https:\/\/pustyzleb.cz\/?page_id=578","og_site_name":"ZO \u010cSS 6-25 PUST\u00dd \u017dLEB","article_publisher":"https:\/\/www.facebook.com\/pustyzleb","article_modified_time":"2022-04-07T14:14:37+00:00","og_image":[{"url":"https:\/\/pustyzleb.cz\/wp-content\/uploads\/2022\/04\/Reciste-723x1024.jpg"}],"twitter_card":"summary_large_image","twitter_misc":{"Odhadovan\u00e1 doba \u010dten\u00ed":"3 minuty"},"schema":{"@context":"https:\/\/schema.org","@graph":[{"@type":"WebPage","@id":"https:\/\/pustyzleb.cz\/?page_id=578","url":"https:\/\/pustyzleb.cz\/?page_id=578","name":"Ostatn\u00ed lokality - ZO \u010cSS 6-25 PUST\u00dd \u017dLEB","isPartOf":{"@id":"https:\/\/pustyzleb.cz\/#website"},"datePublished":"2022-04-07T11:00:12+00:00","dateModified":"2022-04-07T14:14:37+00:00","breadcrumb":{"@id":"https:\/\/pustyzleb.cz\/?page_id=578#breadcrumb"},"inLanguage":"cs","potentialAction":[{"@type":"ReadAction","target":["https:\/\/pustyzleb.cz\/?page_id=578"]}]},{"@type":"BreadcrumbList","@id":"https:\/\/pustyzleb.cz\/?page_id=578#breadcrumb","itemListElement":[{"@type":"ListItem","position":1,"name":"Dom\u016f","item":"https:\/\/pustyzleb.cz\/"},{"@type":"ListItem","position":2,"name":"Moravsk\u00fd kras","item":"https:\/\/pustyzleb.cz\/?page_id=81"},{"@type":"ListItem","position":3,"name":"Ostatn\u00ed lokality"}]},{"@type":"WebSite","@id":"https:\/\/pustyzleb.cz\/#website","url":"https:\/\/pustyzleb.cz\/","name":"ZO \u010cSS 6-25 PUST\u00dd \u017dLEB","description":"Pr\u016fzkum jeskyn\u00ed v Moravsk\u00e9m krasu i ve sv\u011bt\u011b","publisher":{"@id":"https:\/\/pustyzleb.cz\/#organization"},"potentialAction":[{"@type":"SearchAction","target":{"@type":"EntryPoint","urlTemplate":"https:\/\/pustyzleb.cz\/?s={search_term_string}"},"query-input":"required name=search_term_string"}],"inLanguage":"cs"},{"@type":"Organization","@id":"https:\/\/pustyzleb.cz\/#organization","name":"ZO \u010cSS 6-25 PUST\u00dd \u017dLEB","url":"https:\/\/pustyzleb.cz\/","logo":{"@type":"ImageObject","inLanguage":"cs","@id":"https:\/\/pustyzleb.cz\/#\/schema\/logo\/image\/","url":"https:\/\/pustyzleb.cz\/wp-content\/uploads\/2024\/05\/PZS_LOGO-1.png","contentUrl":"https:\/\/pustyzleb.cz\/wp-content\/uploads\/2024\/05\/PZS_LOGO-1.png","width":250,"height":250,"caption":"ZO \u010cSS 6-25 PUST\u00dd \u017dLEB"},"image":{"@id":"https:\/\/pustyzleb.cz\/#\/schema\/logo\/image\/"},"sameAs":["https:\/\/www.facebook.com\/pustyzleb"]}]}},"_links":{"self":[{"href":"https:\/\/pustyzleb.cz\/index.php?rest_route=\/wp\/v2\/pages\/578","targetHints":{"allow":["GET"]}}],"collection":[{"href":"https:\/\/pustyzleb.cz\/index.php?rest_route=\/wp\/v2\/pages"}],"about":[{"href":"https:\/\/pustyzleb.cz\/index.php?rest_route=\/wp\/v2\/types\/page"}],"author":[{"embeddable":true,"href":"https:\/\/pustyzleb.cz\/index.php?rest_route=\/wp\/v2\/users\/1"}],"replies":[{"embeddable":true,"href":"https:\/\/pustyzleb.cz\/index.php?rest_route=%2Fwp%2Fv2%2Fcomments&post=578"}],"version-history":[{"count":5,"href":"https:\/\/pustyzleb.cz\/index.php?rest_route=\/wp\/v2\/pages\/578\/revisions"}],"predecessor-version":[{"id":649,"href":"https:\/\/pustyzleb.cz\/index.php?rest_route=\/wp\/v2\/pages\/578\/revisions\/649"}],"up":[{"embeddable":true,"href":"https:\/\/pustyzleb.cz\/index.php?rest_route=\/wp\/v2\/pages\/81"}],"wp:attachment":[{"href":"https:\/\/pustyzleb.cz\/index.php?rest_route=%2Fwp%2Fv2%2Fmedia&parent=578"}],"curies":[{"name":"wp","href":"https:\/\/api.w.org\/{rel}","templated":true}]}}