{"id":66,"date":"2022-04-05T20:09:42","date_gmt":"2022-04-05T20:09:42","guid":{"rendered":"https:\/\/pustyzleb.cz\/?page_id=66"},"modified":"2022-04-07T10:51:23","modified_gmt":"2022-04-07T10:51:23","slug":"historie","status":"publish","type":"page","link":"https:\/\/pustyzleb.cz\/?page_id=66","title":{"rendered":"Historie"},"content":{"rendered":"\n<p>I kdy\u017e samostatn\u00e1 ZO \u010cSS 6-25 Pust\u00fd \u017eleb vznikla a\u017e v&nbsp;roce 1992, p\u0159esn\u011bji 13. 3. 1992, kdy p\u0159edsednictvo schv\u00e1lilo vy\u010dlen\u011bn\u00ed ze ZO \u010cSS 6-12 Speleologick\u00fd klub Brno, jej\u00ed historie sah\u00e1 mnohem hloub\u011bji a n\u00e1\u0161 spolek tak pat\u0159\u00ed k&nbsp;nejstar\u0161\u00edm speleologick\u00fdm skupin\u00e1m p\u016fsob\u00edc\u00edm v&nbsp;Moravsk\u00e9m krasu. Prvn\u00ed z\u00e1rodky \u010dinnosti se formovaly v&nbsp;meziv\u00e1le\u010dn\u00fdch letech okolo P\u0159emysla Ry\u0161av\u00e9ho, Franti\u0161ka Pl\u0161ka, Jaroslava Fadrny, Miroslava Fab\u00edka a Franti\u0161ka Musila star\u0161\u00edho, kter\u00fd pak byl dlouholet\u00fdm vedouc\u00edm Pusto\u017elebsk\u00e9 pracovn\u00ed skupiny brn\u011bnsk\u00e9ho Speleologick\u00e9ho klubu.&nbsp; U\u017e v&nbsp;roce 1957 byla postavena prvn\u00ed z\u00e1kladna, \u010di sp\u00ed\u0161 k\u016flna na n\u00e1\u0159ad\u00ed, na hran\u011b Pust\u00e9ho \u017elebu v&nbsp;bl\u00edzkosti obce Suchdol, kter\u00e1 byla postupn\u011b roz\u0161i\u0159ov\u00e1na a zvelebov\u00e1na a dodnes n\u00e1m slou\u017e\u00ed jako \u00fato\u010di\u0161t\u011b i v\u00fdchoz\u00ed bod na\u0161ich podzemn\u00edch v\u00fdprav v&nbsp;Moravsk\u00e9m krasu.<\/p>\n\n\n\n<figure class=\"wp-block-image\"><img decoding=\"async\" src=\"https:\/\/pustyzleb.cz\/wp-content\/uploads\/2022\/04\/01_Franci_sen_Fabik_Rysavy-1024x722.jpg\" alt=\"\"\/><figcaption>Prvn\u00ed badatel\u00e9 Pusto\u017elebsk\u00e9 skupiny, zleva: Miroslav Fab\u00edk, Franti\u0161ek Musil sen., P\u0159emysl Ry\u0161av\u00fd (Foto archiv ZO)<\/figcaption><\/figure>\n\n\n\n<p>B\u011bhem tak\u0159ka 50 let byly p\u0159edm\u011btem z\u00e1jmu speleolog\u016f z\u00a0Pust\u00e9ho \u017elebu des\u00edtky jeskyn\u00ed a\u00a0z\u00e1vrt\u016f v\u00a0severn\u00ed \u010d\u00e1sti Moravsk\u00e9ho krasu. Skupinou za tu dobu pro\u0161la cel\u00e1 \u0159ada v\u00fdznamn\u00fdch badatel\u016f \u2013 vzpome\u0148me mj. Stanislava Mayera, n\u011bkdej\u0161\u00edho p\u0159edsedu Speleoklubu \u010di Igora Audyho, kter\u00fd si posl\u00e9ze zalo\u017eil vlastn\u00ed skupinu Topas. V\u00a0Pust\u00e9m \u017elebu m\u00e1 sv\u00e9 ko\u0159eny tak\u00e9 ZO \u010cSS 6-22 Devon. Z\u00a0nejv\u00fdznamn\u011bj\u0161\u00edch lokalit, na kter\u00fdch skupina p\u016fsobila, jmenujme alespo\u0148 n\u011bkter\u00e9: jeskyni \u0158e\u010di\u0161t\u011b (objev v\u00fdznamn\u00e9 v\u00fdtokov\u00e9 jeskyn\u011b v\u00a0Pust\u00e9m \u017elebu, tehdy s\u00a0nejvy\u0161\u0161\u00edm stalagn\u00e1tem ve st\u0159edn\u00ed Evrop\u011b), D\u00e1msk\u00fd z\u00e1vrt, kde bylo dosa\u017eeno hloubky 120\u00a0m, Doln\u00ed Hamern\u00edkovou v\u00a0Odvod\u0148ovac\u00ed \u0161tole z\u00a0Punkevn\u00edch jeskyn\u00ed. <\/p>\n\n\n\n<figure class=\"wp-block-image size-full\"><img loading=\"lazy\" decoding=\"async\" width=\"502\" height=\"456\" src=\"https:\/\/pustyzleb.cz\/wp-content\/uploads\/2022\/04\/Fadrna_Damsky.jpg\" alt=\"\" class=\"wp-image-567\" srcset=\"https:\/\/pustyzleb.cz\/wp-content\/uploads\/2022\/04\/Fadrna_Damsky.jpg 502w, https:\/\/pustyzleb.cz\/wp-content\/uploads\/2022\/04\/Fadrna_Damsky-300x273.jpg 300w\" sizes=\"auto, (max-width: 502px) 100vw, 502px\" \/><figcaption>J. Fadrna obsluhuje vr\u00e1tek na D\u00e1msk\u00e9m z\u00e1vrtu, 1964<br>(Foto F. Musil sen.)<\/figcaption><\/figure>\n\n\n\n<p>Des\u00edtky a\u00a0stovky akc\u00ed byly odpracov\u00e1ny v\u00a0drobn\u011bj\u0161\u00edch lokalit\u00e1ch v\u00a0Pust\u00e9m \u017elebu (jeskyn\u011b Velk\u00fd pes, Vin\u0161ulka, Rube\u0161ova a\u00a0dal\u0161\u00ed). Jesky\u0148\u00e1\u0159i z\u00a0Pust\u00e9ho \u017elebu se tak\u00e9 pokou\u0161eli o\u00a0otv\u00edrku Cig\u00e1nsk\u00e9ho z\u00e1vrtu je\u0161t\u011b p\u0159ed p\u0159\u00edchodem skupiny Punkva NR a\u00a0b\u00e1dali tak\u00e9 v\u00a0jeskyni U\u00a0Javora, v\u00a0jej\u00ed\u017e bl\u00edzkosti byla pozd\u011bji vyra\u017eena \u0161tola do Nov\u00e9 Amat\u00e9rsk\u00e9 jeskyn\u011b. Mus\u00edme tak\u00e9 zm\u00ednit pod\u00edl na\u0161ich \u010dlen\u016f, zejm\u00e9na obou Franti\u0161k\u016f (Franci) Musil\u016f a\u00a0Stanislava Mayera, na dokumentaci a\u00a0pasportizaci krasov\u00fdch jev\u016f v\u00a0oblasti Pust\u00e9ho \u017elebu, na kter\u00fdch se pod\u00edleli b\u011bhem n\u011bkolika kampan\u00ed.\u00a0<\/p>\n\n\n\n<figure class=\"wp-block-image size-full\"><img loading=\"lazy\" decoding=\"async\" width=\"504\" height=\"456\" src=\"https:\/\/pustyzleb.cz\/wp-content\/uploads\/2022\/04\/Okrouhlik.jpg\" alt=\"\" class=\"wp-image-568\" srcset=\"https:\/\/pustyzleb.cz\/wp-content\/uploads\/2022\/04\/Okrouhlik.jpg 504w, https:\/\/pustyzleb.cz\/wp-content\/uploads\/2022\/04\/Okrouhlik-300x271.jpg 300w\" sizes=\"auto, (max-width: 504px) 100vw, 504px\" \/><figcaption>Otev\u00edrka z\u00e1vrtu Okrouhl\u00edk byla zah\u00e1jena 31. 8. 1968, zleva: I. Audy,<br>F. Musil sen., J. Audyov\u00e1, J. Kacetlov\u00e1, V. Kacetl, F. Musil jun.<br>(Foto V. Kacetl)<\/figcaption><\/figure>\n\n\n\n<p>Skupina rovn\u011b\u017e podnikala n\u00e1v\u0161t\u011bvy a\u00a0exkurze do dal\u0161\u00edch krasov\u00fdch oblast\u00ed v\u00a0tehdej\u0161\u00edm \u010ceskoslovensku. Jednalo o\u00a0\u010detn\u00e9 akce do \u010cesk\u00e9ho a\u00a0Slovensk\u00e9ho krasu, v\u00a0r\u00e1mci kter\u00fdch byly nav\u0161t\u00edveny v\u0161echny tehdy zn\u00e1m\u00e9 a\u00a0v\u00fdznamn\u00e9 lokality, nebo n\u011bkolik v\u00fdprav do Dem\u00e4novsk\u00e9 doliny a\u00a0na Malou Fatru, kde jsme krom\u011b pozn\u00e1v\u00e1n\u00ed tamn\u00edch krasov\u00fdch fenom\u00e9n\u016f tak\u00e9 p\u0159ilo\u017eili ruce k\u00a0d\u00edlu a\u00a0z\u00fa\u010dastnili se \u0159ady pracovn\u00edch akc\u00ed m\u00edstn\u00edch jesky\u0148\u00e1\u0159\u016f.\u00a0<\/p>\n\n\n\n<figure class=\"wp-block-image size-full\"><img loading=\"lazy\" decoding=\"async\" width=\"501\" height=\"670\" src=\"https:\/\/pustyzleb.cz\/wp-content\/uploads\/2022\/04\/Krivan.jpg\" alt=\"\" class=\"wp-image-572\" srcset=\"https:\/\/pustyzleb.cz\/wp-content\/uploads\/2022\/04\/Krivan.jpg 501w, https:\/\/pustyzleb.cz\/wp-content\/uploads\/2022\/04\/Krivan-224x300.jpg 224w\" sizes=\"auto, (max-width: 501px) 100vw, 501px\" \/><figcaption>P\u0159ed vchodem do Kriv\u00e1\u0148sk\u00e9 propasti, Mal\u00e1 Fatra, 1988,<br>zleva: E. Piovar\u010di, Z. Moty\u010dka (Foto F. Musil jun.)<\/figcaption><\/figure>\n\n\n\n<p>Zahrani\u010dn\u00edm cest\u00e1m tehdej\u0161\u00ed doba p\u0159\u00edli\u0161 nep\u0159\u00e1la, p\u0159esto skupina n\u011bkolikr\u00e1t vyjela do Rumunska za pozn\u00e1n\u00edm st\u011b\u017eejn\u00edch krasov\u00fdch oblast\u00ed \u2013 do poho\u0159\u00ed Bihor, v\u00a0\u010dele se zn\u00e1mou krasovou planinou Padi\u0219, Ban\u00e1t, poho\u0159\u00ed Sebe\u0219 s\u00a0jeskyn\u00ed \u0218ura Mare a\u00a0dal\u0161\u00edch. S. Mayer zorganizoval v\u00fdpravu do ukrajinsk\u00fdch jeskyn\u00ed a\u00a0recipro\u010dn\u00ed dru\u017eba prob\u00edhala tak\u00e9 s\u00a0kolegy z\u00a0Polska. Zcela v\u00fdjime\u010dnou pak byla \u00fa\u010dast T. Mokr\u00e9ho na expedici do Belgie.<\/p>\n\n\n\n<figure class=\"wp-block-image size-full\"><img loading=\"lazy\" decoding=\"async\" width=\"975\" height=\"748\" src=\"https:\/\/pustyzleb.cz\/wp-content\/uploads\/2022\/04\/Historie_Rumunsko.jpg\" alt=\"\" class=\"wp-image-570\" srcset=\"https:\/\/pustyzleb.cz\/wp-content\/uploads\/2022\/04\/Historie_Rumunsko.jpg 975w, https:\/\/pustyzleb.cz\/wp-content\/uploads\/2022\/04\/Historie_Rumunsko-300x230.jpg 300w, https:\/\/pustyzleb.cz\/wp-content\/uploads\/2022\/04\/Historie_Rumunsko-768x589.jpg 768w\" sizes=\"auto, (max-width: 767px) 89vw, (max-width: 1000px) 54vw, (max-width: 1071px) 543px, 580px\" \/><figcaption>Rumunsko, Ban\u00e1t, 1986, zleva: F. Musil jun., Z. Moty\u010dka, P. Kopecky\u0301, P. Cely\u0301, L. T\u00f6koly,<br>rumunsky\u0301 pr\u016fvodce Kristian (Foto archiv ZO)<\/figcaption><\/figure>\n\n\n\n<p>\u201ePrehistorie\u201c Pusto\u017elebsk\u00e9 skupiny by jist\u011b vydala na samostatnou publikaci \u010di \u010dl\u00e1nek. Zde ji uv\u00e1d\u00edme jen stru\u010dn\u011b. Tyto webov\u00e9 str\u00e1nky jsou v\u011bnov\u00e1ny p\u0159edev\u0161\u00edm \u010dinnosti v\u00a0r\u00e1mci samostatn\u00e9 z\u00e1kladn\u00ed organizace \u010cesk\u00e9 speleologick\u00e9 spole\u010dnosti od roku 1992.\u00a0<\/p>\n\n\n\n<figure class=\"wp-block-image size-full\"><img loading=\"lazy\" decoding=\"async\" width=\"501\" height=\"274\" src=\"https:\/\/pustyzleb.cz\/wp-content\/uploads\/2022\/04\/Historie_na_zakladne.jpg\" alt=\"\" class=\"wp-image-573\" srcset=\"https:\/\/pustyzleb.cz\/wp-content\/uploads\/2022\/04\/Historie_na_zakladne.jpg 501w, https:\/\/pustyzleb.cz\/wp-content\/uploads\/2022\/04\/Historie_na_zakladne-300x164.jpg 300w\" sizes=\"auto, (max-width: 501px) 100vw, 501px\" \/><figcaption>Ve\u010de\u0159e na z\u00e1kladn\u011b, 1988, zleva: K. Hu\u0308bel, Z. Moty\u010dka, I. L\u00e1n\u00ed\u010dek,<br>T. Pavlovsky\u0301, ? (Foto archiv ZO)<\/figcaption><\/figure>\n","protected":false},"excerpt":{"rendered":"<p>I kdy\u017e samostatn\u00e1 ZO \u010cSS 6-25 Pust\u00fd \u017eleb vznikla a\u017e v&nbsp;roce 1992, p\u0159esn\u011bji 13. 3. 1992, kdy p\u0159edsednictvo schv\u00e1lilo vy\u010dlen\u011bn\u00ed ze ZO \u010cSS 6-12 Speleologick\u00fd klub Brno, jej\u00ed historie sah\u00e1 mnohem hloub\u011bji a n\u00e1\u0161 spolek tak pat\u0159\u00ed k&nbsp;nejstar\u0161\u00edm speleologick\u00fdm skupin\u00e1m p\u016fsob\u00edc\u00edm v&nbsp;Moravsk\u00e9m krasu. Prvn\u00ed z\u00e1rodky \u010dinnosti se formovaly v&nbsp;meziv\u00e1le\u010dn\u00fdch letech okolo P\u0159emysla Ry\u0161av\u00e9ho, Franti\u0161ka Pl\u0161ka, &hellip; <\/p>\n<p class=\"link-more\"><a href=\"https:\/\/pustyzleb.cz\/?page_id=66\" class=\"more-link\">Pokra\u010dovat ve \u010dten\u00ed<span class=\"screen-reader-text\"> &#8220;Historie&#8221;<\/span><\/a><\/p>\n","protected":false},"author":1,"featured_media":0,"parent":54,"menu_order":0,"comment_status":"closed","ping_status":"closed","template":"","meta":{"footnotes":""},"class_list":["post-66","page","type-page","status-publish","hentry"],"yoast_head":"<!-- This site is optimized with the Yoast SEO plugin v19.10 - https:\/\/yoast.com\/wordpress\/plugins\/seo\/ -->\n<title>Historie - ZO \u010cSS 6-25 PUST\u00dd \u017dLEB<\/title>\n<meta name=\"robots\" content=\"index, follow, max-snippet:-1, max-image-preview:large, max-video-preview:-1\" \/>\n<link rel=\"canonical\" href=\"https:\/\/pustyzleb.cz\/?page_id=66\" \/>\n<meta property=\"og:locale\" content=\"cs_CZ\" \/>\n<meta property=\"og:type\" content=\"article\" \/>\n<meta property=\"og:title\" content=\"Historie - ZO \u010cSS 6-25 PUST\u00dd \u017dLEB\" \/>\n<meta property=\"og:description\" content=\"I kdy\u017e samostatn\u00e1 ZO \u010cSS 6-25 Pust\u00fd \u017eleb vznikla a\u017e v&nbsp;roce 1992, p\u0159esn\u011bji 13. 3. 1992, kdy p\u0159edsednictvo schv\u00e1lilo vy\u010dlen\u011bn\u00ed ze ZO \u010cSS 6-12 Speleologick\u00fd klub Brno, jej\u00ed historie sah\u00e1 mnohem hloub\u011bji a n\u00e1\u0161 spolek tak pat\u0159\u00ed k&nbsp;nejstar\u0161\u00edm speleologick\u00fdm skupin\u00e1m p\u016fsob\u00edc\u00edm v&nbsp;Moravsk\u00e9m krasu. Prvn\u00ed z\u00e1rodky \u010dinnosti se formovaly v&nbsp;meziv\u00e1le\u010dn\u00fdch letech okolo P\u0159emysla Ry\u0161av\u00e9ho, Franti\u0161ka Pl\u0161ka, &hellip; Pokra\u010dovat ve \u010dten\u00ed &quot;Historie&quot;\" \/>\n<meta property=\"og:url\" content=\"https:\/\/pustyzleb.cz\/?page_id=66\" \/>\n<meta property=\"og:site_name\" content=\"ZO \u010cSS 6-25 PUST\u00dd \u017dLEB\" \/>\n<meta property=\"article:publisher\" content=\"https:\/\/www.facebook.com\/pustyzleb\" \/>\n<meta property=\"article:modified_time\" content=\"2022-04-07T10:51:23+00:00\" \/>\n<meta property=\"og:image\" content=\"https:\/\/pustyzleb.cz\/wp-content\/uploads\/2022\/04\/01_Franci_sen_Fabik_Rysavy-1024x722.jpg\" \/>\n<meta name=\"twitter:card\" content=\"summary_large_image\" \/>\n<meta name=\"twitter:label1\" content=\"Odhadovan\u00e1 doba \u010dten\u00ed\" \/>\n\t<meta name=\"twitter:data1\" content=\"4 minuty\" \/>\n<script type=\"application\/ld+json\" class=\"yoast-schema-graph\">{\"@context\":\"https:\/\/schema.org\",\"@graph\":[{\"@type\":\"WebPage\",\"@id\":\"https:\/\/pustyzleb.cz\/?page_id=66\",\"url\":\"https:\/\/pustyzleb.cz\/?page_id=66\",\"name\":\"Historie - ZO \u010cSS 6-25 PUST\u00dd \u017dLEB\",\"isPartOf\":{\"@id\":\"https:\/\/pustyzleb.cz\/#website\"},\"datePublished\":\"2022-04-05T20:09:42+00:00\",\"dateModified\":\"2022-04-07T10:51:23+00:00\",\"breadcrumb\":{\"@id\":\"https:\/\/pustyzleb.cz\/?page_id=66#breadcrumb\"},\"inLanguage\":\"cs\",\"potentialAction\":[{\"@type\":\"ReadAction\",\"target\":[\"https:\/\/pustyzleb.cz\/?page_id=66\"]}]},{\"@type\":\"BreadcrumbList\",\"@id\":\"https:\/\/pustyzleb.cz\/?page_id=66#breadcrumb\",\"itemListElement\":[{\"@type\":\"ListItem\",\"position\":1,\"name\":\"Dom\u016f\",\"item\":\"https:\/\/pustyzleb.cz\/\"},{\"@type\":\"ListItem\",\"position\":2,\"name\":\"O n\u00e1s\",\"item\":\"https:\/\/pustyzleb.cz\/?page_id=54\"},{\"@type\":\"ListItem\",\"position\":3,\"name\":\"Historie\"}]},{\"@type\":\"WebSite\",\"@id\":\"https:\/\/pustyzleb.cz\/#website\",\"url\":\"https:\/\/pustyzleb.cz\/\",\"name\":\"ZO \u010cSS 6-25 PUST\u00dd \u017dLEB\",\"description\":\"Pr\u016fzkum jeskyn\u00ed v Moravsk\u00e9m krasu i ve sv\u011bt\u011b\",\"publisher\":{\"@id\":\"https:\/\/pustyzleb.cz\/#organization\"},\"potentialAction\":[{\"@type\":\"SearchAction\",\"target\":{\"@type\":\"EntryPoint\",\"urlTemplate\":\"https:\/\/pustyzleb.cz\/?s={search_term_string}\"},\"query-input\":\"required name=search_term_string\"}],\"inLanguage\":\"cs\"},{\"@type\":\"Organization\",\"@id\":\"https:\/\/pustyzleb.cz\/#organization\",\"name\":\"ZO \u010cSS 6-25 PUST\u00dd \u017dLEB\",\"url\":\"https:\/\/pustyzleb.cz\/\",\"logo\":{\"@type\":\"ImageObject\",\"inLanguage\":\"cs\",\"@id\":\"https:\/\/pustyzleb.cz\/#\/schema\/logo\/image\/\",\"url\":\"https:\/\/pustyzleb.cz\/wp-content\/uploads\/2024\/05\/PZS_LOGO-1.png\",\"contentUrl\":\"https:\/\/pustyzleb.cz\/wp-content\/uploads\/2024\/05\/PZS_LOGO-1.png\",\"width\":250,\"height\":250,\"caption\":\"ZO \u010cSS 6-25 PUST\u00dd \u017dLEB\"},\"image\":{\"@id\":\"https:\/\/pustyzleb.cz\/#\/schema\/logo\/image\/\"},\"sameAs\":[\"https:\/\/www.facebook.com\/pustyzleb\"]}]}<\/script>\n<!-- \/ Yoast SEO plugin. -->","yoast_head_json":{"title":"Historie - ZO \u010cSS 6-25 PUST\u00dd \u017dLEB","robots":{"index":"index","follow":"follow","max-snippet":"max-snippet:-1","max-image-preview":"max-image-preview:large","max-video-preview":"max-video-preview:-1"},"canonical":"https:\/\/pustyzleb.cz\/?page_id=66","og_locale":"cs_CZ","og_type":"article","og_title":"Historie - ZO \u010cSS 6-25 PUST\u00dd \u017dLEB","og_description":"I kdy\u017e samostatn\u00e1 ZO \u010cSS 6-25 Pust\u00fd \u017eleb vznikla a\u017e v&nbsp;roce 1992, p\u0159esn\u011bji 13. 3. 1992, kdy p\u0159edsednictvo schv\u00e1lilo vy\u010dlen\u011bn\u00ed ze ZO \u010cSS 6-12 Speleologick\u00fd klub Brno, jej\u00ed historie sah\u00e1 mnohem hloub\u011bji a n\u00e1\u0161 spolek tak pat\u0159\u00ed k&nbsp;nejstar\u0161\u00edm speleologick\u00fdm skupin\u00e1m p\u016fsob\u00edc\u00edm v&nbsp;Moravsk\u00e9m krasu. Prvn\u00ed z\u00e1rodky \u010dinnosti se formovaly v&nbsp;meziv\u00e1le\u010dn\u00fdch letech okolo P\u0159emysla Ry\u0161av\u00e9ho, Franti\u0161ka Pl\u0161ka, &hellip; Pokra\u010dovat ve \u010dten\u00ed \"Historie\"","og_url":"https:\/\/pustyzleb.cz\/?page_id=66","og_site_name":"ZO \u010cSS 6-25 PUST\u00dd \u017dLEB","article_publisher":"https:\/\/www.facebook.com\/pustyzleb","article_modified_time":"2022-04-07T10:51:23+00:00","og_image":[{"url":"https:\/\/pustyzleb.cz\/wp-content\/uploads\/2022\/04\/01_Franci_sen_Fabik_Rysavy-1024x722.jpg"}],"twitter_card":"summary_large_image","twitter_misc":{"Odhadovan\u00e1 doba \u010dten\u00ed":"4 minuty"},"schema":{"@context":"https:\/\/schema.org","@graph":[{"@type":"WebPage","@id":"https:\/\/pustyzleb.cz\/?page_id=66","url":"https:\/\/pustyzleb.cz\/?page_id=66","name":"Historie - ZO \u010cSS 6-25 PUST\u00dd \u017dLEB","isPartOf":{"@id":"https:\/\/pustyzleb.cz\/#website"},"datePublished":"2022-04-05T20:09:42+00:00","dateModified":"2022-04-07T10:51:23+00:00","breadcrumb":{"@id":"https:\/\/pustyzleb.cz\/?page_id=66#breadcrumb"},"inLanguage":"cs","potentialAction":[{"@type":"ReadAction","target":["https:\/\/pustyzleb.cz\/?page_id=66"]}]},{"@type":"BreadcrumbList","@id":"https:\/\/pustyzleb.cz\/?page_id=66#breadcrumb","itemListElement":[{"@type":"ListItem","position":1,"name":"Dom\u016f","item":"https:\/\/pustyzleb.cz\/"},{"@type":"ListItem","position":2,"name":"O n\u00e1s","item":"https:\/\/pustyzleb.cz\/?page_id=54"},{"@type":"ListItem","position":3,"name":"Historie"}]},{"@type":"WebSite","@id":"https:\/\/pustyzleb.cz\/#website","url":"https:\/\/pustyzleb.cz\/","name":"ZO \u010cSS 6-25 PUST\u00dd \u017dLEB","description":"Pr\u016fzkum jeskyn\u00ed v Moravsk\u00e9m krasu i ve sv\u011bt\u011b","publisher":{"@id":"https:\/\/pustyzleb.cz\/#organization"},"potentialAction":[{"@type":"SearchAction","target":{"@type":"EntryPoint","urlTemplate":"https:\/\/pustyzleb.cz\/?s={search_term_string}"},"query-input":"required name=search_term_string"}],"inLanguage":"cs"},{"@type":"Organization","@id":"https:\/\/pustyzleb.cz\/#organization","name":"ZO \u010cSS 6-25 PUST\u00dd \u017dLEB","url":"https:\/\/pustyzleb.cz\/","logo":{"@type":"ImageObject","inLanguage":"cs","@id":"https:\/\/pustyzleb.cz\/#\/schema\/logo\/image\/","url":"https:\/\/pustyzleb.cz\/wp-content\/uploads\/2024\/05\/PZS_LOGO-1.png","contentUrl":"https:\/\/pustyzleb.cz\/wp-content\/uploads\/2024\/05\/PZS_LOGO-1.png","width":250,"height":250,"caption":"ZO \u010cSS 6-25 PUST\u00dd \u017dLEB"},"image":{"@id":"https:\/\/pustyzleb.cz\/#\/schema\/logo\/image\/"},"sameAs":["https:\/\/www.facebook.com\/pustyzleb"]}]}},"_links":{"self":[{"href":"https:\/\/pustyzleb.cz\/index.php?rest_route=\/wp\/v2\/pages\/66","targetHints":{"allow":["GET"]}}],"collection":[{"href":"https:\/\/pustyzleb.cz\/index.php?rest_route=\/wp\/v2\/pages"}],"about":[{"href":"https:\/\/pustyzleb.cz\/index.php?rest_route=\/wp\/v2\/types\/page"}],"author":[{"embeddable":true,"href":"https:\/\/pustyzleb.cz\/index.php?rest_route=\/wp\/v2\/users\/1"}],"replies":[{"embeddable":true,"href":"https:\/\/pustyzleb.cz\/index.php?rest_route=%2Fwp%2Fv2%2Fcomments&post=66"}],"version-history":[{"count":17,"href":"https:\/\/pustyzleb.cz\/index.php?rest_route=\/wp\/v2\/pages\/66\/revisions"}],"predecessor-version":[{"id":574,"href":"https:\/\/pustyzleb.cz\/index.php?rest_route=\/wp\/v2\/pages\/66\/revisions\/574"}],"up":[{"embeddable":true,"href":"https:\/\/pustyzleb.cz\/index.php?rest_route=\/wp\/v2\/pages\/54"}],"wp:attachment":[{"href":"https:\/\/pustyzleb.cz\/index.php?rest_route=%2Fwp%2Fv2%2Fmedia&parent=66"}],"curies":[{"name":"wp","href":"https:\/\/api.w.org\/{rel}","templated":true}]}}