{"id":81,"date":"2022-04-05T20:41:20","date_gmt":"2022-04-05T20:41:20","guid":{"rendered":"https:\/\/pustyzleb.cz\/?page_id=81"},"modified":"2026-03-01T20:32:34","modified_gmt":"2026-03-01T20:32:34","slug":"moravsky-kras","status":"publish","type":"page","link":"https:\/\/pustyzleb.cz\/?page_id=81","title":{"rendered":"Moravsk\u00fd kras"},"content":{"rendered":"\n<p>Jak ji\u017e s\u00e1m n\u00e1zev skupiny napov\u00edd\u00e1, t\u011b\u017ei\u0161t\u011bm na\u0161ich speleologick\u00fdch pr\u016fzkum\u016f je severn\u00ed \u010d\u00e1st Moravsk\u00e9ho krasu v&nbsp;t\u011bsn\u00e9 bl\u00edzkosti Pust\u00e9ho \u017elebu a&nbsp;specificky lokalit v\u00e1zan\u00fdch na podzemn\u00ed tok Sloupsk\u00e9ho potoka. <\/p>\n\n\n\n<div class=\"wp-block-columns is-layout-flex wp-container-core-columns-is-layout-9d6595d7 wp-block-columns-is-layout-flex\">\n<div class=\"wp-block-column is-layout-flow wp-block-column-is-layout-flow\">\n<figure class=\"wp-block-image size-full is-resized\"><a href=\"https:\/\/pustyzleb.cz\/?page_id=95\"><img decoding=\"async\" src=\"https:\/\/pustyzleb.cz\/wp-content\/uploads\/2022\/04\/34_Honza_Brousek_Goticka_chodba-scaled-e1649191308630.jpeg\" alt=\"\" class=\"wp-image-83\" style=\"aspect-ratio:1;object-fit:cover;width:321px\"\/><\/a><\/figure>\n<\/div>\n\n\n\n<div class=\"wp-block-column is-layout-flow wp-block-column-is-layout-flow\">\n<h3 class=\"wp-block-heading\"><a href=\"https:\/\/pustyzleb.cz\/?page_id=95\" data-type=\"page\" data-id=\"95\">Nov\u00fd Sloupsk\u00fd koridor<\/a><\/h3>\n\n\n\n<p>Nov\u011b zp\u0159\u00edstupn\u011bn\u00e1 \u010d\u00e1st jeskynn\u00edho syst\u00e9mu mezi Amat\u00e9rskou jeskyn\u00ed a Sloupsko-\u0161o\u0161\u016fvsk\u00fdmi jeskyn\u011bmi.<\/p>\n\n\n\n<div class=\"wp-block-buttons is-layout-flex wp-block-buttons-is-layout-flex\">\n<div class=\"wp-block-button is-style-outline is-style-outline--1\"><a class=\"wp-block-button__link wp-element-button\" href=\"https:\/\/pustyzleb.cz\/?page_id=95\">V\u00edce o jeskyni<\/a><\/div>\n<\/div>\n<\/div>\n<\/div>\n\n\n\n<hr class=\"wp-block-separator has-css-opacity is-style-wide\"\/>\n\n\n\n<div class=\"wp-block-columns is-layout-flex wp-container-core-columns-is-layout-9d6595d7 wp-block-columns-is-layout-flex\">\n<div class=\"wp-block-column is-layout-flow wp-block-column-is-layout-flow\">\n<figure class=\"wp-block-image size-large\"><a href=\"https:\/\/pustyzleb.cz\/?page_id=237\"><img loading=\"lazy\" decoding=\"async\" width=\"1024\" height=\"1024\" src=\"https:\/\/pustyzleb.cz\/wp-content\/uploads\/2022\/04\/07_Honza_Sachta_EI_Propast-1024x1024.jpg\" alt=\"\" class=\"wp-image-205\" style=\"aspect-ratio:1;object-fit:cover\"\/><\/a><\/figure>\n<\/div>\n\n\n\n<div class=\"wp-block-column is-layout-flow wp-block-column-is-layout-flow\">\n<h3 class=\"wp-block-heading\"><a href=\"https:\/\/pustyzleb.cz\/?page_id=237\" data-type=\"page\" data-id=\"237\">\u0160achta Za Evropou a Indi\u00ed<\/a><\/h3>\n\n\n\n<p>Znovuotev\u0159en\u00ed legend\u00e1rn\u00ed zavalen\u00e9 \u0161achty ve Sloup\u011b.<\/p>\n\n\n\n<div class=\"wp-block-buttons is-layout-flex wp-block-buttons-is-layout-flex\">\n<div class=\"wp-block-button is-style-outline is-style-outline--2\"><a class=\"wp-block-button__link wp-element-button\" href=\"https:\/\/pustyzleb.cz\/?page_id=237\">V\u00edce o jeskyni<\/a><\/div>\n<\/div>\n<\/div>\n<\/div>\n\n\n\n<hr class=\"wp-block-separator has-css-opacity is-style-wide\"\/>\n\n\n\n<div class=\"wp-block-columns is-layout-flex wp-container-core-columns-is-layout-9d6595d7 wp-block-columns-is-layout-flex\">\n<div class=\"wp-block-column is-layout-flow wp-block-column-is-layout-flow\">\n<figure class=\"wp-block-image size-large\"><a href=\"https:\/\/pustyzleb.cz\/?page_id=218\"><img loading=\"lazy\" decoding=\"async\" width=\"1024\" height=\"1024\" src=\"https:\/\/pustyzleb.cz\/wp-content\/uploads\/2022\/04\/Amaterka-1024x1024.jpg\" alt=\"\" class=\"wp-image-209\" style=\"aspect-ratio:1;object-fit:cover\" srcset=\"https:\/\/pustyzleb.cz\/wp-content\/uploads\/2022\/04\/Amaterka-1024x1024.jpg 1024w, https:\/\/pustyzleb.cz\/wp-content\/uploads\/2022\/04\/Amaterka-300x300.jpg 300w, https:\/\/pustyzleb.cz\/wp-content\/uploads\/2022\/04\/Amaterka-150x150.jpg 150w, https:\/\/pustyzleb.cz\/wp-content\/uploads\/2022\/04\/Amaterka-768x768.jpg 768w, https:\/\/pustyzleb.cz\/wp-content\/uploads\/2022\/04\/Amaterka-1536x1536.jpg 1536w, https:\/\/pustyzleb.cz\/wp-content\/uploads\/2022\/04\/Amaterka-2048x2048.jpg 2048w, https:\/\/pustyzleb.cz\/wp-content\/uploads\/2022\/04\/Amaterka-100x100.jpg 100w\" sizes=\"auto, (max-width: 767px) 89vw, (max-width: 1000px) 54vw, (max-width: 1071px) 543px, 580px\" \/><\/a><\/figure>\n<\/div>\n\n\n\n<div class=\"wp-block-column is-layout-flow wp-block-column-is-layout-flow\">\n<h3 class=\"wp-block-heading\"><a href=\"https:\/\/pustyzleb.cz\/?page_id=218\" data-type=\"page\" data-id=\"218\">Amat\u00e9rsk\u00e1 jeskyn\u011b<\/a><\/h3>\n\n\n\n<p>Od roku 1993 se pod\u00edl\u00edme na v\u00fdzkumu hlavn\u011b ve Sloupsk\u00e9m koridoru, Bludi\u0161ti Milana \u0160lechty a na podzemn\u00ed Punkv\u011b.<\/p>\n\n\n\n<div class=\"wp-block-buttons is-layout-flex wp-block-buttons-is-layout-flex\">\n<div class=\"wp-block-button is-style-outline is-style-outline--3\"><a class=\"wp-block-button__link wp-element-button\" href=\"https:\/\/pustyzleb.cz\/?page_id=218\">V\u00edce o jeskyni<\/a><\/div>\n<\/div>\n<\/div>\n<\/div>\n\n\n\n<hr class=\"wp-block-separator has-css-opacity is-style-wide\"\/>\n\n\n\n<div class=\"wp-block-columns is-layout-flex wp-container-core-columns-is-layout-9d6595d7 wp-block-columns-is-layout-flex\">\n<div class=\"wp-block-column is-layout-flow wp-block-column-is-layout-flow\">\n<figure class=\"wp-block-image size-full\"><a href=\"https:\/\/pustyzleb.cz\/?page_id=2285\"><img loading=\"lazy\" decoding=\"async\" width=\"960\" height=\"960\" src=\"https:\/\/pustyzleb.cz\/wp-content\/uploads\/2026\/03\/Jarni240323_-_4.jpeg\" alt=\"\" class=\"wp-image-2299\" style=\"aspect-ratio:1;object-fit:cover\" srcset=\"https:\/\/pustyzleb.cz\/wp-content\/uploads\/2026\/03\/Jarni240323_-_4.jpeg 960w, https:\/\/pustyzleb.cz\/wp-content\/uploads\/2026\/03\/Jarni240323_-_4-300x300.jpeg 300w, https:\/\/pustyzleb.cz\/wp-content\/uploads\/2026\/03\/Jarni240323_-_4-150x150.jpeg 150w, https:\/\/pustyzleb.cz\/wp-content\/uploads\/2026\/03\/Jarni240323_-_4-768x768.jpeg 768w, https:\/\/pustyzleb.cz\/wp-content\/uploads\/2026\/03\/Jarni240323_-_4-100x100.jpeg 100w\" sizes=\"auto, (max-width: 767px) 89vw, (max-width: 1000px) 54vw, (max-width: 1071px) 543px, 580px\" \/><\/a><\/figure>\n<\/div>\n\n\n\n<div class=\"wp-block-column is-layout-flow wp-block-column-is-layout-flow\">\n<h3 class=\"wp-block-heading\"><a href=\"https:\/\/pustyzleb.cz\/?page_id=2285\">Jeskyn\u011b Jarn\u00ed<\/a><\/h3>\n\n\n\n<p>Kop\u00e1n\u00ed v klasick\u00e9 \u017elebov\u00e9 jeskyni.<\/p>\n\n\n\n<div class=\"wp-block-buttons has-white-background-color has-background is-layout-flex wp-block-buttons-is-layout-flex\">\n<div class=\"wp-block-button is-style-outline is-style-outline--4\"><a class=\"wp-block-button__link wp-element-button\" href=\"https:\/\/pustyzleb.cz\/?page_id=2285\">V\u00edce o jeskyni<\/a><\/div>\n<\/div>\n<\/div>\n<\/div>\n\n\n\n<hr class=\"wp-block-separator has-alpha-channel-opacity is-style-wide\"\/>\n\n\n\n<div class=\"wp-block-columns is-layout-flex wp-container-core-columns-is-layout-9d6595d7 wp-block-columns-is-layout-flex\">\n<div class=\"wp-block-column is-layout-flow wp-block-column-is-layout-flow\">\n<figure class=\"wp-block-image size-full\"><a href=\"https:\/\/pustyzleb.cz\/?page_id=841\"><img loading=\"lazy\" decoding=\"async\" width=\"600\" height=\"600\" src=\"https:\/\/pustyzleb.cz\/wp-content\/uploads\/2022\/04\/Punkva_icon.jpg\" alt=\"\" class=\"wp-image-918\" style=\"aspect-ratio:1;object-fit:cover\" srcset=\"https:\/\/pustyzleb.cz\/wp-content\/uploads\/2022\/04\/Punkva_icon.jpg 600w, https:\/\/pustyzleb.cz\/wp-content\/uploads\/2022\/04\/Punkva_icon-300x300.jpg 300w, https:\/\/pustyzleb.cz\/wp-content\/uploads\/2022\/04\/Punkva_icon-150x150.jpg 150w, https:\/\/pustyzleb.cz\/wp-content\/uploads\/2022\/04\/Punkva_icon-100x100.jpg 100w\" sizes=\"auto, (max-width: 600px) 100vw, 600px\" \/><\/a><\/figure>\n<\/div>\n\n\n\n<div class=\"wp-block-column is-layout-flow wp-block-column-is-layout-flow\">\n<h3 class=\"wp-block-heading\"><a href=\"https:\/\/pustyzleb.cz\/?page_id=841\">Objevy na podzemn\u00ed Punkv\u011b<\/a><\/h3>\n\n\n\n<p>Pot\u00e1p\u011b\u010dsk\u00e9 pr\u016fzkumy na Punkv\u011b v Amat\u00e9rsk\u00e9 jeskyni<\/p>\n\n\n\n<div class=\"wp-block-buttons is-layout-flex wp-block-buttons-is-layout-flex\">\n<div class=\"wp-block-button is-style-outline is-style-outline--5\"><a class=\"wp-block-button__link wp-element-button\" href=\"https:\/\/pustyzleb.cz\/?page_id=841\">V\u00edce o pot\u00e1p\u011bn\u00ed na Punkv\u011b<\/a><\/div>\n<\/div>\n<\/div>\n<\/div>\n\n\n\n<hr class=\"wp-block-separator has-css-opacity is-style-wide\"\/>\n\n\n\n<div class=\"wp-block-columns is-layout-flex wp-container-core-columns-is-layout-9d6595d7 wp-block-columns-is-layout-flex\">\n<div class=\"wp-block-column is-layout-flow wp-block-column-is-layout-flow\">\n<figure class=\"wp-block-image size-large\"><a href=\"https:\/\/pustyzleb.cz\/?page_id=526\"><img loading=\"lazy\" decoding=\"async\" width=\"1024\" height=\"1022\" src=\"https:\/\/pustyzleb.cz\/wp-content\/uploads\/2022\/04\/SJ_vstup-1024x1022.jpeg\" alt=\"\" class=\"wp-image-535\" style=\"aspect-ratio:1;object-fit:cover\" srcset=\"https:\/\/pustyzleb.cz\/wp-content\/uploads\/2022\/04\/SJ_vstup-1024x1022.jpeg 1024w, https:\/\/pustyzleb.cz\/wp-content\/uploads\/2022\/04\/SJ_vstup-300x300.jpeg 300w, https:\/\/pustyzleb.cz\/wp-content\/uploads\/2022\/04\/SJ_vstup-150x150.jpeg 150w, https:\/\/pustyzleb.cz\/wp-content\/uploads\/2022\/04\/SJ_vstup-768x766.jpeg 768w, https:\/\/pustyzleb.cz\/wp-content\/uploads\/2022\/04\/SJ_vstup-1536x1533.jpeg 1536w, https:\/\/pustyzleb.cz\/wp-content\/uploads\/2022\/04\/SJ_vstup-2048x2044.jpeg 2048w, https:\/\/pustyzleb.cz\/wp-content\/uploads\/2022\/04\/SJ_vstup-100x100.jpeg 100w\" sizes=\"auto, (max-width: 767px) 89vw, (max-width: 1000px) 54vw, (max-width: 1071px) 543px, 580px\" \/><\/a><\/figure>\n<\/div>\n\n\n\n<div class=\"wp-block-column is-layout-flow wp-block-column-is-layout-flow\">\n<h3 class=\"wp-block-heading\"><a href=\"https:\/\/pustyzleb.cz\/?page_id=526\" data-type=\"page\" data-id=\"526\">Sloupsko-\u0161o\u0161\u016fvsk\u00e9 jeskyn\u011b<\/a><\/h3>\n\n\n\n<p>N\u00e1\u0161 v\u00fdzkum na t\u00e9to lokalit\u011b se zam\u011b\u0159uje p\u0159edev\u0161\u00edm na hled\u00e1n\u00ed nezn\u00e1m\u00fdch cest Sloupsk\u00e9ho potoka.<\/p>\n\n\n\n<div class=\"wp-block-buttons is-layout-flex wp-block-buttons-is-layout-flex\">\n<div class=\"wp-block-button is-style-outline is-style-outline--6\"><a class=\"wp-block-button__link wp-element-button\" href=\"https:\/\/pustyzleb.cz\/?page_id=526\">V\u00edce o jeskyni<\/a><\/div>\n<\/div>\n<\/div>\n<\/div>\n\n\n\n<hr class=\"wp-block-separator has-css-opacity is-style-wide\"\/>\n\n\n\n<div class=\"wp-block-columns is-layout-flex wp-container-core-columns-is-layout-9d6595d7 wp-block-columns-is-layout-flex\">\n<div class=\"wp-block-column is-layout-flow wp-block-column-is-layout-flow\">\n<figure class=\"wp-block-image size-large\"><a href=\"https:\/\/pustyzleb.cz\/?page_id=530\"><img loading=\"lazy\" decoding=\"async\" width=\"1024\" height=\"1024\" src=\"https:\/\/pustyzleb.cz\/wp-content\/uploads\/2022\/04\/Sloupske_Vintoky-1024x1024.jpg\" alt=\"\" class=\"wp-image-211\" style=\"aspect-ratio:1;object-fit:cover\" srcset=\"https:\/\/pustyzleb.cz\/wp-content\/uploads\/2022\/04\/Sloupske_Vintoky-1024x1024.jpg 1024w, https:\/\/pustyzleb.cz\/wp-content\/uploads\/2022\/04\/Sloupske_Vintoky-300x300.jpg 300w, https:\/\/pustyzleb.cz\/wp-content\/uploads\/2022\/04\/Sloupske_Vintoky-150x150.jpg 150w, https:\/\/pustyzleb.cz\/wp-content\/uploads\/2022\/04\/Sloupske_Vintoky-768x768.jpg 768w, https:\/\/pustyzleb.cz\/wp-content\/uploads\/2022\/04\/Sloupske_Vintoky-100x100.jpg 100w, https:\/\/pustyzleb.cz\/wp-content\/uploads\/2022\/04\/Sloupske_Vintoky.jpg 1032w\" sizes=\"auto, (max-width: 767px) 89vw, (max-width: 1000px) 54vw, (max-width: 1071px) 543px, 580px\" \/><\/a><\/figure>\n<\/div>\n\n\n\n<div class=\"wp-block-column is-layout-flow wp-block-column-is-layout-flow\">\n<h3 class=\"wp-block-heading\"><a href=\"https:\/\/pustyzleb.cz\/?page_id=530\" data-type=\"page\" data-id=\"530\">Sloupsk\u00e9 Vintoky<\/a><\/h3>\n\n\n\n<p>Tradi\u010dn\u00ed b\u00e1dac\u00ed lokalita, kde jsme pracovali na p\u0159elomu 80. a 90. let minul\u00e9ho stolet\u00ed.<\/p>\n\n\n\n<div class=\"wp-block-buttons is-layout-flex wp-block-buttons-is-layout-flex\">\n<div class=\"wp-block-button is-style-outline is-style-outline--7\"><a class=\"wp-block-button__link wp-element-button\" href=\"https:\/\/pustyzleb.cz\/?page_id=530\">V\u00edce o jeskyni<\/a><\/div>\n<\/div>\n<\/div>\n<\/div>\n\n\n\n<hr class=\"wp-block-separator has-css-opacity is-style-wide\"\/>\n\n\n\n<div class=\"wp-block-columns is-layout-flex wp-container-core-columns-is-layout-9d6595d7 wp-block-columns-is-layout-flex\">\n<div class=\"wp-block-column is-layout-flow wp-block-column-is-layout-flow\">\n<figure class=\"wp-block-image size-full\"><a href=\"https:\/\/pustyzleb.cz\/?page_id=845\"><img loading=\"lazy\" decoding=\"async\" width=\"600\" height=\"600\" src=\"https:\/\/pustyzleb.cz\/wp-content\/uploads\/2022\/04\/Mapovani_icon.jpg\" alt=\"\" class=\"wp-image-921\" style=\"aspect-ratio:1;object-fit:cover\" srcset=\"https:\/\/pustyzleb.cz\/wp-content\/uploads\/2022\/04\/Mapovani_icon.jpg 600w, https:\/\/pustyzleb.cz\/wp-content\/uploads\/2022\/04\/Mapovani_icon-300x300.jpg 300w, https:\/\/pustyzleb.cz\/wp-content\/uploads\/2022\/04\/Mapovani_icon-150x150.jpg 150w, https:\/\/pustyzleb.cz\/wp-content\/uploads\/2022\/04\/Mapovani_icon-100x100.jpg 100w\" sizes=\"auto, (max-width: 600px) 100vw, 600px\" \/><\/a><\/figure>\n<\/div>\n\n\n\n<div class=\"wp-block-column is-layout-flow wp-block-column-is-layout-flow\">\n<h3 class=\"wp-block-heading\"><a href=\"https:\/\/pustyzleb.cz\/?page_id=845\" data-type=\"page\" data-id=\"845\">Mapov\u00e1n\u00ed syst\u00e9mu Amat\u00e9rsk\u00e9 jeskyn\u011b<\/a><\/h3>\n\n\n\n<p>Kompletace digit\u00e1ln\u00ed mapy cel\u00e9ho syst\u00e9mu Amat\u00e9rsk\u00e9 jeskyn\u011b.<\/p>\n\n\n\n<div class=\"wp-block-buttons is-layout-flex wp-block-buttons-is-layout-flex\">\n<div class=\"wp-block-button is-style-outline is-style-outline--8\"><a class=\"wp-block-button__link wp-element-button\" href=\"https:\/\/pustyzleb.cz\/?page_id=845\">V\u00edce o mapov\u00e1n\u00ed <\/a><\/div>\n<\/div>\n<\/div>\n<\/div>\n\n\n\n<hr class=\"wp-block-separator has-css-opacity is-style-wide\"\/>\n\n\n\n<div class=\"wp-block-columns is-layout-flex wp-container-core-columns-is-layout-9d6595d7 wp-block-columns-is-layout-flex\">\n<div class=\"wp-block-column is-layout-flow wp-block-column-is-layout-flow\">\n<figure class=\"wp-block-image size-full\"><a href=\"https:\/\/pustyzleb.cz\/?page_id=578\"><img loading=\"lazy\" decoding=\"async\" width=\"600\" height=\"600\" src=\"https:\/\/pustyzleb.cz\/wp-content\/uploads\/2022\/04\/Certova_branka.jpg\" alt=\"\" class=\"wp-image-576\" style=\"aspect-ratio:1;object-fit:cover\" srcset=\"https:\/\/pustyzleb.cz\/wp-content\/uploads\/2022\/04\/Certova_branka.jpg 600w, https:\/\/pustyzleb.cz\/wp-content\/uploads\/2022\/04\/Certova_branka-300x300.jpg 300w, https:\/\/pustyzleb.cz\/wp-content\/uploads\/2022\/04\/Certova_branka-150x150.jpg 150w, https:\/\/pustyzleb.cz\/wp-content\/uploads\/2022\/04\/Certova_branka-100x100.jpg 100w\" sizes=\"auto, (max-width: 600px) 100vw, 600px\" \/><\/a><\/figure>\n<\/div>\n\n\n\n<div class=\"wp-block-column is-layout-flow wp-block-column-is-layout-flow\">\n<h3 class=\"wp-block-heading\"><a href=\"https:\/\/pustyzleb.cz\/?page_id=578\" data-type=\"page\" data-id=\"578\">Ostatn\u00ed lokality<\/a><\/h3>\n\n\n\n<p>Krom\u011b hlavn\u00edch lokalit jsme historicky p\u016fsobili i na mnoha dal\u0161\u00edch m\u00edstech.<\/p>\n\n\n\n<div class=\"wp-block-buttons is-layout-flex wp-block-buttons-is-layout-flex\">\n<div class=\"wp-block-button is-style-outline is-style-outline--9\"><a class=\"wp-block-button__link wp-element-button\" href=\"https:\/\/pustyzleb.cz\/?page_id=578\">V\u00edce o dal\u0161\u00edch lokalit\u00e1ch<\/a><\/div>\n<\/div>\n<\/div>\n<\/div>\n","protected":false},"excerpt":{"rendered":"<p>Jak ji\u017e s\u00e1m n\u00e1zev skupiny napov\u00edd\u00e1, t\u011b\u017ei\u0161t\u011bm na\u0161ich speleologick\u00fdch pr\u016fzkum\u016f je severn\u00ed \u010d\u00e1st Moravsk\u00e9ho krasu v&nbsp;t\u011bsn\u00e9 bl\u00edzkosti Pust\u00e9ho \u017elebu a&nbsp;specificky lokalit v\u00e1zan\u00fdch na podzemn\u00ed tok Sloupsk\u00e9ho potoka. Nov\u00fd Sloupsk\u00fd koridor Nov\u011b zp\u0159\u00edstupn\u011bn\u00e1 \u010d\u00e1st jeskynn\u00edho syst\u00e9mu mezi Amat\u00e9rskou jeskyn\u00ed a Sloupsko-\u0161o\u0161\u016fvsk\u00fdmi jeskyn\u011bmi. \u0160achta Za Evropou a Indi\u00ed Znovuotev\u0159en\u00ed legend\u00e1rn\u00ed zavalen\u00e9 \u0161achty ve Sloup\u011b. Amat\u00e9rsk\u00e1 jeskyn\u011b Od &hellip; <\/p>\n<p class=\"link-more\"><a href=\"https:\/\/pustyzleb.cz\/?page_id=81\" class=\"more-link\">Pokra\u010dovat ve \u010dten\u00ed<span class=\"screen-reader-text\"> &#8220;Moravsk\u00fd kras&#8221;<\/span><\/a><\/p>\n","protected":false},"author":1,"featured_media":0,"parent":0,"menu_order":0,"comment_status":"closed","ping_status":"closed","template":"","meta":{"footnotes":""},"class_list":["post-81","page","type-page","status-publish","hentry"],"yoast_head":"<!-- This site is optimized with the Yoast SEO plugin v19.10 - https:\/\/yoast.com\/wordpress\/plugins\/seo\/ -->\n<title>Moravsk\u00fd kras - ZO \u010cSS 6-25 PUST\u00dd \u017dLEB<\/title>\n<meta name=\"robots\" content=\"index, follow, max-snippet:-1, max-image-preview:large, max-video-preview:-1\" \/>\n<link rel=\"canonical\" href=\"https:\/\/pustyzleb.cz\/?page_id=81\" \/>\n<meta property=\"og:locale\" content=\"cs_CZ\" \/>\n<meta property=\"og:type\" content=\"article\" \/>\n<meta property=\"og:title\" content=\"Moravsk\u00fd kras - ZO \u010cSS 6-25 PUST\u00dd \u017dLEB\" \/>\n<meta property=\"og:description\" content=\"Jak ji\u017e s\u00e1m n\u00e1zev skupiny napov\u00edd\u00e1, t\u011b\u017ei\u0161t\u011bm na\u0161ich speleologick\u00fdch pr\u016fzkum\u016f je severn\u00ed \u010d\u00e1st Moravsk\u00e9ho krasu v&nbsp;t\u011bsn\u00e9 bl\u00edzkosti Pust\u00e9ho \u017elebu a&nbsp;specificky lokalit v\u00e1zan\u00fdch na podzemn\u00ed tok Sloupsk\u00e9ho potoka. Nov\u00fd Sloupsk\u00fd koridor Nov\u011b zp\u0159\u00edstupn\u011bn\u00e1 \u010d\u00e1st jeskynn\u00edho syst\u00e9mu mezi Amat\u00e9rskou jeskyn\u00ed a Sloupsko-\u0161o\u0161\u016fvsk\u00fdmi jeskyn\u011bmi. \u0160achta Za Evropou a Indi\u00ed Znovuotev\u0159en\u00ed legend\u00e1rn\u00ed zavalen\u00e9 \u0161achty ve Sloup\u011b. Amat\u00e9rsk\u00e1 jeskyn\u011b Od &hellip; Pokra\u010dovat ve \u010dten\u00ed &quot;Moravsk\u00fd kras&quot;\" \/>\n<meta property=\"og:url\" content=\"https:\/\/pustyzleb.cz\/?page_id=81\" \/>\n<meta property=\"og:site_name\" content=\"ZO \u010cSS 6-25 PUST\u00dd \u017dLEB\" \/>\n<meta property=\"article:publisher\" content=\"https:\/\/www.facebook.com\/pustyzleb\" \/>\n<meta property=\"article:modified_time\" content=\"2026-03-01T20:32:34+00:00\" \/>\n<meta property=\"og:image\" content=\"https:\/\/pustyzleb.cz\/wp-content\/uploads\/2022\/04\/34_Honza_Brousek_Goticka_chodba-scaled-e1649191308630.jpeg\" \/>\n<meta name=\"twitter:card\" content=\"summary_large_image\" \/>\n<meta name=\"twitter:label1\" content=\"Odhadovan\u00e1 doba \u010dten\u00ed\" \/>\n\t<meta name=\"twitter:data1\" content=\"3 minuty\" \/>\n<script type=\"application\/ld+json\" class=\"yoast-schema-graph\">{\"@context\":\"https:\/\/schema.org\",\"@graph\":[{\"@type\":\"WebPage\",\"@id\":\"https:\/\/pustyzleb.cz\/?page_id=81\",\"url\":\"https:\/\/pustyzleb.cz\/?page_id=81\",\"name\":\"Moravsk\u00fd kras - ZO \u010cSS 6-25 PUST\u00dd \u017dLEB\",\"isPartOf\":{\"@id\":\"https:\/\/pustyzleb.cz\/#website\"},\"datePublished\":\"2022-04-05T20:41:20+00:00\",\"dateModified\":\"2026-03-01T20:32:34+00:00\",\"breadcrumb\":{\"@id\":\"https:\/\/pustyzleb.cz\/?page_id=81#breadcrumb\"},\"inLanguage\":\"cs\",\"potentialAction\":[{\"@type\":\"ReadAction\",\"target\":[\"https:\/\/pustyzleb.cz\/?page_id=81\"]}]},{\"@type\":\"BreadcrumbList\",\"@id\":\"https:\/\/pustyzleb.cz\/?page_id=81#breadcrumb\",\"itemListElement\":[{\"@type\":\"ListItem\",\"position\":1,\"name\":\"Dom\u016f\",\"item\":\"https:\/\/pustyzleb.cz\/\"},{\"@type\":\"ListItem\",\"position\":2,\"name\":\"Moravsk\u00fd kras\"}]},{\"@type\":\"WebSite\",\"@id\":\"https:\/\/pustyzleb.cz\/#website\",\"url\":\"https:\/\/pustyzleb.cz\/\",\"name\":\"ZO \u010cSS 6-25 PUST\u00dd \u017dLEB\",\"description\":\"Pr\u016fzkum jeskyn\u00ed v Moravsk\u00e9m krasu i ve sv\u011bt\u011b\",\"publisher\":{\"@id\":\"https:\/\/pustyzleb.cz\/#organization\"},\"potentialAction\":[{\"@type\":\"SearchAction\",\"target\":{\"@type\":\"EntryPoint\",\"urlTemplate\":\"https:\/\/pustyzleb.cz\/?s={search_term_string}\"},\"query-input\":\"required name=search_term_string\"}],\"inLanguage\":\"cs\"},{\"@type\":\"Organization\",\"@id\":\"https:\/\/pustyzleb.cz\/#organization\",\"name\":\"ZO \u010cSS 6-25 PUST\u00dd \u017dLEB\",\"url\":\"https:\/\/pustyzleb.cz\/\",\"logo\":{\"@type\":\"ImageObject\",\"inLanguage\":\"cs\",\"@id\":\"https:\/\/pustyzleb.cz\/#\/schema\/logo\/image\/\",\"url\":\"https:\/\/pustyzleb.cz\/wp-content\/uploads\/2024\/05\/PZS_LOGO-1.png\",\"contentUrl\":\"https:\/\/pustyzleb.cz\/wp-content\/uploads\/2024\/05\/PZS_LOGO-1.png\",\"width\":250,\"height\":250,\"caption\":\"ZO \u010cSS 6-25 PUST\u00dd \u017dLEB\"},\"image\":{\"@id\":\"https:\/\/pustyzleb.cz\/#\/schema\/logo\/image\/\"},\"sameAs\":[\"https:\/\/www.facebook.com\/pustyzleb\"]}]}<\/script>\n<!-- \/ Yoast SEO plugin. -->","yoast_head_json":{"title":"Moravsk\u00fd kras - ZO \u010cSS 6-25 PUST\u00dd \u017dLEB","robots":{"index":"index","follow":"follow","max-snippet":"max-snippet:-1","max-image-preview":"max-image-preview:large","max-video-preview":"max-video-preview:-1"},"canonical":"https:\/\/pustyzleb.cz\/?page_id=81","og_locale":"cs_CZ","og_type":"article","og_title":"Moravsk\u00fd kras - ZO \u010cSS 6-25 PUST\u00dd \u017dLEB","og_description":"Jak ji\u017e s\u00e1m n\u00e1zev skupiny napov\u00edd\u00e1, t\u011b\u017ei\u0161t\u011bm na\u0161ich speleologick\u00fdch pr\u016fzkum\u016f je severn\u00ed \u010d\u00e1st Moravsk\u00e9ho krasu v&nbsp;t\u011bsn\u00e9 bl\u00edzkosti Pust\u00e9ho \u017elebu a&nbsp;specificky lokalit v\u00e1zan\u00fdch na podzemn\u00ed tok Sloupsk\u00e9ho potoka. Nov\u00fd Sloupsk\u00fd koridor Nov\u011b zp\u0159\u00edstupn\u011bn\u00e1 \u010d\u00e1st jeskynn\u00edho syst\u00e9mu mezi Amat\u00e9rskou jeskyn\u00ed a Sloupsko-\u0161o\u0161\u016fvsk\u00fdmi jeskyn\u011bmi. \u0160achta Za Evropou a Indi\u00ed Znovuotev\u0159en\u00ed legend\u00e1rn\u00ed zavalen\u00e9 \u0161achty ve Sloup\u011b. Amat\u00e9rsk\u00e1 jeskyn\u011b Od &hellip; Pokra\u010dovat ve \u010dten\u00ed \"Moravsk\u00fd kras\"","og_url":"https:\/\/pustyzleb.cz\/?page_id=81","og_site_name":"ZO \u010cSS 6-25 PUST\u00dd \u017dLEB","article_publisher":"https:\/\/www.facebook.com\/pustyzleb","article_modified_time":"2026-03-01T20:32:34+00:00","og_image":[{"url":"https:\/\/pustyzleb.cz\/wp-content\/uploads\/2022\/04\/34_Honza_Brousek_Goticka_chodba-scaled-e1649191308630.jpeg"}],"twitter_card":"summary_large_image","twitter_misc":{"Odhadovan\u00e1 doba \u010dten\u00ed":"3 minuty"},"schema":{"@context":"https:\/\/schema.org","@graph":[{"@type":"WebPage","@id":"https:\/\/pustyzleb.cz\/?page_id=81","url":"https:\/\/pustyzleb.cz\/?page_id=81","name":"Moravsk\u00fd kras - ZO \u010cSS 6-25 PUST\u00dd \u017dLEB","isPartOf":{"@id":"https:\/\/pustyzleb.cz\/#website"},"datePublished":"2022-04-05T20:41:20+00:00","dateModified":"2026-03-01T20:32:34+00:00","breadcrumb":{"@id":"https:\/\/pustyzleb.cz\/?page_id=81#breadcrumb"},"inLanguage":"cs","potentialAction":[{"@type":"ReadAction","target":["https:\/\/pustyzleb.cz\/?page_id=81"]}]},{"@type":"BreadcrumbList","@id":"https:\/\/pustyzleb.cz\/?page_id=81#breadcrumb","itemListElement":[{"@type":"ListItem","position":1,"name":"Dom\u016f","item":"https:\/\/pustyzleb.cz\/"},{"@type":"ListItem","position":2,"name":"Moravsk\u00fd kras"}]},{"@type":"WebSite","@id":"https:\/\/pustyzleb.cz\/#website","url":"https:\/\/pustyzleb.cz\/","name":"ZO \u010cSS 6-25 PUST\u00dd \u017dLEB","description":"Pr\u016fzkum jeskyn\u00ed v Moravsk\u00e9m krasu i ve sv\u011bt\u011b","publisher":{"@id":"https:\/\/pustyzleb.cz\/#organization"},"potentialAction":[{"@type":"SearchAction","target":{"@type":"EntryPoint","urlTemplate":"https:\/\/pustyzleb.cz\/?s={search_term_string}"},"query-input":"required name=search_term_string"}],"inLanguage":"cs"},{"@type":"Organization","@id":"https:\/\/pustyzleb.cz\/#organization","name":"ZO \u010cSS 6-25 PUST\u00dd \u017dLEB","url":"https:\/\/pustyzleb.cz\/","logo":{"@type":"ImageObject","inLanguage":"cs","@id":"https:\/\/pustyzleb.cz\/#\/schema\/logo\/image\/","url":"https:\/\/pustyzleb.cz\/wp-content\/uploads\/2024\/05\/PZS_LOGO-1.png","contentUrl":"https:\/\/pustyzleb.cz\/wp-content\/uploads\/2024\/05\/PZS_LOGO-1.png","width":250,"height":250,"caption":"ZO \u010cSS 6-25 PUST\u00dd \u017dLEB"},"image":{"@id":"https:\/\/pustyzleb.cz\/#\/schema\/logo\/image\/"},"sameAs":["https:\/\/www.facebook.com\/pustyzleb"]}]}},"_links":{"self":[{"href":"https:\/\/pustyzleb.cz\/index.php?rest_route=\/wp\/v2\/pages\/81","targetHints":{"allow":["GET"]}}],"collection":[{"href":"https:\/\/pustyzleb.cz\/index.php?rest_route=\/wp\/v2\/pages"}],"about":[{"href":"https:\/\/pustyzleb.cz\/index.php?rest_route=\/wp\/v2\/types\/page"}],"author":[{"embeddable":true,"href":"https:\/\/pustyzleb.cz\/index.php?rest_route=\/wp\/v2\/users\/1"}],"replies":[{"embeddable":true,"href":"https:\/\/pustyzleb.cz\/index.php?rest_route=%2Fwp%2Fv2%2Fcomments&post=81"}],"version-history":[{"count":32,"href":"https:\/\/pustyzleb.cz\/index.php?rest_route=\/wp\/v2\/pages\/81\/revisions"}],"predecessor-version":[{"id":2302,"href":"https:\/\/pustyzleb.cz\/index.php?rest_route=\/wp\/v2\/pages\/81\/revisions\/2302"}],"wp:attachment":[{"href":"https:\/\/pustyzleb.cz\/index.php?rest_route=%2Fwp%2Fv2%2Fmedia&parent=81"}],"curies":[{"name":"wp","href":"https:\/\/api.w.org\/{rel}","templated":true}]}}