{"id":852,"date":"2022-04-08T08:37:52","date_gmt":"2022-04-08T08:37:52","guid":{"rendered":"https:\/\/pustyzleb.cz\/?page_id=852"},"modified":"2022-04-10T10:17:03","modified_gmt":"2022-04-10T10:17:03","slug":"polsko","status":"publish","type":"page","link":"https:\/\/pustyzleb.cz\/?page_id=852","title":{"rendered":"Polsko"},"content":{"rendered":"\n<p>V&nbsp;d\u0159\u00edv\u011bj\u0161\u00edch dob\u00e1ch platilo, \u017ee polsk\u00e9 Tatry a&nbsp;jejich vertik\u00e1ln\u00ed jeskyn\u011b jsou ide\u00e1ln\u00edm m\u00edstem pro tr\u00e9nink speleo\u00adalpinistick\u00e9 techniky. Krom\u011b toho jsme ji\u017e od konce 80. let 20. stolet\u00ed udr\u017eovali p\u0159\u00e1telsk\u00e9 vztahy se speleology z&nbsp;Krakova a&nbsp;na vz\u00e1jemn\u00e9 v\u00fdm\u011bnn\u00e9 pobyty jsme nav\u00e1zali i&nbsp;v&nbsp;90. letech, kdy se na\u0161i \u010dlenov\u00e9 z\u00fa\u010dastnili n\u011bkolika speleologick\u00fdch kemp\u016f v&nbsp;t\u00e9to oblasti.<\/p>\n\n\n\n<p><span class=\"s1\">Na podzim roku 1992 n\u00e1s oslovil Jaroslaw Rogalski s&nbsp;pozv\u00e1n\u00edm na zimn\u00ed expedici do jeskyn\u011b Mientusia.&nbsp; Zpo\u010d\u00e1tku to vypadalo na po\u010detnou \u010deskou v\u00fdpravu, nakonec jsme z&nbsp;Brna vyrazili t\u0159i: M. Audy, F. Musil a&nbsp;L. V\u0159e\u0161\u0165\u00e1lov\u00e1 (Ondrouchov\u00e1). Akce se d\u00e1le z\u00fa\u010dastnili Milan Bulva z&nbsp;Ti\u0161nova, \u010cejen z&nbsp;Jihlavy, J. Rogalski a&nbsp;dva mlad\u00ed Pol\u00e1ci, jejich\u017e jm\u00e9na se v&nbsp;z\u00e1znamech nezachovala.&nbsp;Pro\u0161li jsme celou jeskyn\u00ed a\u017e do koncov\u00fdch parti\u00ed, cel\u00fd pr\u016fstup trval asi osm hodin. Na m\u00edst\u011b jsme si postavili bivak a&nbsp;tam \u010dty\u0159i dny prov\u00e1d\u011bli pr\u016fzkum, p\u0159ev\u00e1\u017en\u011b lezen\u00ed kom\u00edn\u016f, dokumentaci, fotografov\u00e1n\u00ed a&nbsp;mapov\u00e1n\u00ed. Zimn\u00ed term\u00edn byl nutn\u00fd z&nbsp;d\u016fvodu n\u00edzk\u00fdch stav\u016f vody, v&nbsp;l\u00e9t\u011b je zde hladina vody o&nbsp;des\u00edtky metr\u016f v\u00fd\u0161e, jak dokumentuj\u00ed v\u0161udyp\u0159\u00edtomn\u00e9 vodn\u00ed \u010d\u00e1ry vysoko v&nbsp;chodb\u00e1ch a&nbsp;kom\u00ednech.&nbsp;<\/span><\/p>\n\n\n\n<p><span class=\"s2\">V&nbsp;n\u00e1vaznosti na zimn\u00ed v\u00fdpravu do jeskyn\u011b Mientusia jsme byli pozvan\u00ed na letn\u00ed speleokemp v&nbsp;Zakopan\u00e9m, kde pol\u0161t\u00ed adepti jesky\u0148\u00e1\u0159stv\u00ed z\u00edsk\u00e1vaj\u00ed cenn\u00e9 zku\u0161enosti v&nbsp;prost\u0159ed\u00ed tatransk\u00e9ho krasu.&nbsp; Nav\u0161t\u00edvili jsme zn\u00e1m\u00e9 horsk\u00e9 jeskyn\u011b Pod Wantom, Ptasia Studnia, Bandzioch Kominarsky a&nbsp;syst\u00e9m Wielka \u015anie\u017cna \u2013 Nad Kotlinami, kde jsme dos\u00e1hli hloubky 450 m.&nbsp;<\/span><\/p>\n\n\n\n<figure class=\"wp-block-image size-large\"><img loading=\"lazy\" decoding=\"async\" width=\"1024\" height=\"761\" src=\"https:\/\/pustyzleb.cz\/wp-content\/uploads\/2022\/04\/Niedwedzia-1024x761.jpg\" alt=\"\" class=\"wp-image-982\" srcset=\"https:\/\/pustyzleb.cz\/wp-content\/uploads\/2022\/04\/Niedwedzia-1024x761.jpg 1024w, https:\/\/pustyzleb.cz\/wp-content\/uploads\/2022\/04\/Niedwedzia-300x223.jpg 300w, https:\/\/pustyzleb.cz\/wp-content\/uploads\/2022\/04\/Niedwedzia-768x570.jpg 768w, https:\/\/pustyzleb.cz\/wp-content\/uploads\/2022\/04\/Niedwedzia.jpg 1038w\" sizes=\"auto, (max-width: 767px) 89vw, (max-width: 1000px) 54vw, (max-width: 1071px) 543px, 580px\" \/><figcaption>Po n\u00e1v\u0161t\u011bv\u011b jeskyn\u011b Nied\u017awiedzia, Polsko, zleva: T. Ondrouch, P. Cely\u0301, J. Paul\u00edkov\u00e1, L. Ondrouchov\u00e1, ?, ? (Foto Z. Moty\u010dka)<\/figcaption><\/figure>\n\n\n\n<p>V&nbsp;roce 1993 se z\u00fa\u010dastnil speleokempu J. Sirotek. Vzhledem k&nbsp;nedostatku kurzant\u016f se dvout\u00fddenn\u00ed akce zm\u011bnila na kombinaci sportovn\u00edch v\u00fdkon\u016f a&nbsp;speleologick\u00e9ho pr\u016fzkumu. V&nbsp;r\u00e1mci akce prob\u011bhl mj. t\u0159\u00eddenn\u00ed bivak v&nbsp;jeskyni Wielka \u015anie\u017cna. D\u00e1le byly nav\u0161t\u00edveny jeskyn\u011b Ptasia Studnia, Marmurova, Bandzioch Kominarski, Wielka Litworowa, Kozia a&nbsp;Ciarna.<\/p>\n\n\n\n<p>Speleokemp\u016f jsme se z\u00fa\u010dastnili je\u0161t\u011b n\u011bkolikr\u00e1t, ale d\u00edky zahrani\u010dn\u00edm v\u00fdjezd\u016fm do nov\u00fdch destinac\u00ed tato tradice postupn\u011b vymizela.<\/p>\n\n\n\n<p>Krom\u011b Tater jsme v&nbsp;Polsku nav\u0161t\u00edvili jeskyni Niedwie\u00adzia, kter\u00e1 le\u017e\u00ed v&nbsp;masivu Kralick\u00e9ho Sn\u011b\u017en\u00edku a&nbsp;je \u010d\u00e1ste\u010dn\u011b zp\u0159\u00edstupn\u011bn\u00e1. V&nbsp;r\u00e1mci tohoto v\u00fdjezdu jsme tak\u00e9 zhl\u00e9dli \u0161toly v&nbsp;okol\u00ed a&nbsp;jeskyn\u011b ve star\u00e9m lomu.<\/p>\n\n\n\n<figure class=\"wp-block-image size-full\"><img loading=\"lazy\" decoding=\"async\" width=\"505\" height=\"352\" src=\"https:\/\/pustyzleb.cz\/wp-content\/uploads\/2022\/04\/Jura.jpg\" alt=\"\" class=\"wp-image-979\" srcset=\"https:\/\/pustyzleb.cz\/wp-content\/uploads\/2022\/04\/Jura.jpg 505w, https:\/\/pustyzleb.cz\/wp-content\/uploads\/2022\/04\/Jura-300x209.jpg 300w\" sizes=\"auto, (max-width: 505px) 100vw, 505px\" \/><figcaption>Skaln\u00ed \u00fatvary Polsk\u00e9 Jury Krak\u00f3wsko-Czenstochowsk\u00e9 (Foto L. Ondrouchov\u00e1)<\/figcaption><\/figure>\n\n\n\n<p>Posledn\u00ed akc\u00ed v&nbsp;Polsku pak byla n\u00e1v\u0161t\u011bva oblasti Polsk\u00e9 Jury Krak\u00f3wsko-Czenstochowsk\u00e9 spojen\u00e1 s&nbsp;prol\u00e9z\u00e1n\u00edm m\u00edstn\u00edch jeskyn\u00ed.<\/p>\n\n\n\n<figure class=\"wp-block-image size-large\"><img loading=\"lazy\" decoding=\"async\" width=\"1024\" height=\"761\" src=\"https:\/\/pustyzleb.cz\/wp-content\/uploads\/2022\/04\/Fryn-1024x761.jpg\" alt=\"\" class=\"wp-image-981\" srcset=\"https:\/\/pustyzleb.cz\/wp-content\/uploads\/2022\/04\/Fryn-1024x761.jpg 1024w, https:\/\/pustyzleb.cz\/wp-content\/uploads\/2022\/04\/Fryn-300x223.jpg 300w, https:\/\/pustyzleb.cz\/wp-content\/uploads\/2022\/04\/Fryn-768x571.jpg 768w, https:\/\/pustyzleb.cz\/wp-content\/uploads\/2022\/04\/Fryn.jpg 1039w\" sizes=\"auto, (max-width: 767px) 89vw, (max-width: 1000px) 54vw, (max-width: 1071px) 543px, 580px\" \/><figcaption>Na\u0161i pol\u0161t\u00ed \u010dlenov\u00e9 M. Fry\u0144 a A. Fry\u0144 p\u0159ed vchodem do jeskyn\u011b Z\u0103podie, Rumunsko, 2017 (Foto archiv M. Fry\u0144)<\/figcaption><\/figure>\n\n\n\n<p>Polsko nebylo jen c\u00edlem zm\u00edn\u011bn\u00fdch v\u00fdprav. S&nbsp;polsk\u00fdmi speleology, konkr\u00e9tn\u011b z&nbsp;Klubu Speleologiczneho Politechniki Wroc\u0142awskiej, jsme nav\u00e1zali u\u017e\u0161\u00ed spolupr\u00e1ci v&nbsp;roce 2014. V&nbsp;tomto roce se poprv\u00e9 z\u00fa\u010dastnila skupinka mlad\u00fdch polsk\u00fdch speleoalpinist\u016f z&nbsp;tohoto klubu expedice do \u010cern\u00e9 Hory. Nad\u0161en\u00ed n\u011bkolika z&nbsp;nich vydr\u017eelo a&nbsp;jezd\u00ed s&nbsp;n\u00e1mi dodnes. \u010ctve\u0159ice Adam Pyka, Agnieszka Noculak-Pyka, Aleksandra a&nbsp;Maciej Fryn se dokonce postupn\u011b stala \u010dleny na\u0161\u00ed skupiny. Na jejich pozv\u00e1n\u00ed nav\u0161t\u00edvil Petr Cel\u00fd a&nbsp;V. Kaman b\u011bhem oslav konce roku 2015 jeskyni Ciarna.<\/p>\n","protected":false},"excerpt":{"rendered":"<p>V&nbsp;d\u0159\u00edv\u011bj\u0161\u00edch dob\u00e1ch platilo, \u017ee polsk\u00e9 Tatry a&nbsp;jejich vertik\u00e1ln\u00ed jeskyn\u011b jsou ide\u00e1ln\u00edm m\u00edstem pro tr\u00e9nink speleo\u00adalpinistick\u00e9 techniky. Krom\u011b toho jsme ji\u017e od konce 80. let 20. stolet\u00ed udr\u017eovali p\u0159\u00e1telsk\u00e9 vztahy se speleology z&nbsp;Krakova a&nbsp;na vz\u00e1jemn\u00e9 v\u00fdm\u011bnn\u00e9 pobyty jsme nav\u00e1zali i&nbsp;v&nbsp;90. letech, kdy se na\u0161i \u010dlenov\u00e9 z\u00fa\u010dastnili n\u011bkolika speleologick\u00fdch kemp\u016f v&nbsp;t\u00e9to oblasti. Na podzim roku 1992 n\u00e1s &hellip; <\/p>\n<p class=\"link-more\"><a href=\"https:\/\/pustyzleb.cz\/?page_id=852\" class=\"more-link\">Pokra\u010dovat ve \u010dten\u00ed<span class=\"screen-reader-text\"> &#8220;Polsko&#8221;<\/span><\/a><\/p>\n","protected":false},"author":1,"featured_media":0,"parent":111,"menu_order":0,"comment_status":"closed","ping_status":"closed","template":"","meta":{"footnotes":""},"class_list":["post-852","page","type-page","status-publish","hentry"],"yoast_head":"<!-- This site is optimized with the Yoast SEO plugin v19.10 - https:\/\/yoast.com\/wordpress\/plugins\/seo\/ -->\n<title>Polsko - ZO \u010cSS 6-25 PUST\u00dd \u017dLEB<\/title>\n<meta name=\"robots\" content=\"index, follow, max-snippet:-1, max-image-preview:large, max-video-preview:-1\" \/>\n<link rel=\"canonical\" href=\"https:\/\/pustyzleb.cz\/?page_id=852\" \/>\n<meta property=\"og:locale\" content=\"cs_CZ\" \/>\n<meta property=\"og:type\" content=\"article\" \/>\n<meta property=\"og:title\" content=\"Polsko - ZO \u010cSS 6-25 PUST\u00dd \u017dLEB\" \/>\n<meta property=\"og:description\" content=\"V&nbsp;d\u0159\u00edv\u011bj\u0161\u00edch dob\u00e1ch platilo, \u017ee polsk\u00e9 Tatry a&nbsp;jejich vertik\u00e1ln\u00ed jeskyn\u011b jsou ide\u00e1ln\u00edm m\u00edstem pro tr\u00e9nink speleo\u00adalpinistick\u00e9 techniky. Krom\u011b toho jsme ji\u017e od konce 80. let 20. stolet\u00ed udr\u017eovali p\u0159\u00e1telsk\u00e9 vztahy se speleology z&nbsp;Krakova a&nbsp;na vz\u00e1jemn\u00e9 v\u00fdm\u011bnn\u00e9 pobyty jsme nav\u00e1zali i&nbsp;v&nbsp;90. letech, kdy se na\u0161i \u010dlenov\u00e9 z\u00fa\u010dastnili n\u011bkolika speleologick\u00fdch kemp\u016f v&nbsp;t\u00e9to oblasti. Na podzim roku 1992 n\u00e1s &hellip; Pokra\u010dovat ve \u010dten\u00ed &quot;Polsko&quot;\" \/>\n<meta property=\"og:url\" content=\"https:\/\/pustyzleb.cz\/?page_id=852\" \/>\n<meta property=\"og:site_name\" content=\"ZO \u010cSS 6-25 PUST\u00dd \u017dLEB\" \/>\n<meta property=\"article:publisher\" content=\"https:\/\/www.facebook.com\/pustyzleb\" \/>\n<meta property=\"article:modified_time\" content=\"2022-04-10T10:17:03+00:00\" \/>\n<meta property=\"og:image\" content=\"https:\/\/pustyzleb.cz\/wp-content\/uploads\/2022\/04\/Niedwedzia-1024x761.jpg\" \/>\n<meta name=\"twitter:card\" content=\"summary_large_image\" \/>\n<meta name=\"twitter:label1\" content=\"Odhadovan\u00e1 doba \u010dten\u00ed\" \/>\n\t<meta name=\"twitter:data1\" content=\"3 minuty\" \/>\n<script type=\"application\/ld+json\" class=\"yoast-schema-graph\">{\"@context\":\"https:\/\/schema.org\",\"@graph\":[{\"@type\":\"WebPage\",\"@id\":\"https:\/\/pustyzleb.cz\/?page_id=852\",\"url\":\"https:\/\/pustyzleb.cz\/?page_id=852\",\"name\":\"Polsko - ZO \u010cSS 6-25 PUST\u00dd \u017dLEB\",\"isPartOf\":{\"@id\":\"https:\/\/pustyzleb.cz\/#website\"},\"datePublished\":\"2022-04-08T08:37:52+00:00\",\"dateModified\":\"2022-04-10T10:17:03+00:00\",\"breadcrumb\":{\"@id\":\"https:\/\/pustyzleb.cz\/?page_id=852#breadcrumb\"},\"inLanguage\":\"cs\",\"potentialAction\":[{\"@type\":\"ReadAction\",\"target\":[\"https:\/\/pustyzleb.cz\/?page_id=852\"]}]},{\"@type\":\"BreadcrumbList\",\"@id\":\"https:\/\/pustyzleb.cz\/?page_id=852#breadcrumb\",\"itemListElement\":[{\"@type\":\"ListItem\",\"position\":1,\"name\":\"Dom\u016f\",\"item\":\"https:\/\/pustyzleb.cz\/\"},{\"@type\":\"ListItem\",\"position\":2,\"name\":\"Zahrani\u010dn\u00ed projekty\",\"item\":\"https:\/\/pustyzleb.cz\/?page_id=111\"},{\"@type\":\"ListItem\",\"position\":3,\"name\":\"Polsko\"}]},{\"@type\":\"WebSite\",\"@id\":\"https:\/\/pustyzleb.cz\/#website\",\"url\":\"https:\/\/pustyzleb.cz\/\",\"name\":\"ZO \u010cSS 6-25 PUST\u00dd \u017dLEB\",\"description\":\"Pr\u016fzkum jeskyn\u00ed v Moravsk\u00e9m krasu i ve sv\u011bt\u011b\",\"publisher\":{\"@id\":\"https:\/\/pustyzleb.cz\/#organization\"},\"potentialAction\":[{\"@type\":\"SearchAction\",\"target\":{\"@type\":\"EntryPoint\",\"urlTemplate\":\"https:\/\/pustyzleb.cz\/?s={search_term_string}\"},\"query-input\":\"required name=search_term_string\"}],\"inLanguage\":\"cs\"},{\"@type\":\"Organization\",\"@id\":\"https:\/\/pustyzleb.cz\/#organization\",\"name\":\"ZO \u010cSS 6-25 PUST\u00dd \u017dLEB\",\"url\":\"https:\/\/pustyzleb.cz\/\",\"logo\":{\"@type\":\"ImageObject\",\"inLanguage\":\"cs\",\"@id\":\"https:\/\/pustyzleb.cz\/#\/schema\/logo\/image\/\",\"url\":\"https:\/\/pustyzleb.cz\/wp-content\/uploads\/2024\/05\/PZS_LOGO-1.png\",\"contentUrl\":\"https:\/\/pustyzleb.cz\/wp-content\/uploads\/2024\/05\/PZS_LOGO-1.png\",\"width\":250,\"height\":250,\"caption\":\"ZO \u010cSS 6-25 PUST\u00dd \u017dLEB\"},\"image\":{\"@id\":\"https:\/\/pustyzleb.cz\/#\/schema\/logo\/image\/\"},\"sameAs\":[\"https:\/\/www.facebook.com\/pustyzleb\"]}]}<\/script>\n<!-- \/ Yoast SEO plugin. -->","yoast_head_json":{"title":"Polsko - ZO \u010cSS 6-25 PUST\u00dd \u017dLEB","robots":{"index":"index","follow":"follow","max-snippet":"max-snippet:-1","max-image-preview":"max-image-preview:large","max-video-preview":"max-video-preview:-1"},"canonical":"https:\/\/pustyzleb.cz\/?page_id=852","og_locale":"cs_CZ","og_type":"article","og_title":"Polsko - ZO \u010cSS 6-25 PUST\u00dd \u017dLEB","og_description":"V&nbsp;d\u0159\u00edv\u011bj\u0161\u00edch dob\u00e1ch platilo, \u017ee polsk\u00e9 Tatry a&nbsp;jejich vertik\u00e1ln\u00ed jeskyn\u011b jsou ide\u00e1ln\u00edm m\u00edstem pro tr\u00e9nink speleo\u00adalpinistick\u00e9 techniky. Krom\u011b toho jsme ji\u017e od konce 80. let 20. stolet\u00ed udr\u017eovali p\u0159\u00e1telsk\u00e9 vztahy se speleology z&nbsp;Krakova a&nbsp;na vz\u00e1jemn\u00e9 v\u00fdm\u011bnn\u00e9 pobyty jsme nav\u00e1zali i&nbsp;v&nbsp;90. letech, kdy se na\u0161i \u010dlenov\u00e9 z\u00fa\u010dastnili n\u011bkolika speleologick\u00fdch kemp\u016f v&nbsp;t\u00e9to oblasti. Na podzim roku 1992 n\u00e1s &hellip; Pokra\u010dovat ve \u010dten\u00ed \"Polsko\"","og_url":"https:\/\/pustyzleb.cz\/?page_id=852","og_site_name":"ZO \u010cSS 6-25 PUST\u00dd \u017dLEB","article_publisher":"https:\/\/www.facebook.com\/pustyzleb","article_modified_time":"2022-04-10T10:17:03+00:00","og_image":[{"url":"https:\/\/pustyzleb.cz\/wp-content\/uploads\/2022\/04\/Niedwedzia-1024x761.jpg"}],"twitter_card":"summary_large_image","twitter_misc":{"Odhadovan\u00e1 doba \u010dten\u00ed":"3 minuty"},"schema":{"@context":"https:\/\/schema.org","@graph":[{"@type":"WebPage","@id":"https:\/\/pustyzleb.cz\/?page_id=852","url":"https:\/\/pustyzleb.cz\/?page_id=852","name":"Polsko - ZO \u010cSS 6-25 PUST\u00dd \u017dLEB","isPartOf":{"@id":"https:\/\/pustyzleb.cz\/#website"},"datePublished":"2022-04-08T08:37:52+00:00","dateModified":"2022-04-10T10:17:03+00:00","breadcrumb":{"@id":"https:\/\/pustyzleb.cz\/?page_id=852#breadcrumb"},"inLanguage":"cs","potentialAction":[{"@type":"ReadAction","target":["https:\/\/pustyzleb.cz\/?page_id=852"]}]},{"@type":"BreadcrumbList","@id":"https:\/\/pustyzleb.cz\/?page_id=852#breadcrumb","itemListElement":[{"@type":"ListItem","position":1,"name":"Dom\u016f","item":"https:\/\/pustyzleb.cz\/"},{"@type":"ListItem","position":2,"name":"Zahrani\u010dn\u00ed projekty","item":"https:\/\/pustyzleb.cz\/?page_id=111"},{"@type":"ListItem","position":3,"name":"Polsko"}]},{"@type":"WebSite","@id":"https:\/\/pustyzleb.cz\/#website","url":"https:\/\/pustyzleb.cz\/","name":"ZO \u010cSS 6-25 PUST\u00dd \u017dLEB","description":"Pr\u016fzkum jeskyn\u00ed v Moravsk\u00e9m krasu i ve sv\u011bt\u011b","publisher":{"@id":"https:\/\/pustyzleb.cz\/#organization"},"potentialAction":[{"@type":"SearchAction","target":{"@type":"EntryPoint","urlTemplate":"https:\/\/pustyzleb.cz\/?s={search_term_string}"},"query-input":"required name=search_term_string"}],"inLanguage":"cs"},{"@type":"Organization","@id":"https:\/\/pustyzleb.cz\/#organization","name":"ZO \u010cSS 6-25 PUST\u00dd \u017dLEB","url":"https:\/\/pustyzleb.cz\/","logo":{"@type":"ImageObject","inLanguage":"cs","@id":"https:\/\/pustyzleb.cz\/#\/schema\/logo\/image\/","url":"https:\/\/pustyzleb.cz\/wp-content\/uploads\/2024\/05\/PZS_LOGO-1.png","contentUrl":"https:\/\/pustyzleb.cz\/wp-content\/uploads\/2024\/05\/PZS_LOGO-1.png","width":250,"height":250,"caption":"ZO \u010cSS 6-25 PUST\u00dd \u017dLEB"},"image":{"@id":"https:\/\/pustyzleb.cz\/#\/schema\/logo\/image\/"},"sameAs":["https:\/\/www.facebook.com\/pustyzleb"]}]}},"_links":{"self":[{"href":"https:\/\/pustyzleb.cz\/index.php?rest_route=\/wp\/v2\/pages\/852","targetHints":{"allow":["GET"]}}],"collection":[{"href":"https:\/\/pustyzleb.cz\/index.php?rest_route=\/wp\/v2\/pages"}],"about":[{"href":"https:\/\/pustyzleb.cz\/index.php?rest_route=\/wp\/v2\/types\/page"}],"author":[{"embeddable":true,"href":"https:\/\/pustyzleb.cz\/index.php?rest_route=\/wp\/v2\/users\/1"}],"replies":[{"embeddable":true,"href":"https:\/\/pustyzleb.cz\/index.php?rest_route=%2Fwp%2Fv2%2Fcomments&post=852"}],"version-history":[{"count":4,"href":"https:\/\/pustyzleb.cz\/index.php?rest_route=\/wp\/v2\/pages\/852\/revisions"}],"predecessor-version":[{"id":983,"href":"https:\/\/pustyzleb.cz\/index.php?rest_route=\/wp\/v2\/pages\/852\/revisions\/983"}],"up":[{"embeddable":true,"href":"https:\/\/pustyzleb.cz\/index.php?rest_route=\/wp\/v2\/pages\/111"}],"wp:attachment":[{"href":"https:\/\/pustyzleb.cz\/index.php?rest_route=%2Fwp%2Fv2%2Fmedia&parent=852"}],"curies":[{"name":"wp","href":"https:\/\/api.w.org\/{rel}","templated":true}]}}