{"id":855,"date":"2022-04-08T08:38:40","date_gmt":"2022-04-08T08:38:40","guid":{"rendered":"https:\/\/pustyzleb.cz\/?page_id=855"},"modified":"2022-04-10T10:31:49","modified_gmt":"2022-04-10T10:31:49","slug":"rakousko-tennengebirge","status":"publish","type":"page","link":"https:\/\/pustyzleb.cz\/?page_id=855","title":{"rendered":"Rakousko \u2013 Tennengebirge"},"content":{"rendered":"\n<p>V\u016fbec prvn\u00ed zahrani\u010dn\u00ed akc\u00ed samostatn\u00e9 skupiny s\u00a0c\u00edlem objevovat nov\u00e9 jeskyn\u011b byla expedice do rakousk\u00e9ho poho\u0159\u00ed Tennengebirge v\u00a0l\u00e9t\u011b 1992. N\u00e1pad na jej\u00ed zorganizov\u00e1n\u00ed vznikl na z\u00e1klad\u011b nab\u00eddky Waltera Klappachera p\u0159i jedn\u00e9 z\u00a0jeho n\u00e1v\u0161t\u011bv u <a href=\"https:\/\/topas.speleo.cz\/\" target=\"_blank\" rel=\"noreferrer noopener\">ZO \u010cSS 6-17 Topas<\/a> v Moravsk\u00e9m krasu. V\u00fdpravy<span class=\"Apple-converted-space\">\u00a0 <\/span>se z\u00fa\u010dastnili: Z.\u00a0Moty\u010dka, T. Pavlovsk\u00fd a\u00a0L. V\u0159e\u0161\u0165\u00e1lov\u00e1 (Ondrouchov\u00e1) a\u00a0d\u00e1le \u010dlenov\u00e9 ZO \u010cSS 6-17 Topas M. Audy a\u00a0B.\u00a0Fantov\u00e1.<\/p>\n\n\n\n<figure class=\"wp-block-image size-full\"><img loading=\"lazy\" decoding=\"async\" width=\"501\" height=\"645\" src=\"https:\/\/pustyzleb.cz\/wp-content\/uploads\/2022\/04\/Tennengebirge.jpg\" alt=\"\" class=\"wp-image-992\" srcset=\"https:\/\/pustyzleb.cz\/wp-content\/uploads\/2022\/04\/Tennengebirge.jpg 501w, https:\/\/pustyzleb.cz\/wp-content\/uploads\/2022\/04\/Tennengebirge-233x300.jpg 233w\" sizes=\"auto, (max-width: 501px) 100vw, 501px\" \/><figcaption>Povrchovy\u0301 pr\u016fzkum v poho\u0159\u00ed Tennengebirbe, 1992 (Foto Z. Moty\u010dka)<\/figcaption><\/figure>\n\n\n\n<p>Vyrazili jsme od parkovi\u0161t\u011b nedaleko Werfenu, \u010dekalo n\u00e1s cca 1 500 v\u00fd\u0161kov\u00fdch metr\u016f k&nbsp;chat\u011b Leopold-Happisch Haus a&nbsp;dal\u0161\u00ed den u\u017e jen kr\u00e1tk\u00fd p\u0159esun do oblasti Sandkar, kde byla v&nbsp;jeskyni Marhofh\u00f6hle vestav\u011bn\u00e1 chati\u010dka m\u00edstn\u00edch jesky\u0148\u00e1\u0159\u016f. Sezn\u00e1mili jsme se s&nbsp;okol\u00edm, nav\u0161t\u00edvili jsme i&nbsp;n\u011bjak\u00e9 exkurzn\u00ed lokality, a&nbsp;hlavn\u011b jsme prolezli a&nbsp;zmapovali \u010d\u00e1ste\u010dn\u011b zn\u00e1mou jeskyni Thorh\u00f6hle.&nbsp; Raku\u0161\u00e1ci byli p\u0159\u00edv\u011btiv\u00ed, tak jsme rovnou za\u010dali pl\u00e1novat dal\u0161\u00ed expedici na p\u0159\u00ed\u0161t\u00ed rok.<\/p>\n\n\n\n<figure class=\"wp-block-image size-full\"><img loading=\"lazy\" decoding=\"async\" width=\"805\" height=\"925\" src=\"https:\/\/pustyzleb.cz\/wp-content\/uploads\/2022\/04\/Tennen_2.jpg\" alt=\"\" class=\"wp-image-994\" srcset=\"https:\/\/pustyzleb.cz\/wp-content\/uploads\/2022\/04\/Tennen_2.jpg 805w, https:\/\/pustyzleb.cz\/wp-content\/uploads\/2022\/04\/Tennen_2-261x300.jpg 261w, https:\/\/pustyzleb.cz\/wp-content\/uploads\/2022\/04\/Tennen_2-768x882.jpg 768w\" sizes=\"auto, (max-width: 767px) 89vw, (max-width: 1000px) 54vw, (max-width: 1071px) 543px, 580px\" \/><figcaption>Nov\u011b objeven\u00e9 prostory v jeskyni Thorh\u00f6hle, poho\u0159\u00ed Tennengebirbe, 1992 (Foto M. Audy)<\/figcaption><\/figure>\n\n\n\n<p><span class=\"s1\">Expedice v&nbsp;roce 1993 byla p\u0159ipravena na t\u0159i t\u00fddny s&nbsp;t\u00edm, \u017ee \u010d\u00e1st materi\u00e1lu n\u00e1m rakou\u0161t\u00ed jesky\u0148\u00e1\u0159i doprav\u00ed nahoru vrtuln\u00edkem, abychom nemuseli v\u0161echno n\u00e9st. Druh\u00e9 v\u00fdpravy se z\u00fa\u010dastnili: M. Audy, Z. Moty\u010dka, T. Pavlovsk\u00fd, L. V\u0159e\u0161\u0165\u00e1lov\u00e1 (Ondrouchov\u00e1), J\u00e1n Gajdo\u0161\u00edk a&nbsp;Martin Holubek.<\/span><\/p>\n\n\n\n<figure class=\"wp-block-image size-full\"><img loading=\"lazy\" decoding=\"async\" width=\"501\" height=\"627\" src=\"https:\/\/pustyzleb.cz\/wp-content\/uploads\/2022\/04\/Lida_Tennen.jpg\" alt=\"\" class=\"wp-image-995\" srcset=\"https:\/\/pustyzleb.cz\/wp-content\/uploads\/2022\/04\/Lida_Tennen.jpg 501w, https:\/\/pustyzleb.cz\/wp-content\/uploads\/2022\/04\/Lida_Tennen-240x300.jpg 240w\" sizes=\"auto, (max-width: 501px) 100vw, 501px\" \/><figcaption>L. Ondrouchov\u00e1 v propasti Tyjsemj\u00e1tam, Tennengebirge, Rakousko, 1993 (Foto Z. Moty\u010dka)<\/figcaption><\/figure>\n\n\n\n<p>T\u00e1bor jsme zalo\u017eili ve vedlej\u0161\u00ed port\u00e1lov\u00e9 jeskyni, do kter\u00e9 se p\u0159esn\u011b ve\u0161ly na\u0161e dva stany.&nbsp;Dostali jsme za \u00fakol pokra\u010dovat v&nbsp;Thorh\u00f6hle, kde jsme objevili kr\u00e1tk\u00e9 pokra\u010dov\u00e1n\u00ed sm\u011brem dol\u016f a kr\u00e1snou paraleln\u00ed studnu hlubokou 50 m. N\u00e1s v\u00edce ale zaj\u00edmal vlastn\u00ed v\u00fdzkum v&nbsp;jin\u00fdch \u010d\u00e1stech okoln\u00ed planiny.&nbsp;To se m\u00edstn\u00edm moc nel\u00edbilo, tak\u017ee jsme sice objevili a&nbsp;zmapovali dv\u011b v\u011bt\u0161\u00ed jeskyn\u011b (Tysemj\u00e1tam a&nbsp;Gajhol), <span class=\"s2\">ale po deseti dnech jsme zjistili, \u017ee komunikace s&nbsp;m\u00edstn\u00edmi dost v\u00e1zne. Zvolili jsme tedy odchod a&nbsp;t\u00edm se spolupr\u00e1ce s&nbsp;rakousk\u00fdmi speleology na Tennengebirge uzav\u0159ela.&nbsp;<\/span><\/p>\n\n\n\n<figure class=\"wp-block-image size-full\"><img loading=\"lazy\" decoding=\"async\" width=\"500\" height=\"625\" src=\"https:\/\/pustyzleb.cz\/wp-content\/uploads\/2022\/04\/Gajhol.jpg\" alt=\"\" class=\"wp-image-996\" srcset=\"https:\/\/pustyzleb.cz\/wp-content\/uploads\/2022\/04\/Gajhol.jpg 500w, https:\/\/pustyzleb.cz\/wp-content\/uploads\/2022\/04\/Gajhol-240x300.jpg 240w\" sizes=\"auto, (max-width: 500px) 100vw, 500px\" \/><figcaption>Nov\u011b objeven\u00e1 jeskyn\u011b Gajhol, Tennengebirge, 1993 (Foto Z. Moty\u010dka)<\/figcaption><\/figure>\n","protected":false},"excerpt":{"rendered":"<p>V\u016fbec prvn\u00ed zahrani\u010dn\u00ed akc\u00ed samostatn\u00e9 skupiny s\u00a0c\u00edlem objevovat nov\u00e9 jeskyn\u011b byla expedice do rakousk\u00e9ho poho\u0159\u00ed Tennengebirge v\u00a0l\u00e9t\u011b 1992. N\u00e1pad na jej\u00ed zorganizov\u00e1n\u00ed vznikl na z\u00e1klad\u011b nab\u00eddky Waltera Klappachera p\u0159i jedn\u00e9 z\u00a0jeho n\u00e1v\u0161t\u011bv u ZO \u010cSS 6-17 Topas v Moravsk\u00e9m krasu. V\u00fdpravy\u00a0 se z\u00fa\u010dastnili: Z.\u00a0Moty\u010dka, T. Pavlovsk\u00fd a\u00a0L. V\u0159e\u0161\u0165\u00e1lov\u00e1 (Ondrouchov\u00e1) a\u00a0d\u00e1le \u010dlenov\u00e9 ZO \u010cSS 6-17 Topas &hellip; <\/p>\n<p class=\"link-more\"><a href=\"https:\/\/pustyzleb.cz\/?page_id=855\" class=\"more-link\">Pokra\u010dovat ve \u010dten\u00ed<span class=\"screen-reader-text\"> &#8220;Rakousko \u2013 Tennengebirge&#8221;<\/span><\/a><\/p>\n","protected":false},"author":1,"featured_media":0,"parent":111,"menu_order":0,"comment_status":"closed","ping_status":"closed","template":"","meta":{"footnotes":""},"class_list":["post-855","page","type-page","status-publish","hentry"],"yoast_head":"<!-- This site is optimized with the Yoast SEO plugin v19.10 - https:\/\/yoast.com\/wordpress\/plugins\/seo\/ -->\n<title>Rakousko \u2013 Tennengebirge - ZO \u010cSS 6-25 PUST\u00dd \u017dLEB<\/title>\n<meta name=\"robots\" content=\"index, follow, max-snippet:-1, max-image-preview:large, max-video-preview:-1\" \/>\n<link rel=\"canonical\" href=\"https:\/\/pustyzleb.cz\/?page_id=855\" \/>\n<meta property=\"og:locale\" content=\"cs_CZ\" \/>\n<meta property=\"og:type\" content=\"article\" \/>\n<meta property=\"og:title\" content=\"Rakousko \u2013 Tennengebirge - ZO \u010cSS 6-25 PUST\u00dd \u017dLEB\" \/>\n<meta property=\"og:description\" content=\"V\u016fbec prvn\u00ed zahrani\u010dn\u00ed akc\u00ed samostatn\u00e9 skupiny s\u00a0c\u00edlem objevovat nov\u00e9 jeskyn\u011b byla expedice do rakousk\u00e9ho poho\u0159\u00ed Tennengebirge v\u00a0l\u00e9t\u011b 1992. N\u00e1pad na jej\u00ed zorganizov\u00e1n\u00ed vznikl na z\u00e1klad\u011b nab\u00eddky Waltera Klappachera p\u0159i jedn\u00e9 z\u00a0jeho n\u00e1v\u0161t\u011bv u ZO \u010cSS 6-17 Topas v Moravsk\u00e9m krasu. V\u00fdpravy\u00a0 se z\u00fa\u010dastnili: Z.\u00a0Moty\u010dka, T. Pavlovsk\u00fd a\u00a0L. V\u0159e\u0161\u0165\u00e1lov\u00e1 (Ondrouchov\u00e1) a\u00a0d\u00e1le \u010dlenov\u00e9 ZO \u010cSS 6-17 Topas &hellip; Pokra\u010dovat ve \u010dten\u00ed &quot;Rakousko \u2013 Tennengebirge&quot;\" \/>\n<meta property=\"og:url\" content=\"https:\/\/pustyzleb.cz\/?page_id=855\" \/>\n<meta property=\"og:site_name\" content=\"ZO \u010cSS 6-25 PUST\u00dd \u017dLEB\" \/>\n<meta property=\"article:publisher\" content=\"https:\/\/www.facebook.com\/pustyzleb\" \/>\n<meta property=\"article:modified_time\" content=\"2022-04-10T10:31:49+00:00\" \/>\n<meta property=\"og:image\" content=\"https:\/\/pustyzleb.cz\/wp-content\/uploads\/2022\/04\/Tennengebirge.jpg\" \/>\n<meta name=\"twitter:card\" content=\"summary_large_image\" \/>\n<meta name=\"twitter:label1\" content=\"Odhadovan\u00e1 doba \u010dten\u00ed\" \/>\n\t<meta name=\"twitter:data1\" content=\"2 minuty\" \/>\n<script type=\"application\/ld+json\" class=\"yoast-schema-graph\">{\"@context\":\"https:\/\/schema.org\",\"@graph\":[{\"@type\":\"WebPage\",\"@id\":\"https:\/\/pustyzleb.cz\/?page_id=855\",\"url\":\"https:\/\/pustyzleb.cz\/?page_id=855\",\"name\":\"Rakousko \u2013 Tennengebirge - ZO \u010cSS 6-25 PUST\u00dd \u017dLEB\",\"isPartOf\":{\"@id\":\"https:\/\/pustyzleb.cz\/#website\"},\"datePublished\":\"2022-04-08T08:38:40+00:00\",\"dateModified\":\"2022-04-10T10:31:49+00:00\",\"breadcrumb\":{\"@id\":\"https:\/\/pustyzleb.cz\/?page_id=855#breadcrumb\"},\"inLanguage\":\"cs\",\"potentialAction\":[{\"@type\":\"ReadAction\",\"target\":[\"https:\/\/pustyzleb.cz\/?page_id=855\"]}]},{\"@type\":\"BreadcrumbList\",\"@id\":\"https:\/\/pustyzleb.cz\/?page_id=855#breadcrumb\",\"itemListElement\":[{\"@type\":\"ListItem\",\"position\":1,\"name\":\"Dom\u016f\",\"item\":\"https:\/\/pustyzleb.cz\/\"},{\"@type\":\"ListItem\",\"position\":2,\"name\":\"Zahrani\u010dn\u00ed projekty\",\"item\":\"https:\/\/pustyzleb.cz\/?page_id=111\"},{\"@type\":\"ListItem\",\"position\":3,\"name\":\"Rakousko \u2013 Tennengebirge\"}]},{\"@type\":\"WebSite\",\"@id\":\"https:\/\/pustyzleb.cz\/#website\",\"url\":\"https:\/\/pustyzleb.cz\/\",\"name\":\"ZO \u010cSS 6-25 PUST\u00dd \u017dLEB\",\"description\":\"Pr\u016fzkum jeskyn\u00ed v Moravsk\u00e9m krasu i ve sv\u011bt\u011b\",\"publisher\":{\"@id\":\"https:\/\/pustyzleb.cz\/#organization\"},\"potentialAction\":[{\"@type\":\"SearchAction\",\"target\":{\"@type\":\"EntryPoint\",\"urlTemplate\":\"https:\/\/pustyzleb.cz\/?s={search_term_string}\"},\"query-input\":\"required name=search_term_string\"}],\"inLanguage\":\"cs\"},{\"@type\":\"Organization\",\"@id\":\"https:\/\/pustyzleb.cz\/#organization\",\"name\":\"ZO \u010cSS 6-25 PUST\u00dd \u017dLEB\",\"url\":\"https:\/\/pustyzleb.cz\/\",\"logo\":{\"@type\":\"ImageObject\",\"inLanguage\":\"cs\",\"@id\":\"https:\/\/pustyzleb.cz\/#\/schema\/logo\/image\/\",\"url\":\"https:\/\/pustyzleb.cz\/wp-content\/uploads\/2024\/05\/PZS_LOGO-1.png\",\"contentUrl\":\"https:\/\/pustyzleb.cz\/wp-content\/uploads\/2024\/05\/PZS_LOGO-1.png\",\"width\":250,\"height\":250,\"caption\":\"ZO \u010cSS 6-25 PUST\u00dd \u017dLEB\"},\"image\":{\"@id\":\"https:\/\/pustyzleb.cz\/#\/schema\/logo\/image\/\"},\"sameAs\":[\"https:\/\/www.facebook.com\/pustyzleb\"]}]}<\/script>\n<!-- \/ Yoast SEO plugin. -->","yoast_head_json":{"title":"Rakousko \u2013 Tennengebirge - ZO \u010cSS 6-25 PUST\u00dd \u017dLEB","robots":{"index":"index","follow":"follow","max-snippet":"max-snippet:-1","max-image-preview":"max-image-preview:large","max-video-preview":"max-video-preview:-1"},"canonical":"https:\/\/pustyzleb.cz\/?page_id=855","og_locale":"cs_CZ","og_type":"article","og_title":"Rakousko \u2013 Tennengebirge - ZO \u010cSS 6-25 PUST\u00dd \u017dLEB","og_description":"V\u016fbec prvn\u00ed zahrani\u010dn\u00ed akc\u00ed samostatn\u00e9 skupiny s\u00a0c\u00edlem objevovat nov\u00e9 jeskyn\u011b byla expedice do rakousk\u00e9ho poho\u0159\u00ed Tennengebirge v\u00a0l\u00e9t\u011b 1992. N\u00e1pad na jej\u00ed zorganizov\u00e1n\u00ed vznikl na z\u00e1klad\u011b nab\u00eddky Waltera Klappachera p\u0159i jedn\u00e9 z\u00a0jeho n\u00e1v\u0161t\u011bv u ZO \u010cSS 6-17 Topas v Moravsk\u00e9m krasu. V\u00fdpravy\u00a0 se z\u00fa\u010dastnili: Z.\u00a0Moty\u010dka, T. Pavlovsk\u00fd a\u00a0L. V\u0159e\u0161\u0165\u00e1lov\u00e1 (Ondrouchov\u00e1) a\u00a0d\u00e1le \u010dlenov\u00e9 ZO \u010cSS 6-17 Topas &hellip; Pokra\u010dovat ve \u010dten\u00ed \"Rakousko \u2013 Tennengebirge\"","og_url":"https:\/\/pustyzleb.cz\/?page_id=855","og_site_name":"ZO \u010cSS 6-25 PUST\u00dd \u017dLEB","article_publisher":"https:\/\/www.facebook.com\/pustyzleb","article_modified_time":"2022-04-10T10:31:49+00:00","og_image":[{"url":"https:\/\/pustyzleb.cz\/wp-content\/uploads\/2022\/04\/Tennengebirge.jpg"}],"twitter_card":"summary_large_image","twitter_misc":{"Odhadovan\u00e1 doba \u010dten\u00ed":"2 minuty"},"schema":{"@context":"https:\/\/schema.org","@graph":[{"@type":"WebPage","@id":"https:\/\/pustyzleb.cz\/?page_id=855","url":"https:\/\/pustyzleb.cz\/?page_id=855","name":"Rakousko \u2013 Tennengebirge - ZO \u010cSS 6-25 PUST\u00dd \u017dLEB","isPartOf":{"@id":"https:\/\/pustyzleb.cz\/#website"},"datePublished":"2022-04-08T08:38:40+00:00","dateModified":"2022-04-10T10:31:49+00:00","breadcrumb":{"@id":"https:\/\/pustyzleb.cz\/?page_id=855#breadcrumb"},"inLanguage":"cs","potentialAction":[{"@type":"ReadAction","target":["https:\/\/pustyzleb.cz\/?page_id=855"]}]},{"@type":"BreadcrumbList","@id":"https:\/\/pustyzleb.cz\/?page_id=855#breadcrumb","itemListElement":[{"@type":"ListItem","position":1,"name":"Dom\u016f","item":"https:\/\/pustyzleb.cz\/"},{"@type":"ListItem","position":2,"name":"Zahrani\u010dn\u00ed projekty","item":"https:\/\/pustyzleb.cz\/?page_id=111"},{"@type":"ListItem","position":3,"name":"Rakousko \u2013 Tennengebirge"}]},{"@type":"WebSite","@id":"https:\/\/pustyzleb.cz\/#website","url":"https:\/\/pustyzleb.cz\/","name":"ZO \u010cSS 6-25 PUST\u00dd \u017dLEB","description":"Pr\u016fzkum jeskyn\u00ed v Moravsk\u00e9m krasu i ve sv\u011bt\u011b","publisher":{"@id":"https:\/\/pustyzleb.cz\/#organization"},"potentialAction":[{"@type":"SearchAction","target":{"@type":"EntryPoint","urlTemplate":"https:\/\/pustyzleb.cz\/?s={search_term_string}"},"query-input":"required name=search_term_string"}],"inLanguage":"cs"},{"@type":"Organization","@id":"https:\/\/pustyzleb.cz\/#organization","name":"ZO \u010cSS 6-25 PUST\u00dd \u017dLEB","url":"https:\/\/pustyzleb.cz\/","logo":{"@type":"ImageObject","inLanguage":"cs","@id":"https:\/\/pustyzleb.cz\/#\/schema\/logo\/image\/","url":"https:\/\/pustyzleb.cz\/wp-content\/uploads\/2024\/05\/PZS_LOGO-1.png","contentUrl":"https:\/\/pustyzleb.cz\/wp-content\/uploads\/2024\/05\/PZS_LOGO-1.png","width":250,"height":250,"caption":"ZO \u010cSS 6-25 PUST\u00dd \u017dLEB"},"image":{"@id":"https:\/\/pustyzleb.cz\/#\/schema\/logo\/image\/"},"sameAs":["https:\/\/www.facebook.com\/pustyzleb"]}]}},"_links":{"self":[{"href":"https:\/\/pustyzleb.cz\/index.php?rest_route=\/wp\/v2\/pages\/855","targetHints":{"allow":["GET"]}}],"collection":[{"href":"https:\/\/pustyzleb.cz\/index.php?rest_route=\/wp\/v2\/pages"}],"about":[{"href":"https:\/\/pustyzleb.cz\/index.php?rest_route=\/wp\/v2\/types\/page"}],"author":[{"embeddable":true,"href":"https:\/\/pustyzleb.cz\/index.php?rest_route=\/wp\/v2\/users\/1"}],"replies":[{"embeddable":true,"href":"https:\/\/pustyzleb.cz\/index.php?rest_route=%2Fwp%2Fv2%2Fcomments&post=855"}],"version-history":[{"count":4,"href":"https:\/\/pustyzleb.cz\/index.php?rest_route=\/wp\/v2\/pages\/855\/revisions"}],"predecessor-version":[{"id":997,"href":"https:\/\/pustyzleb.cz\/index.php?rest_route=\/wp\/v2\/pages\/855\/revisions\/997"}],"up":[{"embeddable":true,"href":"https:\/\/pustyzleb.cz\/index.php?rest_route=\/wp\/v2\/pages\/111"}],"wp:attachment":[{"href":"https:\/\/pustyzleb.cz\/index.php?rest_route=%2Fwp%2Fv2%2Fmedia&parent=855"}],"curies":[{"name":"wp","href":"https:\/\/api.w.org\/{rel}","templated":true}]}}