{"id":864,"date":"2022-04-08T08:42:17","date_gmt":"2022-04-08T08:42:17","guid":{"rendered":"https:\/\/pustyzleb.cz\/?page_id=864"},"modified":"2022-04-10T10:24:58","modified_gmt":"2022-04-10T10:24:58","slug":"madarsko","status":"publish","type":"page","link":"https:\/\/pustyzleb.cz\/?page_id=864","title":{"rendered":"Ma\u010farsko"},"content":{"rendered":"\n<p>Po \u00fatlumu v\u00fdprav na <a href=\"https:\/\/pustyzleb.cz\/?page_id=849\" data-type=\"page\" data-id=\"849\">Slovensko<\/a> jsme p\u0159em\u00fd\u0161leli, kam bychom mohli jezdit v\u00a0r\u00e1mci voln\u00fdch dn\u00ed na za\u010d\u00e1tku kv\u011btna. V\u00a0roce 2001 jsme se na m\u00edtinku Speleo Austria v\u00a0Bad Mittern\u00addorfu sezn\u00e1mili se skupinkou Ma\u010far\u016f, vedenou dvojic\u00ed N. Fleck a\u00a0T. <span class=\"s1\">Haszlinszkym<\/span>.\u00a0 Domluvili jsme se, \u017ee je pozveme k\u00a0n\u00e1m do Moravsk\u00e9ho krasu a\u00a0oni zase n\u00e1s do Ma\u010farska.\u00a0 Takto vznikly t\u0159i v\u00fdpravy do Ma\u010farska v\u00a0letech 2002\u20132004. Akce se vyzna\u010dovaly hojnou \u00fa\u010dast\u00ed, v\u010detn\u011b p\u0159\u00edtelky\u0148 a\u00a0man\u017eelek jesky\u0148\u00e1\u0159\u016f.<\/p>\n\n\n\n<figure class=\"wp-block-image size-full\"><img loading=\"lazy\" decoding=\"async\" width=\"502\" height=\"582\" src=\"https:\/\/pustyzleb.cz\/wp-content\/uploads\/2022\/04\/Foldvari.jpg\" alt=\"\" class=\"wp-image-985\" srcset=\"https:\/\/pustyzleb.cz\/wp-content\/uploads\/2022\/04\/Foldvari.jpg 502w, https:\/\/pustyzleb.cz\/wp-content\/uploads\/2022\/04\/Foldvari-259x300.jpg 259w\" sizes=\"auto, (max-width: 502px) 100vw, 502px\" \/><figcaption>F\u00f6ldv\u00e1ri Alad\u00e1r-barlang v Aggteleck\u00e9m krasu, 2003 (Foto L. Ondrouchov\u00e1)<\/figcaption><\/figure>\n\n\n\n<p>Prvn\u00ed v\u00fdprava sm\u011b\u0159ovala do Bukov\u00fdch hor. Nav\u0161t\u00edvili jsme jeskyn\u011b Istv\u00e1n-l\u00e1pai-barlang, L\u00e9tr\u00e1si-vizesbarlang a&nbsp;zp\u0159\u00edstupn\u011bnou travertinovou jeskyni Anna-barlang. N\u00e1sledn\u011b jsme se p\u0159esunuli p\u0159es Miskolc a&nbsp;term\u00e1ln\u00ed l\u00e1zn\u011b Tapolca do Budape\u0161ti, kde jsme nav\u0161t\u00edvili jeskyn\u011b P\u00e1l-v\u00f6lgyi-barlang, M\u00e1ty\u00e1s-hegyi-barlang a&nbsp;Szeml\u00f6-hegyi-barlang.<\/p>\n\n\n\n<figure class=\"wp-block-image size-full\"><img loading=\"lazy\" decoding=\"async\" width=\"500\" height=\"696\" src=\"https:\/\/pustyzleb.cz\/wp-content\/uploads\/2022\/04\/meteor.jpg\" alt=\"\" class=\"wp-image-987\" srcset=\"https:\/\/pustyzleb.cz\/wp-content\/uploads\/2022\/04\/meteor.jpg 500w, https:\/\/pustyzleb.cz\/wp-content\/uploads\/2022\/04\/meteor-216x300.jpg 216w\" sizes=\"auto, (max-width: 500px) 100vw, 500px\" \/><figcaption>L. Moty\u010dkov\u00e1 v jeskyni Meteor-barlang p\u0159i vy\u0301prav\u011b do Ma\u010farska v roce 2008 (Foto Z. Moty\u010dka)<\/figcaption><\/figure>\n\n\n\n<p><span class=\"s2\">Druh\u00fd v\u00fdjezd sm\u011b\u0159oval do Aggteleck\u00e9ho krasu. Ubytovali jsme se v&nbsp;nejmen\u0161\u00ed ma\u010farsk\u00e9 obci Tornak\u00e1polna a&nbsp;odtamtud vyr\u00e1\u017eeli k&nbsp;jednotliv\u00fdm jeskyn\u00edm: R\u00e1k\u00f3czi-barlang a&nbsp;F\u00f6ldv\u00e1ri Alad\u00e1r-barlang v&nbsp;lomu na kopci Esztramos, v\u011bnovali se jeskynn\u00ed turistice v&nbsp;jeskyni Baradla, z&nbsp;Aggteleku do J\u00f3svaf\u00f6, d\u00e1le nav\u0161t\u00edvili jeskyn\u011b Vass Imre-barlang, B\u00e9ke-barlang a&nbsp;Meteor-barlang. Na z\u00e1v\u011br akce Nora uva\u0159ila gul\u00e1\u0161 v&nbsp;kotli na ohni\u0161ti na n\u00e1vsi obce a&nbsp;mohli jsme tak akci spole\u010dn\u011b zhodnotit i&nbsp;s&nbsp;Gustou Stibr\u00e1nyim, kter\u00fd v&nbsp;t\u00e9to obci m\u00e1 shodou okolnost\u00ed chalupu.<\/span><\/p>\n\n\n\n<figure class=\"wp-block-image size-full\"><img loading=\"lazy\" decoding=\"async\" width=\"500\" height=\"319\" src=\"https:\/\/pustyzleb.cz\/wp-content\/uploads\/2022\/04\/Skupina_Madarsko.jpg\" alt=\"\" class=\"wp-image-988\" srcset=\"https:\/\/pustyzleb.cz\/wp-content\/uploads\/2022\/04\/Skupina_Madarsko.jpg 500w, https:\/\/pustyzleb.cz\/wp-content\/uploads\/2022\/04\/Skupina_Madarsko-300x191.jpg 300w\" sizes=\"auto, (max-width: 500px) 100vw, 500px\" \/><figcaption>P\u0159ed jeskyn\u00ed P\u00e1l-v\u00f6lgyi-barlang, 2005, zleva: T. Mokry\u0301, T. Ondrouch, L. Ondrouchov\u00e1, R. Hejl (kle\u010d\u00edc\u00ed), V. Kaman, J. Sirotek, J. Moty\u010dka, Z. Moty\u010dka, J. Gajdo\u0161\u00edk, M. Winklerov\u00e1, I. R\u016f\u017ei\u010dkov\u00e1, J. Stankovi\u010d (Foto J. Sirotek)<\/figcaption><\/figure>\n\n\n\n<p><span class=\"s3\">Posledn\u00ed n\u00e1v\u0161t\u011bva se odehr\u00e1la v&nbsp;Budape\u0161ti, kam jsme se vydali op\u011bt v hojn\u00e9m po\u010dtu. M\u011bli jsme sl\u00edbenou n\u00e1v\u0161t\u011bvu legend\u00e1rn\u00edch jeskyn\u00ed p\u0159\u00edmo pod povrchem m\u011bsta. Ubytov\u00e1ni jsme byli op\u011bt v&nbsp;domku pr\u016fvodc\u016f u&nbsp;jeskyn\u011b P\u00e1l-v\u00f6lgyi-barlang. Tentokr\u00e1t jsme v&nbsp;jeskyni P\u00e1l-v\u00f6lgyi-barlang pro\u0161li dlouhou trasu a\u017e do zadn\u00edch parti\u00ed s&nbsp;\u201egejz\u00edrov\u00fdmi\u201c kr\u00e1pn\u00edky, d\u00e1le jsme nav\u0161t\u00edvili Ferenc-hegyi-barlang a&nbsp;Szeml\u00f6-hegyi-barlang.<\/span><\/p>\n\n\n\n<figure class=\"wp-block-image size-full\"><img loading=\"lazy\" decoding=\"async\" width=\"500\" height=\"374\" src=\"https:\/\/pustyzleb.cz\/wp-content\/uploads\/2022\/04\/Jozsef_Hegyi.jpg\" alt=\"\" class=\"wp-image-989\" srcset=\"https:\/\/pustyzleb.cz\/wp-content\/uploads\/2022\/04\/Jozsef_Hegyi.jpg 500w, https:\/\/pustyzleb.cz\/wp-content\/uploads\/2022\/04\/Jozsef_Hegyi-300x224.jpg 300w\" sizes=\"auto, (max-width: 500px) 100vw, 500px\" \/><figcaption>Vy\u0301zdoba v jeskyni J\u00f3zsef-hegyi-barlang, Budape\u0161\u0165, Ma\u010farsko, 2004 (Foto T. Ondrouch)<\/figcaption><\/figure>\n\n\n\n<p><span class=\"s3\">Vrcholem expedice byla n\u00e1v\u0161t\u011bva jeskyn\u011b J\u00f3zsef-hegyi-barlang se s\u00e1drovcovou v\u00fdzdobou.<\/span><\/p>\n\n\n\n<p>Do Ma\u010farska jsme se na skok vr\u00e1tili je\u0161t\u011b jednou v&nbsp;roce 2008, kdy jsme p\u0159i v\u00fdletu do Slovensk\u00e9ho krasu nav\u0161t\u00edvili jeskyni Baradla, ve kter\u00e9 jsme absolvovali traverz mezi vchody Aggtel\u00e9k a&nbsp;J\u00f3svaf\u00f6.<\/p>\n\n\n\n<figure class=\"wp-block-image size-full\"><img loading=\"lazy\" decoding=\"async\" width=\"502\" height=\"497\" src=\"https:\/\/pustyzleb.cz\/wp-content\/uploads\/2022\/04\/Baradla.jpg\" alt=\"\" class=\"wp-image-990\" srcset=\"https:\/\/pustyzleb.cz\/wp-content\/uploads\/2022\/04\/Baradla.jpg 502w, https:\/\/pustyzleb.cz\/wp-content\/uploads\/2022\/04\/Baradla-300x297.jpg 300w, https:\/\/pustyzleb.cz\/wp-content\/uploads\/2022\/04\/Baradla-150x150.jpg 150w, https:\/\/pustyzleb.cz\/wp-content\/uploads\/2022\/04\/Baradla-100x100.jpg 100w\" sizes=\"auto, (max-width: 502px) 100vw, 502px\" \/><figcaption>L. Moty\u010dkov\u00e1 a J. Gajdo\u0161\u00edk v jeskyni Baradla, 2008 (Foto Z. Moty\u010dka)<\/figcaption><\/figure>\n","protected":false},"excerpt":{"rendered":"<p>Po \u00fatlumu v\u00fdprav na Slovensko jsme p\u0159em\u00fd\u0161leli, kam bychom mohli jezdit v\u00a0r\u00e1mci voln\u00fdch dn\u00ed na za\u010d\u00e1tku kv\u011btna. V\u00a0roce 2001 jsme se na m\u00edtinku Speleo Austria v\u00a0Bad Mittern\u00addorfu sezn\u00e1mili se skupinkou Ma\u010far\u016f, vedenou dvojic\u00ed N. Fleck a\u00a0T. Haszlinszkym.\u00a0 Domluvili jsme se, \u017ee je pozveme k\u00a0n\u00e1m do Moravsk\u00e9ho krasu a\u00a0oni zase n\u00e1s do Ma\u010farska.\u00a0 Takto vznikly t\u0159i &hellip; <\/p>\n<p class=\"link-more\"><a href=\"https:\/\/pustyzleb.cz\/?page_id=864\" class=\"more-link\">Pokra\u010dovat ve \u010dten\u00ed<span class=\"screen-reader-text\"> &#8220;Ma\u010farsko&#8221;<\/span><\/a><\/p>\n","protected":false},"author":1,"featured_media":0,"parent":111,"menu_order":0,"comment_status":"closed","ping_status":"closed","template":"","meta":{"footnotes":""},"class_list":["post-864","page","type-page","status-publish","hentry"],"yoast_head":"<!-- This site is optimized with the Yoast SEO plugin v19.10 - https:\/\/yoast.com\/wordpress\/plugins\/seo\/ -->\n<title>Ma\u010farsko - ZO \u010cSS 6-25 PUST\u00dd \u017dLEB<\/title>\n<meta name=\"robots\" content=\"index, follow, max-snippet:-1, max-image-preview:large, max-video-preview:-1\" \/>\n<link rel=\"canonical\" href=\"https:\/\/pustyzleb.cz\/?page_id=864\" \/>\n<meta property=\"og:locale\" content=\"cs_CZ\" \/>\n<meta property=\"og:type\" content=\"article\" \/>\n<meta property=\"og:title\" content=\"Ma\u010farsko - ZO \u010cSS 6-25 PUST\u00dd \u017dLEB\" \/>\n<meta property=\"og:description\" content=\"Po \u00fatlumu v\u00fdprav na Slovensko jsme p\u0159em\u00fd\u0161leli, kam bychom mohli jezdit v\u00a0r\u00e1mci voln\u00fdch dn\u00ed na za\u010d\u00e1tku kv\u011btna. V\u00a0roce 2001 jsme se na m\u00edtinku Speleo Austria v\u00a0Bad Mittern\u00addorfu sezn\u00e1mili se skupinkou Ma\u010far\u016f, vedenou dvojic\u00ed N. Fleck a\u00a0T. Haszlinszkym.\u00a0 Domluvili jsme se, \u017ee je pozveme k\u00a0n\u00e1m do Moravsk\u00e9ho krasu a\u00a0oni zase n\u00e1s do Ma\u010farska.\u00a0 Takto vznikly t\u0159i &hellip; Pokra\u010dovat ve \u010dten\u00ed &quot;Ma\u010farsko&quot;\" \/>\n<meta property=\"og:url\" content=\"https:\/\/pustyzleb.cz\/?page_id=864\" \/>\n<meta property=\"og:site_name\" content=\"ZO \u010cSS 6-25 PUST\u00dd \u017dLEB\" \/>\n<meta property=\"article:publisher\" content=\"https:\/\/www.facebook.com\/pustyzleb\" \/>\n<meta property=\"article:modified_time\" content=\"2022-04-10T10:24:58+00:00\" \/>\n<meta property=\"og:image\" content=\"https:\/\/pustyzleb.cz\/wp-content\/uploads\/2022\/04\/Foldvari.jpg\" \/>\n<meta name=\"twitter:card\" content=\"summary_large_image\" \/>\n<meta name=\"twitter:label1\" content=\"Odhadovan\u00e1 doba \u010dten\u00ed\" \/>\n\t<meta name=\"twitter:data1\" content=\"3 minuty\" \/>\n<script type=\"application\/ld+json\" class=\"yoast-schema-graph\">{\"@context\":\"https:\/\/schema.org\",\"@graph\":[{\"@type\":\"WebPage\",\"@id\":\"https:\/\/pustyzleb.cz\/?page_id=864\",\"url\":\"https:\/\/pustyzleb.cz\/?page_id=864\",\"name\":\"Ma\u010farsko - ZO \u010cSS 6-25 PUST\u00dd \u017dLEB\",\"isPartOf\":{\"@id\":\"https:\/\/pustyzleb.cz\/#website\"},\"datePublished\":\"2022-04-08T08:42:17+00:00\",\"dateModified\":\"2022-04-10T10:24:58+00:00\",\"breadcrumb\":{\"@id\":\"https:\/\/pustyzleb.cz\/?page_id=864#breadcrumb\"},\"inLanguage\":\"cs\",\"potentialAction\":[{\"@type\":\"ReadAction\",\"target\":[\"https:\/\/pustyzleb.cz\/?page_id=864\"]}]},{\"@type\":\"BreadcrumbList\",\"@id\":\"https:\/\/pustyzleb.cz\/?page_id=864#breadcrumb\",\"itemListElement\":[{\"@type\":\"ListItem\",\"position\":1,\"name\":\"Dom\u016f\",\"item\":\"https:\/\/pustyzleb.cz\/\"},{\"@type\":\"ListItem\",\"position\":2,\"name\":\"Zahrani\u010dn\u00ed projekty\",\"item\":\"https:\/\/pustyzleb.cz\/?page_id=111\"},{\"@type\":\"ListItem\",\"position\":3,\"name\":\"Ma\u010farsko\"}]},{\"@type\":\"WebSite\",\"@id\":\"https:\/\/pustyzleb.cz\/#website\",\"url\":\"https:\/\/pustyzleb.cz\/\",\"name\":\"ZO \u010cSS 6-25 PUST\u00dd \u017dLEB\",\"description\":\"Pr\u016fzkum jeskyn\u00ed v Moravsk\u00e9m krasu i ve sv\u011bt\u011b\",\"publisher\":{\"@id\":\"https:\/\/pustyzleb.cz\/#organization\"},\"potentialAction\":[{\"@type\":\"SearchAction\",\"target\":{\"@type\":\"EntryPoint\",\"urlTemplate\":\"https:\/\/pustyzleb.cz\/?s={search_term_string}\"},\"query-input\":\"required name=search_term_string\"}],\"inLanguage\":\"cs\"},{\"@type\":\"Organization\",\"@id\":\"https:\/\/pustyzleb.cz\/#organization\",\"name\":\"ZO \u010cSS 6-25 PUST\u00dd \u017dLEB\",\"url\":\"https:\/\/pustyzleb.cz\/\",\"logo\":{\"@type\":\"ImageObject\",\"inLanguage\":\"cs\",\"@id\":\"https:\/\/pustyzleb.cz\/#\/schema\/logo\/image\/\",\"url\":\"https:\/\/pustyzleb.cz\/wp-content\/uploads\/2024\/05\/PZS_LOGO-1.png\",\"contentUrl\":\"https:\/\/pustyzleb.cz\/wp-content\/uploads\/2024\/05\/PZS_LOGO-1.png\",\"width\":250,\"height\":250,\"caption\":\"ZO \u010cSS 6-25 PUST\u00dd \u017dLEB\"},\"image\":{\"@id\":\"https:\/\/pustyzleb.cz\/#\/schema\/logo\/image\/\"},\"sameAs\":[\"https:\/\/www.facebook.com\/pustyzleb\"]}]}<\/script>\n<!-- \/ Yoast SEO plugin. -->","yoast_head_json":{"title":"Ma\u010farsko - ZO \u010cSS 6-25 PUST\u00dd \u017dLEB","robots":{"index":"index","follow":"follow","max-snippet":"max-snippet:-1","max-image-preview":"max-image-preview:large","max-video-preview":"max-video-preview:-1"},"canonical":"https:\/\/pustyzleb.cz\/?page_id=864","og_locale":"cs_CZ","og_type":"article","og_title":"Ma\u010farsko - ZO \u010cSS 6-25 PUST\u00dd \u017dLEB","og_description":"Po \u00fatlumu v\u00fdprav na Slovensko jsme p\u0159em\u00fd\u0161leli, kam bychom mohli jezdit v\u00a0r\u00e1mci voln\u00fdch dn\u00ed na za\u010d\u00e1tku kv\u011btna. V\u00a0roce 2001 jsme se na m\u00edtinku Speleo Austria v\u00a0Bad Mittern\u00addorfu sezn\u00e1mili se skupinkou Ma\u010far\u016f, vedenou dvojic\u00ed N. Fleck a\u00a0T. Haszlinszkym.\u00a0 Domluvili jsme se, \u017ee je pozveme k\u00a0n\u00e1m do Moravsk\u00e9ho krasu a\u00a0oni zase n\u00e1s do Ma\u010farska.\u00a0 Takto vznikly t\u0159i &hellip; Pokra\u010dovat ve \u010dten\u00ed \"Ma\u010farsko\"","og_url":"https:\/\/pustyzleb.cz\/?page_id=864","og_site_name":"ZO \u010cSS 6-25 PUST\u00dd \u017dLEB","article_publisher":"https:\/\/www.facebook.com\/pustyzleb","article_modified_time":"2022-04-10T10:24:58+00:00","og_image":[{"url":"https:\/\/pustyzleb.cz\/wp-content\/uploads\/2022\/04\/Foldvari.jpg"}],"twitter_card":"summary_large_image","twitter_misc":{"Odhadovan\u00e1 doba \u010dten\u00ed":"3 minuty"},"schema":{"@context":"https:\/\/schema.org","@graph":[{"@type":"WebPage","@id":"https:\/\/pustyzleb.cz\/?page_id=864","url":"https:\/\/pustyzleb.cz\/?page_id=864","name":"Ma\u010farsko - ZO \u010cSS 6-25 PUST\u00dd \u017dLEB","isPartOf":{"@id":"https:\/\/pustyzleb.cz\/#website"},"datePublished":"2022-04-08T08:42:17+00:00","dateModified":"2022-04-10T10:24:58+00:00","breadcrumb":{"@id":"https:\/\/pustyzleb.cz\/?page_id=864#breadcrumb"},"inLanguage":"cs","potentialAction":[{"@type":"ReadAction","target":["https:\/\/pustyzleb.cz\/?page_id=864"]}]},{"@type":"BreadcrumbList","@id":"https:\/\/pustyzleb.cz\/?page_id=864#breadcrumb","itemListElement":[{"@type":"ListItem","position":1,"name":"Dom\u016f","item":"https:\/\/pustyzleb.cz\/"},{"@type":"ListItem","position":2,"name":"Zahrani\u010dn\u00ed projekty","item":"https:\/\/pustyzleb.cz\/?page_id=111"},{"@type":"ListItem","position":3,"name":"Ma\u010farsko"}]},{"@type":"WebSite","@id":"https:\/\/pustyzleb.cz\/#website","url":"https:\/\/pustyzleb.cz\/","name":"ZO \u010cSS 6-25 PUST\u00dd \u017dLEB","description":"Pr\u016fzkum jeskyn\u00ed v Moravsk\u00e9m krasu i ve sv\u011bt\u011b","publisher":{"@id":"https:\/\/pustyzleb.cz\/#organization"},"potentialAction":[{"@type":"SearchAction","target":{"@type":"EntryPoint","urlTemplate":"https:\/\/pustyzleb.cz\/?s={search_term_string}"},"query-input":"required name=search_term_string"}],"inLanguage":"cs"},{"@type":"Organization","@id":"https:\/\/pustyzleb.cz\/#organization","name":"ZO \u010cSS 6-25 PUST\u00dd \u017dLEB","url":"https:\/\/pustyzleb.cz\/","logo":{"@type":"ImageObject","inLanguage":"cs","@id":"https:\/\/pustyzleb.cz\/#\/schema\/logo\/image\/","url":"https:\/\/pustyzleb.cz\/wp-content\/uploads\/2024\/05\/PZS_LOGO-1.png","contentUrl":"https:\/\/pustyzleb.cz\/wp-content\/uploads\/2024\/05\/PZS_LOGO-1.png","width":250,"height":250,"caption":"ZO \u010cSS 6-25 PUST\u00dd \u017dLEB"},"image":{"@id":"https:\/\/pustyzleb.cz\/#\/schema\/logo\/image\/"},"sameAs":["https:\/\/www.facebook.com\/pustyzleb"]}]}},"_links":{"self":[{"href":"https:\/\/pustyzleb.cz\/index.php?rest_route=\/wp\/v2\/pages\/864","targetHints":{"allow":["GET"]}}],"collection":[{"href":"https:\/\/pustyzleb.cz\/index.php?rest_route=\/wp\/v2\/pages"}],"about":[{"href":"https:\/\/pustyzleb.cz\/index.php?rest_route=\/wp\/v2\/types\/page"}],"author":[{"embeddable":true,"href":"https:\/\/pustyzleb.cz\/index.php?rest_route=\/wp\/v2\/users\/1"}],"replies":[{"embeddable":true,"href":"https:\/\/pustyzleb.cz\/index.php?rest_route=%2Fwp%2Fv2%2Fcomments&post=864"}],"version-history":[{"count":5,"href":"https:\/\/pustyzleb.cz\/index.php?rest_route=\/wp\/v2\/pages\/864\/revisions"}],"predecessor-version":[{"id":991,"href":"https:\/\/pustyzleb.cz\/index.php?rest_route=\/wp\/v2\/pages\/864\/revisions\/991"}],"up":[{"embeddable":true,"href":"https:\/\/pustyzleb.cz\/index.php?rest_route=\/wp\/v2\/pages\/111"}],"wp:attachment":[{"href":"https:\/\/pustyzleb.cz\/index.php?rest_route=%2Fwp%2Fv2%2Fmedia&parent=864"}],"curies":[{"name":"wp","href":"https:\/\/api.w.org\/{rel}","templated":true}]}}